{"id":9843,"date":"2025-09-10T13:29:26","date_gmt":"2025-09-10T16:29:26","guid":{"rendered":"https:\/\/mportezuelo.cl\/Inicio\/?page_id=9843"},"modified":"2025-10-14T13:29:33","modified_gmt":"2025-10-14T16:29:33","slug":"catalogos-de-proveedores-de-portezuelo","status":"publish","type":"page","link":"https:\/\/mportezuelo.cl\/Inicio\/catalogos-de-proveedores-de-portezuelo\/","title":{"rendered":"Directorio Comercial y Cat\u00e1logo de Emprendedores Portezuelo"},"content":{"rendered":"\t\t<div data-elementor-type=\"wp-page\" data-elementor-id=\"9843\" class=\"elementor elementor-9843\" data-elementor-post-type=\"page\">\n\t\t\t\t<div class=\"elementor-element elementor-element-043762f e-flex e-con-boxed e-con e-parent\" data-id=\"043762f\" data-element_type=\"container\" data-e-type=\"container\" data-settings=\"{&quot;tmea_shape_divider_top&quot;:&quot;none&quot;,&quot;tmea_shape_divider_bottom&quot;:&quot;none&quot;}\">\n\t\t\t\t\t<div class=\"e-con-inner\">\n\t\t\t\t<div class=\"elementor-element elementor-element-c1d4479 elementor-widget elementor-widget-spacer\" data-id=\"c1d4479\" data-element_type=\"widget\" data-e-type=\"widget\" data-widget_type=\"spacer.default\">\n\t\t\t\t<div class=\"elementor-widget-container\">\n\t\t\t\t\t\t\t<div class=\"elementor-spacer\">\n\t\t\t<div class=\"elementor-spacer-inner\"><\/div>\n\t\t<\/div>\n\t\t\t\t\t\t<\/div>\n\t\t\t\t<\/div>\n\t\t\t\t\t<\/div>\n\t\t\t\t<\/div>\n\t\t<div class=\"elementor-element elementor-element-35d856d e-flex e-con-boxed e-con e-parent\" data-id=\"35d856d\" data-element_type=\"container\" data-e-type=\"container\" data-settings=\"{&quot;tmea_shape_divider_top&quot;:&quot;none&quot;,&quot;tmea_shape_divider_bottom&quot;:&quot;none&quot;}\">\n\t\t\t\t\t<div class=\"e-con-inner\">\n\t\t\n\t\t<div class=\"elementor-element elementor-element-d7d4c9c elementor-widget elementor-widget-text-editor\" data-id=\"d7d4c9c\" data-element_type=\"widget\" data-e-type=\"widget\" data-widget_type=\"text-editor.default\">\n\t\t\t\t<div class=\"elementor-widget-container\">\n\t\t\t\t\t\t\t\t\t<p>Ya est\u00e1 disponible para su consulta el \u201c<strong>Directorio Comercial<\/strong>\u201d y el \u201c<strong>Cat\u00e1logo de Proveedores<\/strong>\u201d de Portezuelo, elaborados por el <strong>Departamento de Desarrollo Econ\u00f3mico Local de la Municipalidad de Portezuelo<\/strong> y la empresa <strong>ENGIE<\/strong> respectivamente, este \u00faltimo como parte de la pol\u00edtica de la compa\u00f1\u00eda que busca fomentar la econom\u00eda local y disponer de este cat\u00e1logo de proveedores locales formalizados para las empresas que ejecutan los proyectos en el territorio.<br \/>Por su parte, a trav\u00e9s del <strong>Directorio Comercial<\/strong>, podr\u00e1n encontrar una variedad de rubros y servicios disponibles tales como empresas, emprendimientos, oficios, servicios tur\u00edsticos (restaurantes, locales de comida, vi\u00f1edos), vulcanizaciones, ferreter\u00edas y mucho m\u00e1s, lo que permitir\u00e1 a vecinos\/as y visitantes conocer y contactar f\u00e1cilmente a emprendedores y comerciantes locales.<br \/>Si eres emprendedor, empresario o prestas alg\u00fan servicio en la comuna de Portezuelo, puedes contactarte con el <strong>Departamento de Desarrollo Econ\u00f3mico Local<\/strong> para inscribirte y aparecer en una nueva versi\u00f3n en los pr\u00f3ximos meses.<\/p>\t\t\t\t\t\t\t\t<\/div>\n\t\t\t\t<\/div>\n\t\t\t\t\t<\/div>\n\t\t\t\t<\/div>\n\t\t<div class=\"elementor-element elementor-element-952ff8e e-flex e-con-boxed e-con e-parent\" data-id=\"952ff8e\" data-element_type=\"container\" data-e-type=\"container\" data-settings=\"{&quot;tmea_shape_divider_top&quot;:&quot;none&quot;,&quot;tmea_shape_divider_bottom&quot;:&quot;none&quot;}\">\n\t\t\t\t\t<div class=\"e-con-inner\">\n\t\t\t\t<div class=\"elementor-element elementor-element-129df70 elementor-widget elementor-widget-spacer\" data-id=\"129df70\" data-element_type=\"widget\" data-e-type=\"widget\" data-widget_type=\"spacer.default\">\n\t\t\t\t<div class=\"elementor-widget-container\">\n\t\t\t\t\t\t\t<div class=\"elementor-spacer\">\n\t\t\t<div class=\"elementor-spacer-inner\"><\/div>\n\t\t<\/div>\n\t\t\t\t\t\t<\/div>\n\t\t\t\t<\/div>\n\t\t\t\t\t<\/div>\n\t\t\t\t<\/div>\n\t\t<div class=\"elementor-element elementor-element-05e0030 e-flex e-con-boxed e-con e-parent\" data-id=\"05e0030\" data-element_type=\"container\" data-e-type=\"container\" data-settings=\"{&quot;tmea_shape_divider_top&quot;:&quot;none&quot;,&quot;tmea_shape_divider_bottom&quot;:&quot;none&quot;}\">\n\t\t\t\t\t<div class=\"e-con-inner\">\n\t\t\t\t<div class=\"elementor-element elementor-element-754f4ef elementor-widget elementor-widget-heading\" data-id=\"754f4ef\" data-element_type=\"widget\" data-e-type=\"widget\" data-widget_type=\"heading.default\">\n\t\t\t\t<div class=\"elementor-widget-container\">\n\t\t\t\t\t<h2 class=\"elementor-heading-title elementor-size-default\">Revisar Directorios <\/h2>\t\t\t\t<\/div>\n\t\t\t\t<\/div>\n\t\t\t\t\t<\/div>\n\t\t\t\t<\/div>\n\t\t<div class=\"elementor-element elementor-element-d3cdb58 e-flex e-con-boxed e-con e-parent\" data-id=\"d3cdb58\" data-element_type=\"container\" data-e-type=\"container\" data-settings=\"{&quot;tmea_shape_divider_top&quot;:&quot;none&quot;,&quot;tmea_shape_divider_bottom&quot;:&quot;none&quot;}\">\n\t\t\t\t\t<div class=\"e-con-inner\">\n\t\t<div class=\"elementor-element elementor-element-ecd8de5 e-con-full e-flex e-con e-child\" data-id=\"ecd8de5\" data-element_type=\"container\" data-e-type=\"container\" data-settings=\"{&quot;tmea_shape_divider_top&quot;:&quot;none&quot;,&quot;tmea_shape_divider_bottom&quot;:&quot;none&quot;}\">\n\t\t\t\t<div class=\"elementor-element elementor-element-08a0f91 elementor-widget elementor-widget-image\" data-id=\"08a0f91\" data-element_type=\"widget\" data-e-type=\"widget\" data-widget_type=\"image.default\">\n\t\t\t\t<div class=\"elementor-widget-container\">\n\t\t\t\t\t\t\t\t\t\t\t\t\t\t\t\t<a href=\"https:\/\/mportezuelo.cl\/Inicio\/catalogos-de-proveedores-de-portezuelo-2025\/\">\n\t\t\t\t\t\t\t<img fetchpriority=\"high\" decoding=\"async\" width=\"1024\" height=\"791\" src=\"https:\/\/mportezuelo.cl\/Inicio\/wp-content\/uploads\/2025\/10\/directorio_ago_2025-19-1024x791.jpg\" class=\"attachment-large size-large wp-image-10067\" alt=\"\" srcset=\"https:\/\/mportezuelo.cl\/Inicio\/wp-content\/uploads\/2025\/10\/directorio_ago_2025-19-1024x791.jpg 1024w, https:\/\/mportezuelo.cl\/Inicio\/wp-content\/uploads\/2025\/10\/directorio_ago_2025-19-300x232.jpg 300w, https:\/\/mportezuelo.cl\/Inicio\/wp-content\/uploads\/2025\/10\/directorio_ago_2025-19-768x593.jpg 768w, https:\/\/mportezuelo.cl\/Inicio\/wp-content\/uploads\/2025\/10\/directorio_ago_2025-19-1536x1187.jpg 1536w, https:\/\/mportezuelo.cl\/Inicio\/wp-content\/uploads\/2025\/10\/directorio_ago_2025-19-2048x1583.jpg 2048w\" sizes=\"(max-width: 1024px) 100vw, 1024px\" \/>\t\t\t\t\t\t\t\t<\/a>\n\t\t\t\t\t\t\t\t\t\t\t\t\t\t\t<\/div>\n\t\t\t\t<\/div>\n\t\t\t\t<\/div>\n\t\t<div class=\"elementor-element elementor-element-a154713 e-con-full e-flex e-con e-child\" data-id=\"a154713\" data-element_type=\"container\" data-e-type=\"container\" data-settings=\"{&quot;tmea_shape_divider_top&quot;:&quot;none&quot;,&quot;tmea_shape_divider_bottom&quot;:&quot;none&quot;}\">\n\t\t\t\t<div class=\"elementor-element elementor-element-7e7b067 elementor-widget elementor-widget-image\" data-id=\"7e7b067\" data-element_type=\"widget\" data-e-type=\"widget\" data-widget_type=\"image.default\">\n\t\t\t\t<div class=\"elementor-widget-container\">\n\t\t\t\t\t\t\t\t\t\t\t\t\t\t\t\t<a href=\"https:\/\/mportezuelo.cl\/Inicio\/directorio-comercial-de-portezuelo\/\">\n\t\t\t\t\t\t\t<img decoding=\"async\" width=\"1024\" height=\"791\" src=\"https:\/\/mportezuelo.cl\/Inicio\/wp-content\/uploads\/2025\/10\/directorio_ago_2025-1-1024x791.jpg\" class=\"attachment-large size-large wp-image-10066\" alt=\"\" srcset=\"https:\/\/mportezuelo.cl\/Inicio\/wp-content\/uploads\/2025\/10\/directorio_ago_2025-1-1024x791.jpg 1024w, https:\/\/mportezuelo.cl\/Inicio\/wp-content\/uploads\/2025\/10\/directorio_ago_2025-1-300x232.jpg 300w, https:\/\/mportezuelo.cl\/Inicio\/wp-content\/uploads\/2025\/10\/directorio_ago_2025-1-768x593.jpg 768w, https:\/\/mportezuelo.cl\/Inicio\/wp-content\/uploads\/2025\/10\/directorio_ago_2025-1-1536x1187.jpg 1536w, https:\/\/mportezuelo.cl\/Inicio\/wp-content\/uploads\/2025\/10\/directorio_ago_2025-1-2048x1583.jpg 2048w\" sizes=\"(max-width: 1024px) 100vw, 1024px\" \/>\t\t\t\t\t\t\t\t<\/a>\n\t\t\t\t\t\t\t\t\t\t\t\t\t\t\t<\/div>\n\t\t\t\t<\/div>\n\t\t\t\t<\/div>\n\t\t\t\t\t<\/div>\n\t\t\t\t<\/div>\n\t\t<div class=\"elementor-element elementor-element-45e2923 e-flex e-con-boxed e-con e-parent\" data-id=\"45e2923\" data-element_type=\"container\" data-e-type=\"container\" data-settings=\"{&quot;tmea_shape_divider_top&quot;:&quot;none&quot;,&quot;tmea_shape_divider_bottom&quot;:&quot;none&quot;}\">\n\t\t\t\t\t<div class=\"e-con-inner\">\n\t\t\t\t<div class=\"elementor-element elementor-element-21b9fa5 elementor-widget elementor-widget-spacer\" data-id=\"21b9fa5\" data-element_type=\"widget\" data-e-type=\"widget\" data-widget_type=\"spacer.default\">\n\t\t\t\t<div class=\"elementor-widget-container\">\n\t\t\t\t\t\t\t<div class=\"elementor-spacer\">\n\t\t\t<div class=\"elementor-spacer-inner\"><\/div>\n\t\t<\/div>\n\t\t\t\t\t\t<\/div>\n\t\t\t\t<\/div>\n\t\t\t\t\t<\/div>\n\t\t\t\t<\/div>\n\t\t\t\t<\/div>\n\t\t","protected":false},"excerpt":{"rendered":"<p>Ya est\u00e1 disponible para su consulta el \u201cDirectorio Comercial\u201d y el \u201cCat\u00e1logo de Proveedores\u201d de Portezuelo, elaborados por el Departamento de Desarrollo Econ\u00f3mico Local de la Municipalidad de Portezuelo y la empresa ENGIE respectivamente, este \u00faltimo como parte de la pol\u00edtica de la compa\u00f1\u00eda que busca fomentar la econom\u00eda local y disponer de este cat\u00e1logo [&hellip;]<\/p>\n","protected":false},"author":1,"featured_media":0,"parent":0,"menu_order":0,"comment_status":"closed","ping_status":"closed","template":"elementor_header_footer","meta":{"_monsterinsights_skip_tracking":false,"_monsterinsights_sitenote_active":false,"_monsterinsights_sitenote_note":"","_monsterinsights_sitenote_category":0,"iawp_total_views":191,"footnotes":""},"class_list":["post-9843","page","type-page","status-publish","hentry"],"aioseo_notices":[],"_links":{"self":[{"href":"https:\/\/mportezuelo.cl\/Inicio\/wp-json\/wp\/v2\/pages\/9843","targetHints":{"allow":["GET"]}}],"collection":[{"href":"https:\/\/mportezuelo.cl\/Inicio\/wp-json\/wp\/v2\/pages"}],"about":[{"href":"https:\/\/mportezuelo.cl\/Inicio\/wp-json\/wp\/v2\/types\/page"}],"author":[{"embeddable":true,"href":"https:\/\/mportezuelo.cl\/Inicio\/wp-json\/wp\/v2\/users\/1"}],"replies":[{"embeddable":true,"href":"https:\/\/mportezuelo.cl\/Inicio\/wp-json\/wp\/v2\/comments?post=9843"}],"version-history":[{"count":20,"href":"https:\/\/mportezuelo.cl\/Inicio\/wp-json\/wp\/v2\/pages\/9843\/revisions"}],"predecessor-version":[{"id":10114,"href":"https:\/\/mportezuelo.cl\/Inicio\/wp-json\/wp\/v2\/pages\/9843\/revisions\/10114"}],"wp:attachment":[{"href":"https:\/\/mportezuelo.cl\/Inicio\/wp-json\/wp\/v2\/media?parent=9843"}],"curies":[{"name":"wp","href":"https:\/\/api.w.org\/{rel}","templated":true}]}}