{"id":951,"date":"2022-05-21T10:18:22","date_gmt":"2022-05-21T10:18:22","guid":{"rendered":"https:\/\/modinatheme.com\/dustrix\/?page_id=951"},"modified":"2025-07-17T10:07:49","modified_gmt":"2025-07-17T13:07:49","slug":"our-team","status":"publish","type":"page","link":"https:\/\/mportezuelo.cl\/Inicio\/our-team\/","title":{"rendered":"Nuestro Equipo"},"content":{"rendered":"\t\t<div data-elementor-type=\"wp-page\" data-elementor-id=\"951\" class=\"elementor elementor-951\" data-elementor-post-type=\"page\">\n\t\t\t\t<div class=\"elementor-element elementor-element-950d796 e-flex e-con-boxed e-con e-parent\" data-id=\"950d796\" data-element_type=\"container\" data-e-type=\"container\" data-settings=\"{&quot;tmea_shape_divider_top&quot;:&quot;none&quot;,&quot;tmea_shape_divider_bottom&quot;:&quot;none&quot;}\">\n\t\t\t\t\t<div class=\"e-con-inner\">\n\t\t\t\t<div class=\"elementor-element elementor-element-4c91860 elementor-widget elementor-widget-spacer\" data-id=\"4c91860\" data-element_type=\"widget\" data-e-type=\"widget\" data-widget_type=\"spacer.default\">\n\t\t\t\t<div class=\"elementor-widget-container\">\n\t\t\t\t\t\t\t<div class=\"elementor-spacer\">\n\t\t\t<div class=\"elementor-spacer-inner\"><\/div>\n\t\t<\/div>\n\t\t\t\t\t\t<\/div>\n\t\t\t\t<\/div>\n\t\t\t\t\t<\/div>\n\t\t\t\t<\/div>\n\t\t<div class=\"elementor-element elementor-element-93e7cbf e-flex e-con-boxed e-con e-parent\" data-id=\"93e7cbf\" data-element_type=\"container\" data-e-type=\"container\" data-settings=\"{&quot;tmea_shape_divider_top&quot;:&quot;none&quot;,&quot;tmea_shape_divider_bottom&quot;:&quot;none&quot;}\">\n\t\t\t\t\t<div class=\"e-con-inner\">\n\t\t\t\t<div class=\"elementor-element elementor-element-49ee432 elementor-widget elementor-widget-heading\" data-id=\"49ee432\" data-element_type=\"widget\" data-e-type=\"widget\" data-widget_type=\"heading.default\">\n\t\t\t\t<div class=\"elementor-widget-container\">\n\t\t\t\t\t<h1 class=\"elementor-heading-title elementor-size-default\">Directivos Municipalidad de Portezuelo<\/h1>\t\t\t\t<\/div>\n\t\t\t\t<\/div>\n\t\t\t\t\t<\/div>\n\t\t\t\t<\/div>\n\t\t\t\t<section class=\"elementor-section elementor-top-section elementor-element elementor-element-e523dba elementor-section-boxed elementor-section-height-default elementor-section-height-default\" data-id=\"e523dba\" data-element_type=\"section\" data-e-type=\"section\" data-settings=\"{&quot;background_background&quot;:&quot;classic&quot;,&quot;tmea_shape_divider_top&quot;:&quot;none&quot;,&quot;tmea_shape_divider_bottom&quot;:&quot;none&quot;}\">\n\t\t\t\t\t\t<div class=\"elementor-container elementor-column-gap-default\">\n\t\t\t\t\t<div class=\"elementor-column elementor-col-100 elementor-top-column elementor-element elementor-element-3724e67\" data-id=\"3724e67\" data-element_type=\"column\" data-e-type=\"column\">\n\t\t\t<div class=\"elementor-widget-wrap elementor-element-populated\">\n\t\t\t\t\n\t\t<div class=\"elementor-element elementor-element-535fcb5 elementor-widget elementor-widget-modina_team\" data-id=\"535fcb5\" data-element_type=\"widget\" data-e-type=\"widget\" data-widget_type=\"modina_team.default\">\n\t\t\t\t<div class=\"elementor-widget-container\">\n\t\t\t\t\t<div class=\"row\">\r\n \r\n    <div class=\"col-xl-4 col-md-6 col-12\">\r\n        <div class=\"single-team-member bg-cover  active \" style=\"background-image: url('https:\/\/mportezuelo.cl\/Inicio\/wp-content\/uploads\/2024\/12\/administrador2-scaled.jpg')\">\r\n            <div class=\"member-details\">                            \r\n                <span>Administrador<\/span>\r\n                <h3>Eduardo Riquelme Quinteros<\/h3>\r\n            <\/div>\r\n            <div class=\"social-icons\">\r\n                <div class=\"plus-icon\"><i class=\"fal fa-plus\"><\/i><\/div>\r\n                <div class=\"top\">\r\n                                        <a href=\"#\"><i class=\"fab fa-facebook-f\"><\/i><\/a>\r\n                     \r\n                     \r\n                     \r\n                <\/div>\r\n                <div class=\"right\">\r\n                     \r\n                     \r\n                        \r\n                                        <a href=\"#\"><i class=\"fab fa-whatsapp\"><\/i><\/a>\r\n                                    <\/div>\r\n            <\/div>                      \r\n        <\/div>                    \r\n    <\/div>\r\n     \r\n    <div class=\"col-xl-4 col-md-6 col-12\">\r\n        <div class=\"single-team-member bg-cover  active \" style=\"background-image: url('https:\/\/mportezuelo.cl\/Inicio\/wp-content\/uploads\/2024\/12\/Secretario.jpg')\">\r\n            <div class=\"member-details\">                            \r\n                <span>Secretario Municipal <\/span>\r\n                <h3>Ren\u00e9 Schuffeneger Salas<\/h3>\r\n            <\/div>\r\n            <div class=\"social-icons\">\r\n                <div class=\"plus-icon\"><i class=\"fal fa-plus\"><\/i><\/div>\r\n                <div class=\"top\">\r\n                                        <a href=\"#\"><i class=\"fab fa-facebook-f\"><\/i><\/a>\r\n                     \r\n                     \r\n                     \r\n                <\/div>\r\n                <div class=\"right\">\r\n                     \r\n                     \r\n                        \r\n                                        <a href=\"#\"><i class=\"fab fa-whatsapp\"><\/i><\/a>\r\n                                    <\/div>\r\n            <\/div>                      \r\n        <\/div>                    \r\n    <\/div>\r\n     \r\n    <div class=\"col-xl-4 col-md-6 col-12\">\r\n        <div class=\"single-team-member bg-cover  active \" style=\"background-image: url('https:\/\/mportezuelo.cl\/Inicio\/wp-content\/uploads\/2024\/05\/DSC01446-scaled.jpg')\">\r\n            <div class=\"member-details\">                            \r\n                <span>Directora Administraci\u00f3n y Finanzas<\/span>\r\n                <h3>Pamela Hern\u00e1ndez Arriagada<\/h3>\r\n            <\/div>\r\n            <div class=\"social-icons\">\r\n                <div class=\"plus-icon\"><i class=\"fal fa-plus\"><\/i><\/div>\r\n                <div class=\"top\">\r\n                                        <a href=\"#\"><i class=\"fab fa-facebook-f\"><\/i><\/a>\r\n                     \r\n                     \r\n                     \r\n                <\/div>\r\n                <div class=\"right\">\r\n                     \r\n                     \r\n                        \r\n                                        <a href=\"#\"><i class=\"fab fa-whatsapp\"><\/i><\/a>\r\n                                    <\/div>\r\n            <\/div>                      \r\n        <\/div>                    \r\n    <\/div>\r\n     \r\n    <div class=\"col-xl-4 col-md-6 col-12\">\r\n        <div class=\"single-team-member bg-cover  active \" style=\"background-image: url('https:\/\/mportezuelo.cl\/Inicio\/wp-content\/uploads\/2024\/12\/DIDECO-2-scaled.jpg')\">\r\n            <div class=\"member-details\">                            \r\n                <span>Director Desarrollo Comunitario <\/span>\r\n                <h3>Elizabeth Umanzor Sep\u00falveda<\/h3>\r\n            <\/div>\r\n            <div class=\"social-icons\">\r\n                <div class=\"plus-icon\"><i class=\"fal fa-plus\"><\/i><\/div>\r\n                <div class=\"top\">\r\n                                        <a href=\"#\"><i class=\"fab fa-facebook-f\"><\/i><\/a>\r\n                     \r\n                     \r\n                     \r\n                <\/div>\r\n                <div class=\"right\">\r\n                     \r\n                     \r\n                        \r\n                                        <a href=\"#\"><i class=\"fab fa-whatsapp\"><\/i><\/a>\r\n                                    <\/div>\r\n            <\/div>                      \r\n        <\/div>                    \r\n    <\/div>\r\n     \r\n    <div class=\"col-xl-4 col-md-6 col-12\">\r\n        <div class=\"single-team-member bg-cover \" style=\"background-image: url('')\">\r\n            <div class=\"member-details\">                            \r\n                <span>Director Secretar\u00eda Comunal de Planificaci\u00f3n<\/span>\r\n                <h3>Victor Chavez<\/h3>\r\n            <\/div>\r\n            <div class=\"social-icons\">\r\n                <div class=\"plus-icon\"><i class=\"fal fa-plus\"><\/i><\/div>\r\n                <div class=\"top\">\r\n                                        <a href=\"#\"><i class=\"fab fa-facebook-f\"><\/i><\/a>\r\n                     \r\n                     \r\n                     \r\n                <\/div>\r\n                <div class=\"right\">\r\n                     \r\n                     \r\n                        \r\n                                        <a href=\"#\"><i class=\"fab fa-whatsapp\"><\/i><\/a>\r\n                                    <\/div>\r\n            <\/div>                      \r\n        <\/div>                    \r\n    <\/div>\r\n     \r\n    <div class=\"col-xl-4 col-md-6 col-12\">\r\n        <div class=\"single-team-member bg-cover \" style=\"background-image: url('https:\/\/mportezuelo.cl\/Inicio\/wp-content\/uploads\/2025\/02\/aravena.jpg')\">\r\n            <div class=\"member-details\">                            \r\n                <span>Director Seguridad P\u00fablica<\/span>\r\n                <h3>Juan Pablo Aravena<\/h3>\r\n            <\/div>\r\n            <div class=\"social-icons\">\r\n                <div class=\"plus-icon\"><i class=\"fal fa-plus\"><\/i><\/div>\r\n                <div class=\"top\">\r\n                                        <a href=\"#\"><i class=\"fab fa-facebook-f\"><\/i><\/a>\r\n                     \r\n                     \r\n                     \r\n                <\/div>\r\n                <div class=\"right\">\r\n                     \r\n                     \r\n                        \r\n                                        <a href=\"#\"><i class=\"fab fa-whatsapp\"><\/i><\/a>\r\n                                    <\/div>\r\n            <\/div>                      \r\n        <\/div>                    \r\n    <\/div>\r\n     \r\n    <div class=\"col-xl-4 col-md-6 col-12\">\r\n        <div class=\"single-team-member bg-cover  active \" style=\"background-image: url('https:\/\/mportezuelo.cl\/Inicio\/wp-content\/uploads\/2024\/05\/JUAN-PABLO-SANTOS-scaled.jpg')\">\r\n            <div class=\"member-details\">                            \r\n                <span>Director de Control Interno <\/span>\r\n                <h3>Juan Pablo Santos<\/h3>\r\n            <\/div>\r\n            <div class=\"social-icons\">\r\n                <div class=\"plus-icon\"><i class=\"fal fa-plus\"><\/i><\/div>\r\n                <div class=\"top\">\r\n                                        <a href=\"#\"><i class=\"fab fa-facebook-f\"><\/i><\/a>\r\n                     \r\n                     \r\n                     \r\n                <\/div>\r\n                <div class=\"right\">\r\n                     \r\n                     \r\n                        \r\n                                        <a href=\"#\"><i class=\"fab fa-whatsapp\"><\/i><\/a>\r\n                                    <\/div>\r\n            <\/div>                      \r\n        <\/div>                    \r\n    <\/div>\r\n     \r\n    <div class=\"col-xl-4 col-md-6 col-12\">\r\n        <div class=\"single-team-member bg-cover \" style=\"background-image: url('https:\/\/mportezuelo.cl\/Inicio\/wp-content\/uploads\/2024\/05\/HERNAN-LIZAMA-scaled.jpg')\">\r\n            <div class=\"member-details\">                            \r\n                <span>Direcci\u00f3n de Obras Municipales<\/span>\r\n                <h3>Hernan Lizama Ganga<\/h3>\r\n            <\/div>\r\n            <div class=\"social-icons\">\r\n                <div class=\"plus-icon\"><i class=\"fal fa-plus\"><\/i><\/div>\r\n                <div class=\"top\">\r\n                                        <a href=\"#\"><i class=\"fab fa-facebook-f\"><\/i><\/a>\r\n                     \r\n                     \r\n                     \r\n                <\/div>\r\n                <div class=\"right\">\r\n                     \r\n                     \r\n                        \r\n                                        <a href=\"#\"><i class=\"fab fa-whatsapp\"><\/i><\/a>\r\n                                    <\/div>\r\n            <\/div>                      \r\n        <\/div>                    \r\n    <\/div>\r\n    <\/div>\t\t\t\t<\/div>\n\t\t\t\t<\/div>\n\t\t\t\t\t<\/div>\n\t\t<\/div>\n\t\t\t\t\t<\/div>\n\t\t<\/section>\n\t\t\t\t<section class=\"elementor-section elementor-top-section elementor-element elementor-element-4a2f89d elementor-section-boxed elementor-section-height-default elementor-section-height-default\" data-id=\"4a2f89d\" data-element_type=\"section\" data-e-type=\"section\" data-settings=\"{&quot;tmea_shape_divider_top&quot;:&quot;none&quot;,&quot;tmea_shape_divider_bottom&quot;:&quot;none&quot;}\">\n\t\t\t\t\t\t<div class=\"elementor-container elementor-column-gap-no\">\n\t\t\t\t\t<div class=\"elementor-column elementor-col-100 elementor-top-column elementor-element elementor-element-75d3838\" data-id=\"75d3838\" data-element_type=\"column\" data-e-type=\"column\" data-settings=\"{&quot;background_background&quot;:&quot;classic&quot;}\">\n\t\t\t<div class=\"elementor-widget-wrap elementor-element-populated\">\n\t\t\t\t\t<div class=\"elementor-background-overlay\"><\/div>\n\t\t\t\t\t\t<section class=\"elementor-section elementor-inner-section elementor-element elementor-element-de52481 elementor-section-boxed elementor-section-height-default elementor-section-height-default\" data-id=\"de52481\" data-element_type=\"section\" data-e-type=\"section\" data-settings=\"{&quot;tmea_shape_divider_top&quot;:&quot;none&quot;,&quot;tmea_shape_divider_bottom&quot;:&quot;none&quot;}\">\n\t\t\t\t\t\t<div class=\"elementor-container elementor-column-gap-default\">\n\t\t\t\t\t<div class=\"elementor-column elementor-col-50 elementor-inner-column elementor-element elementor-element-852d5f8\" data-id=\"852d5f8\" data-element_type=\"column\" data-e-type=\"column\">\n\t\t\t<div class=\"elementor-widget-wrap elementor-element-populated\">\n\t\t\t\t\t\t<div class=\"elementor-element elementor-element-86b12c2 elementor-widget-tablet__width-inherit elementor-widget elementor-widget-image\" data-id=\"86b12c2\" data-element_type=\"widget\" data-e-type=\"widget\" data-widget_type=\"image.default\">\n\t\t\t\t<div class=\"elementor-widget-container\">\n\t\t\t\t\t\t\t\t\t\t\t\t\t\t\t<img fetchpriority=\"high\" decoding=\"async\" width=\"1280\" height=\"960\" src=\"https:\/\/mportezuelo.cl\/Inicio\/wp-content\/uploads\/2024\/05\/4.jpg\" class=\"attachment-full size-full wp-image-2171\" alt=\"\" srcset=\"https:\/\/mportezuelo.cl\/Inicio\/wp-content\/uploads\/2024\/05\/4.jpg 1280w, https:\/\/mportezuelo.cl\/Inicio\/wp-content\/uploads\/2024\/05\/4-300x225.jpg 300w, https:\/\/mportezuelo.cl\/Inicio\/wp-content\/uploads\/2024\/05\/4-1024x768.jpg 1024w, https:\/\/mportezuelo.cl\/Inicio\/wp-content\/uploads\/2024\/05\/4-768x576.jpg 768w\" sizes=\"(max-width: 1280px) 100vw, 1280px\" \/>\t\t\t\t\t\t\t\t\t\t\t\t\t\t\t<\/div>\n\t\t\t\t<\/div>\n\t\t\t\t\t<\/div>\n\t\t<\/div>\n\t\t\t\t<div class=\"elementor-column elementor-col-50 elementor-inner-column elementor-element elementor-element-073978b\" data-id=\"073978b\" data-element_type=\"column\" data-e-type=\"column\">\n\t\t\t<div class=\"elementor-widget-wrap elementor-element-populated\">\n\t\t\t\t\t\t<div class=\"elementor-element elementor-element-740d55c elementor-widget elementor-widget-modina_section_title\" data-id=\"740d55c\" data-element_type=\"widget\" data-e-type=\"widget\" data-widget_type=\"modina_section_title.default\">\n\t\t\t\t<div class=\"elementor-widget-container\">\n\t\t\t\t\t        <div class=\"section-title text-start\">\r\n        <span><\/span>\r\n        <p>SECPLAN<\/p>\r\n        <h2>Nueva sede Sector Buenos Aires<\/h2>\r\n    <\/div>\r\n    \r\n    \r\n        \t\t\t\t<\/div>\n\t\t\t\t<\/div>\n\t\t\t\t<div class=\"elementor-element elementor-element-05e1f36 elementor-widget elementor-widget-heading\" data-id=\"05e1f36\" data-element_type=\"widget\" data-e-type=\"widget\" data-widget_type=\"heading.default\">\n\t\t\t\t<div class=\"elementor-widget-container\">\n\t\t\t\t\t<h4 class=\"elementor-heading-title elementor-size-default\"><a href=\"https:\/\/www.instagram.com\/muniportezuelo\/p\/CzwMGC1ucrW\/?img_index=1\">En noviembre de 2023 se realiz\u00f3 la inauguraci\u00f3n de la nueva sede en el sector Buenos Aires. \n M\u00e1s Informaci\u00f3n.. <\/a><\/h4>\t\t\t\t<\/div>\n\t\t\t\t<\/div>\n\t\t\t\t<div class=\"elementor-element elementor-element-2c1af32 elementor-widget elementor-widget-modina_skillbar\" data-id=\"2c1af32\" data-element_type=\"widget\" data-e-type=\"widget\" data-widget_type=\"modina_skillbar.default\">\n\t\t\t\t<div class=\"elementor-widget-container\">\n\t\t\t\t\t        <div class=\"skill-wrapper\">\r\n         \r\n            <div class=\"single-progress-bar\">\r\n                <div class=\"title justify-content-between d-flex align-items-center\">\r\n                    <h5>Construction<\/h5>\r\n                    <span class=\"wow fadeInLeft\" data-wow-duration=\"1.5s\" data-wow-delay=\"1s\">100%<\/span>\r\n                <\/div>\r\n                <div class=\"progress\">\r\n                    <div class=\"progress-bar wow fadeInLeft\" data-wow-duration=\"2s\" data-wow-delay=\".1s\" role=\"progressbar\" style=\"width: 100%;\"><\/div>\r\n                <\/div>\r\n            <\/div>\r\n             \r\n            <div class=\"single-progress-bar\">\r\n                <div class=\"title justify-content-between d-flex align-items-center\">\r\n                    <h5>Gestiones<\/h5>\r\n                    <span class=\"wow fadeInLeft\" data-wow-duration=\"1.5s\" data-wow-delay=\"1s\">99%<\/span>\r\n                <\/div>\r\n                <div class=\"progress\">\r\n                    <div class=\"progress-bar wow fadeInLeft\" data-wow-duration=\"2s\" data-wow-delay=\".1s\" role=\"progressbar\" style=\"width: 99%;\"><\/div>\r\n                <\/div>\r\n            <\/div>\r\n                    <\/div>\r\n    \t\t\t\t<\/div>\n\t\t\t\t<\/div>\n\t\t\t\t\t<\/div>\n\t\t<\/div>\n\t\t\t\t\t<\/div>\n\t\t<\/section>\n\t\t\t\t\t<\/div>\n\t\t<\/div>\n\t\t\t\t\t<\/div>\n\t\t<\/section>\n\t\t\t\t<section class=\"elementor-section elementor-top-section elementor-element elementor-element-d36997a elementor-section-boxed elementor-section-height-default elementor-section-height-default\" data-id=\"d36997a\" data-element_type=\"section\" data-e-type=\"section\" data-settings=\"{&quot;tmea_shape_divider_top&quot;:&quot;none&quot;,&quot;tmea_shape_divider_bottom&quot;:&quot;none&quot;}\">\n\t\t\t\t\t\t<div class=\"elementor-container elementor-column-gap-default\">\n\t\t\t\t\t<div class=\"elementor-column elementor-col-100 elementor-top-column elementor-element elementor-element-acb6cae\" data-id=\"acb6cae\" data-element_type=\"column\" data-e-type=\"column\">\n\t\t\t<div class=\"elementor-widget-wrap elementor-element-populated\">\n\t\t\t\t\t\t<div class=\"elementor-element elementor-element-f93d8b0 elementor-widget elementor-widget-modina_project_showcase_carousel\" data-id=\"f93d8b0\" data-element_type=\"widget\" data-e-type=\"widget\" data-widget_type=\"modina_project_showcase_carousel.default\">\n\t\t\t\t<div class=\"elementor-widget-container\">\n\t\t\t\t\t    <div class=\"project-wrapper\">\r\n        <div class=\"portfolio-carousel-active carousel-212 owl-carousel\">\r\n                    <div class=\"single-project\">\r\n                <div class=\"project-contents\">\r\n                    <div class=\"row\">\r\n                        <div class=\"project-details col-lg-4 offset-lg-1 ps-lg-0 order-2 order-lg-1 col-12\">\r\n                            <div class=\"project-meta\">\r\n                                <span class=\"project-cat\">SECPLAN<\/span>\r\n                                <div class=\"client-info d-inline\">\r\n                                    <span><i class=\"fal fa-user\"><\/i> Client :<\/span> Proyectos en ejecuci\u00f3n                                <\/div>\r\n                            <\/div>\r\n                            <h2>Dise\u00f1o construcci\u00f3n 20 Viviendas Tuteladas<\/h2>\r\n                            <p>La iniciativa considera el dise\u00f1o de arquitectura e Ingenier\u00eda con sus respectivas especialidades, urbanizaci\u00f3n, paisajismo y todas las factibilidades, requerimientos t\u00e9cnicos, incluyendo el an\u00e1lisis de precio unitario (APU) y mec\u00e1nica de suelo, para la ejecuci\u00f3n de un conjunto de 20 viviendas tuteladas. <\/p>\r\n                                                        <a href=\"https:\/\/mportezuelo.cl\/Inicio\/diseno-construccion-20-viviendas-tuteladas\/\"   class=\"read-btn theme-btn\">M\u00e1s Detalles <i class=\"fal fa-long-arrow-right\"><\/i><\/a>\r\n                                                    <\/div>\r\n                        <div class=\"project-thumbnail col-lg-5 offset-lg-1 p-lg-0 order-1 order-lg-2 col-12\">\r\n                            <a href=\"https:\/\/mportezuelo.cl\/Inicio\/wp-content\/uploads\/2024\/05\/Port_rev003_.00009.jpg\" class=\"popup-gallery bg-cover\" style=\"background-image: url('https:\/\/mportezuelo.cl\/Inicio\/wp-content\/uploads\/2024\/05\/Port_rev003_.00009.jpg')\"><\/a>\r\n                        <\/div>\r\n                    <\/div>\r\n                <\/div>\r\n            <\/div>\r\n                        <div class=\"single-project\">\r\n                <div class=\"project-contents\">\r\n                    <div class=\"row\">\r\n                        <div class=\"project-details col-lg-4 offset-lg-1 ps-lg-0 order-2 order-lg-1 col-12\">\r\n                            <div class=\"project-meta\">\r\n                                <span class=\"project-cat\">Proyectos en Ejecuci\u00f3n<\/span>\r\n                                <div class=\"client-info d-inline\">\r\n                                    <span><i class=\"fal fa-user\"><\/i> Client :<\/span> SECPLAN                                <\/div>\r\n                            <\/div>\r\n                            <h2>Construcci\u00f3n Centro Comunitario De Cuidados Y Protecci\u00f3n.<\/h2>\r\n                            <p>La iniciativa corresponde a la construcci\u00f3n de un centro comunitario de cuidados y protecci\u00f3n, Programa piloto en la regi\u00f3n de \u00d1uble, que beneficia a la comuna de Portezuelo a trav\u00e9s de recursos provenientes del Ministerio de Vivienda y Urbanismo, asigna directamente subsidio del Programa habitabilidad rural del D.S n\u00b010 (V. Y U.), de 2015 destinado a la construcci\u00f3n del centro comunitario de cuidados y protecci\u00f3n, en la comuna de Portezuelo.\nFINANCIAMIENTO TOTAL = 10.311 UF $381.507.000.- \nFuente de Financiamiento SERVIU<\/p>\r\n                                                    <\/div>\r\n                        <div class=\"project-thumbnail col-lg-5 offset-lg-1 p-lg-0 order-1 order-lg-2 col-12\">\r\n                            <a href=\"https:\/\/mportezuelo.cl\/Inicio\/wp-content\/uploads\/2024\/05\/342335759_1204112616937727_3966494814006998884_n.jpg\" class=\"popup-gallery bg-cover\" style=\"background-image: url('https:\/\/mportezuelo.cl\/Inicio\/wp-content\/uploads\/2024\/05\/342335759_1204112616937727_3966494814006998884_n.jpg')\"><\/a>\r\n                        <\/div>\r\n                    <\/div>\r\n                <\/div>\r\n            <\/div>\r\n                    <\/div>\r\n\r\n        <div class=\"project-carousel-nav\"><\/div>\r\n    <\/div>\r\n\r\n    <script>\r\n        (function ( $ ) {\r\n            \"use strict\";\r\n            $(document).ready( function() {\r\n               \r\n                if( $('.portfolio-carousel-active.carousel-212').length > 0) {\r\n                    $('.portfolio-carousel-active.carousel-212').owlCarousel({                        \r\n                        items: 1,     \r\n                        dots: false,\r\n                        loop: true,\r\n                        autoplayTimeout: 8000,\r\n                        autoplay: true,\r\n                        nav: true,\r\n                        navText: ['<i class=\"fal fa-long-arrow-left\"><\/i>', '<i class=\"fal fa-long-arrow-right\"><\/i>'],\r\n                        navContainer: '.project-wrapper .project-carousel-nav',   \r\n                    });\r\n                }\r\n\r\n            });\r\n        }( jQuery ));\r\n    <\/script>\r\n\r\n    \t\t\t\t<\/div>\n\t\t\t\t<\/div>\n\t\t\t\t\t<\/div>\n\t\t<\/div>\n\t\t\t\t\t<\/div>\n\t\t<\/section>\n\t\t\t\t<\/div>\n\t\t","protected":false},"excerpt":{"rendered":"<p>Directivos Municipalidad de Portezuelo Administrador Eduardo Riquelme Quinteros Secretario Municipal Ren\u00e9 Schuffeneger Salas Directora Administraci\u00f3n y Finanzas Pamela Hern\u00e1ndez Arriagada Director Desarrollo Comunitario Elizabeth Umanzor Sep\u00falveda Director Secretar\u00eda Comunal de Planificaci\u00f3n Victor Chavez Director Seguridad P\u00fablica Juan Pablo Aravena Director de Control Interno Juan Pablo Santos Direcci\u00f3n de Obras Municipales Hernan Lizama Ganga SECPLAN Nueva [&hellip;]<\/p>\n","protected":false},"author":1,"featured_media":0,"parent":0,"menu_order":0,"comment_status":"closed","ping_status":"closed","template":"elementor_header_footer","meta":{"_monsterinsights_skip_tracking":false,"_monsterinsights_sitenote_active":false,"_monsterinsights_sitenote_note":"","_monsterinsights_sitenote_category":0,"iawp_total_views":1158,"footnotes":""},"class_list":["post-951","page","type-page","status-publish","hentry"],"aioseo_notices":[],"_links":{"self":[{"href":"https:\/\/mportezuelo.cl\/Inicio\/wp-json\/wp\/v2\/pages\/951","targetHints":{"allow":["GET"]}}],"collection":[{"href":"https:\/\/mportezuelo.cl\/Inicio\/wp-json\/wp\/v2\/pages"}],"about":[{"href":"https:\/\/mportezuelo.cl\/Inicio\/wp-json\/wp\/v2\/types\/page"}],"author":[{"embeddable":true,"href":"https:\/\/mportezuelo.cl\/Inicio\/wp-json\/wp\/v2\/users\/1"}],"replies":[{"embeddable":true,"href":"https:\/\/mportezuelo.cl\/Inicio\/wp-json\/wp\/v2\/comments?post=951"}],"version-history":[{"count":107,"href":"https:\/\/mportezuelo.cl\/Inicio\/wp-json\/wp\/v2\/pages\/951\/revisions"}],"predecessor-version":[{"id":9468,"href":"https:\/\/mportezuelo.cl\/Inicio\/wp-json\/wp\/v2\/pages\/951\/revisions\/9468"}],"wp:attachment":[{"href":"https:\/\/mportezuelo.cl\/Inicio\/wp-json\/wp\/v2\/media?parent=951"}],"curies":[{"name":"wp","href":"https:\/\/api.w.org\/{rel}","templated":true}]}}