{"id":9475,"date":"2025-07-22T10:31:36","date_gmt":"2025-07-22T13:31:36","guid":{"rendered":"https:\/\/mportezuelo.cl\/Inicio\/?page_id=9475"},"modified":"2026-03-05T08:59:59","modified_gmt":"2026-03-05T11:59:59","slug":"reserva-de-horas","status":"publish","type":"page","link":"https:\/\/mportezuelo.cl\/Inicio\/reserva-de-horas\/","title":{"rendered":"Reserva de Horas"},"content":{"rendered":"\t\t<div data-elementor-type=\"wp-page\" data-elementor-id=\"9475\" class=\"elementor elementor-9475\" data-elementor-post-type=\"page\">\n\t\t\t\t<div class=\"elementor-element elementor-element-8e8136a e-flex e-con-boxed e-con e-parent\" data-id=\"8e8136a\" data-element_type=\"container\" data-e-type=\"container\" data-settings=\"{&quot;tmea_shape_divider_top&quot;:&quot;none&quot;,&quot;tmea_shape_divider_bottom&quot;:&quot;none&quot;}\">\n\t\t\t\t\t<div class=\"e-con-inner\">\n\t\t\t\t<div class=\"elementor-element elementor-element-a8c801c elementor-widget elementor-widget-heading\" data-id=\"a8c801c\" data-element_type=\"widget\" data-e-type=\"widget\" data-widget_type=\"heading.default\">\n\t\t\t\t<div class=\"elementor-widget-container\">\n\t\t\t\t\t<h2 class=\"elementor-heading-title elementor-size-default\">Formulario de solicitud de hora para Licencia de Conducir.<\/h2>\t\t\t\t<\/div>\n\t\t\t\t<\/div>\n\t\t\t\t\t<\/div>\n\t\t\t\t<\/div>\n\t\t<div class=\"elementor-element elementor-element-703cae0 e-flex e-con-boxed e-con e-parent\" data-id=\"703cae0\" data-element_type=\"container\" data-e-type=\"container\" data-settings=\"{&quot;tmea_shape_divider_top&quot;:&quot;none&quot;,&quot;tmea_shape_divider_bottom&quot;:&quot;none&quot;}\">\n\t\t\t\t\t<div class=\"e-con-inner\">\n\t\t<div class=\"elementor-element elementor-element-e5061e6 e-con-full e-flex e-con e-child\" data-id=\"e5061e6\" data-element_type=\"container\" data-e-type=\"container\" data-settings=\"{&quot;tmea_shape_divider_top&quot;:&quot;none&quot;,&quot;tmea_shape_divider_bottom&quot;:&quot;none&quot;}\">\n\t\t\t\t<div class=\"elementor-element elementor-element-5b0a5b6 elementor-widget elementor-widget-image\" data-id=\"5b0a5b6\" data-element_type=\"widget\" data-e-type=\"widget\" data-widget_type=\"image.default\">\n\t\t\t\t<div class=\"elementor-widget-container\">\n\t\t\t\t\t\t\t\t\t\t\t\t\t\t\t<img fetchpriority=\"high\" decoding=\"async\" width=\"259\" height=\"259\" src=\"https:\/\/mportezuelo.cl\/Inicio\/wp-content\/uploads\/2025\/07\/licencia-formatos-2024-1.png\" class=\"attachment-large size-large wp-image-9517\" alt=\"\" srcset=\"https:\/\/mportezuelo.cl\/Inicio\/wp-content\/uploads\/2025\/07\/licencia-formatos-2024-1.png 259w, https:\/\/mportezuelo.cl\/Inicio\/wp-content\/uploads\/2025\/07\/licencia-formatos-2024-1-150x150.png 150w\" sizes=\"(max-width: 259px) 100vw, 259px\" \/>\t\t\t\t\t\t\t\t\t\t\t\t\t\t\t<\/div>\n\t\t\t\t<\/div>\n\t\t\t\t<\/div>\n\t\t<div class=\"elementor-element elementor-element-fe00a4d e-con-full e-flex e-con e-child\" data-id=\"fe00a4d\" data-element_type=\"container\" data-e-type=\"container\" data-settings=\"{&quot;tmea_shape_divider_top&quot;:&quot;none&quot;,&quot;tmea_shape_divider_bottom&quot;:&quot;none&quot;}\">\n\t\t\n\t\t<div class=\"elementor-element elementor-element-2043ee0 elementor-widget elementor-widget-text-editor\" data-id=\"2043ee0\" data-element_type=\"widget\" data-e-type=\"widget\" data-widget_type=\"text-editor.default\">\n\t\t\t\t<div class=\"elementor-widget-container\">\n\t\t\t\t\t\t\t\t\t<p><strong><span style=\"color: #ff0000;\">Importante:<\/span>\u00a0<span style=\"color: #000000;\"> <em>Para tr\u00e1mites de renovaci\u00f3n se puede mantener domicilio de otra comuna indicado en la licencia anterior. <\/em><\/span><\/strong><\/p><p><strong><span style=\"color: #000000;\"><em>Para tr\u00e1mites de renovaci\u00f3n con cambio de domicilio, el nuevo domicilio debe pertenecer a la comuna de Portezuelo, R\u00e1nquil o Ninhue <span style=\"color: #0000ff;\">(Indicar en observaciones<\/span>).<\/em><\/span><\/strong><\/p><p><strong><span style=\"color: #000000;\"><em>Para primera licencia el domicilio debe pertenecer a la comuna de Portezuelo, R\u00e1nquil o Ninhue <span style=\"color: #0000ff;\">(Indicar en observaciones)<\/span>.<\/em><\/span><\/strong><\/p>\t\t\t\t\t\t\t\t<\/div>\n\t\t\t\t<\/div>\n\t\t\t\t<\/div>\n\t\t\t\t\t<\/div>\n\t\t\t\t<\/div>\n\t\t<div class=\"elementor-element elementor-element-bc6ad27 e-flex e-con-boxed e-con e-parent\" data-id=\"bc6ad27\" data-element_type=\"container\" data-e-type=\"container\" data-settings=\"{&quot;tmea_shape_divider_top&quot;:&quot;none&quot;,&quot;tmea_shape_divider_bottom&quot;:&quot;none&quot;}\">\n\t\t\t\t\t<div class=\"e-con-inner\">\n\t\t\t\t<div class=\"elementor-element elementor-element-f8cd8ae elementor-widget elementor-widget-text-editor\" data-id=\"f8cd8ae\" data-element_type=\"widget\" data-e-type=\"widget\" data-widget_type=\"text-editor.default\">\n\t\t\t\t<div class=\"elementor-widget-container\">\n\t\t\t\t\t\t\t\t\t<p><style>\na {\n    text-decoration: none;\n    color: #464feb;\n}\ntr th, tr td {\n    border: 1px solid #e6e6e6;\n}\ntr th {\n    background-color: #f5f5f5;\n}\n<\/style><\/p><div>Para la reserva de horas, solo se podr\u00e1 solicitar una cita para obtener la licencia de conducir a trav\u00e9s de este formulario o de manera presencial. Se recuerda que el <span style=\"color: #ff0000;\"><strong>&#8220;TR\u00c1MITE ES PERSONAL&#8221;.\u00a0<\/strong><\/span><\/div>\t\t\t\t\t\t\t\t<\/div>\n\t\t\t\t<\/div>\n\t\t\t\t\t<\/div>\n\t\t\t\t<\/div>\n\t\t<div class=\"elementor-element elementor-element-31f5a05 e-flex e-con-boxed e-con e-parent\" data-id=\"31f5a05\" data-element_type=\"container\" data-e-type=\"container\" data-settings=\"{&quot;tmea_shape_divider_top&quot;:&quot;none&quot;,&quot;tmea_shape_divider_bottom&quot;:&quot;none&quot;}\">\n\t\t\t\t\t<div class=\"e-con-inner\">\n\t\t\t\t<div class=\"elementor-element elementor-element-4512df4 elementor-widget elementor-widget-html\" data-id=\"4512df4\" data-element_type=\"widget\" data-e-type=\"widget\" data-widget_type=\"html.default\">\n\t\t\t\t<div class=\"elementor-widget-container\">\n\t\t\t\t\t\n<div class=\"wpcf7 no-js\" id=\"wpcf7-f4438-o1\" lang=\"es-CL\" dir=\"ltr\" data-wpcf7-id=\"4438\">\n<div class=\"screen-reader-response\"><p role=\"status\" aria-live=\"polite\" aria-atomic=\"true\"><\/p> <ul><\/ul><\/div>\n<form action=\"\/Inicio\/wp-json\/wp\/v2\/pages\/9475#wpcf7-f4438-o1\" method=\"post\" class=\"wpcf7-form init\" aria-label=\"Formulario de contacto\" enctype=\"multipart\/form-data\" novalidate=\"novalidate\" data-status=\"init\">\n<fieldset class=\"hidden-fields-container\"><input type=\"hidden\" name=\"_wpcf7\" value=\"4438\" \/><input type=\"hidden\" name=\"_wpcf7_version\" value=\"6.1.5\" \/><input type=\"hidden\" name=\"_wpcf7_locale\" value=\"es_CL\" \/><input type=\"hidden\" name=\"_wpcf7_unit_tag\" value=\"wpcf7-f4438-o1\" \/><input type=\"hidden\" name=\"_wpcf7_container_post\" value=\"0\" \/><input type=\"hidden\" name=\"_wpcf7_posted_data_hash\" value=\"\" \/><input type=\"hidden\" name=\"_wpcf7_recaptcha_response\" value=\"\" \/>\n<\/fieldset>\n<p><label>Nombre Postulante<br \/>\n<span class=\"wpcf7-form-control-wrap\" data-name=\"your-name\"><input size=\"40\" maxlength=\"400\" class=\"wpcf7-form-control wpcf7-text wpcf7-validates-as-required\" autocomplete=\"name\" aria-required=\"true\" aria-invalid=\"false\" value=\"Nombre y Apellidos\" type=\"text\" name=\"your-name\" \/><\/span> <\/label>\n<\/p>\n<p><label>Adjunte fotograf\u00eda de su c\u00e9dula de identidad (cara frontal)<br \/>\n<\/label><br \/>\n<span class=\"wpcf7-form-control-wrap\" data-name=\"Archivo-723\"><input size=\"40\" class=\"wpcf7-form-control wpcf7-file wpcf7-validates-as-required\" accept=\"audio\/*,video\/*,image\/*\" aria-required=\"true\" aria-invalid=\"false\" type=\"file\" name=\"Archivo-723\" \/><\/span>\n<\/p>\n<p><label> Tu Correo<br \/>\n<span class=\"wpcf7-form-control-wrap\" data-name=\"your-email\"><input size=\"40\" maxlength=\"400\" class=\"wpcf7-form-control wpcf7-email wpcf7-validates-as-required wpcf7-text wpcf7-validates-as-email\" autocomplete=\"email\" aria-required=\"true\" aria-invalid=\"false\" value=\"\" type=\"email\" name=\"your-email\" \/><\/span> <\/label>\n<\/p>\n<p><label> Tel\u00e9fono de Contacto<br \/>\n<span class=\"wpcf7-form-control-wrap\" data-name=\"tel-298\"><input size=\"40\" maxlength=\"12\" minlength=\"9\" class=\"wpcf7-form-control wpcf7-tel wpcf7-validates-as-required wpcf7-text wpcf7-validates-as-tel\" aria-required=\"true\" aria-invalid=\"false\" value=\"+56\" type=\"tel\" name=\"tel-298\" \/><\/span><\/label>\n<\/p>\n<p><label> Selecciona tu Tr\u00e1mite<\/label><br \/>\n<span class=\"wpcf7-form-control-wrap\" data-name=\"radio-817\"><span class=\"wpcf7-form-control wpcf7-radio\"><span class=\"wpcf7-list-item first\"><label><input type=\"radio\" name=\"radio-817\" value=\"Renovaci\u00f3n\" \/><span class=\"wpcf7-list-item-label\">Renovaci\u00f3n<\/span><\/label><\/span><span class=\"wpcf7-list-item\"><label><input type=\"radio\" name=\"radio-817\" value=\"Primera Licencia\" \/><span class=\"wpcf7-list-item-label\">Primera Licencia<\/span><\/label><\/span><span class=\"wpcf7-list-item\"><label><input type=\"radio\" name=\"radio-817\" value=\"Obtenci\u00f3n de clase nueva (si ya posee licencia y requiere una nueva clase)\" \/><span class=\"wpcf7-list-item-label\">Obtenci\u00f3n de clase nueva (si ya posee licencia y requiere una nueva clase)<\/span><\/label><\/span><span class=\"wpcf7-list-item last\"><label><input type=\"radio\" name=\"radio-817\" value=\"Duplicado \/ Cambio de Domicilio\" \/><span class=\"wpcf7-list-item-label\">Duplicado \/ Cambio de Domicilio<\/span><\/label><\/span><\/span><\/span><br \/>\n<br \/>\n<label>Adjunte una fotograf\u00eda de su licencia actual (En caso de existir, cara frontal)<br \/>\n<\/label><br \/>\n<span class=\"wpcf7-form-control-wrap\" data-name=\"Archivo-416\"><input size=\"40\" class=\"wpcf7-form-control wpcf7-file\" accept=\"audio\/*,video\/*,image\/*\" aria-invalid=\"false\" type=\"file\" name=\"Archivo-416\" \/><\/span>\n<\/p>\n<p><label>Observaciones (indicar Domicilio)<br \/>\n<span class=\"wpcf7-form-control-wrap\" data-name=\"your-message\"><textarea cols=\"40\" rows=\"10\" maxlength=\"2000\" class=\"wpcf7-form-control wpcf7-textarea\" aria-invalid=\"false\" name=\"your-message\">T\u00fa Mensaje<\/textarea><\/span> <\/label>\n<\/p>\n<p><input class=\"wpcf7-form-control wpcf7-submit has-spinner\" type=\"submit\" value=\"Enviar\" \/>\n<\/p><p style=\"display: none !important;\" class=\"akismet-fields-container\" data-prefix=\"_wpcf7_ak_\"><label>&#916;<textarea name=\"_wpcf7_ak_hp_textarea\" cols=\"45\" rows=\"8\" maxlength=\"100\"><\/textarea><\/label><input type=\"hidden\" id=\"ak_js_1\" name=\"_wpcf7_ak_js\" value=\"195\"\/><script>document.getElementById( \"ak_js_1\" ).setAttribute( \"value\", ( new Date() ).getTime() );<\/script><\/p><div class=\"wpcf7-response-output\" aria-hidden=\"true\"><\/div>\n<\/form>\n<\/div>\n\t\t\t\t<\/div>\n\t\t\t\t<\/div>\n\t\t\t\t\t<\/div>\n\t\t\t\t<\/div>\n\t\t<div class=\"elementor-element elementor-element-9b2bf91 e-flex e-con-boxed e-con e-parent\" data-id=\"9b2bf91\" data-element_type=\"container\" data-e-type=\"container\" data-settings=\"{&quot;tmea_shape_divider_top&quot;:&quot;none&quot;,&quot;tmea_shape_divider_bottom&quot;:&quot;none&quot;}\">\n\t\t\t\t\t<div class=\"e-con-inner\">\n\t\t\t\t<div class=\"elementor-element elementor-element-5ed7f36 elementor-widget elementor-widget-text-editor\" data-id=\"5ed7f36\" data-element_type=\"widget\" data-e-type=\"widget\" data-widget_type=\"text-editor.default\">\n\t\t\t\t<div class=\"elementor-widget-container\">\n\t\t\t\t\t\t\t\t\t<p style=\"text-align: center;\"><strong><span style=\"color: #0000ff;\">LA CITA SER\u00c1 CONFIRMADA AL CORREO INDICADO EN ESTE FORMULARIO.<\/span><\/strong><\/p>\t\t\t\t\t\t\t\t<\/div>\n\t\t\t\t<\/div>\n\t\t\t\t\t<\/div>\n\t\t\t\t<\/div>\n\t\t\t\t<\/div>\n\t\t","protected":false},"excerpt":{"rendered":"<p>Formulario de solicitud de hora para Licencia de Conducir. Importante:\u00a0 Para tr\u00e1mites de renovaci\u00f3n se puede mantener domicilio de otra comuna indicado en la licencia anterior. Para tr\u00e1mites de renovaci\u00f3n con cambio de domicilio, el nuevo domicilio debe pertenecer a la comuna de Portezuelo, R\u00e1nquil o Ninhue (Indicar en observaciones). Para primera licencia el domicilio [&hellip;]<\/p>\n","protected":false},"author":1,"featured_media":0,"parent":0,"menu_order":0,"comment_status":"closed","ping_status":"closed","template":"","meta":{"_monsterinsights_skip_tracking":false,"_monsterinsights_sitenote_active":false,"_monsterinsights_sitenote_note":"","_monsterinsights_sitenote_category":0,"iawp_total_views":5008,"footnotes":""},"class_list":["post-9475","page","type-page","status-publish","hentry"],"aioseo_notices":[],"_links":{"self":[{"href":"https:\/\/mportezuelo.cl\/Inicio\/wp-json\/wp\/v2\/pages\/9475","targetHints":{"allow":["GET"]}}],"collection":[{"href":"https:\/\/mportezuelo.cl\/Inicio\/wp-json\/wp\/v2\/pages"}],"about":[{"href":"https:\/\/mportezuelo.cl\/Inicio\/wp-json\/wp\/v2\/types\/page"}],"author":[{"embeddable":true,"href":"https:\/\/mportezuelo.cl\/Inicio\/wp-json\/wp\/v2\/users\/1"}],"replies":[{"embeddable":true,"href":"https:\/\/mportezuelo.cl\/Inicio\/wp-json\/wp\/v2\/comments?post=9475"}],"version-history":[{"count":104,"href":"https:\/\/mportezuelo.cl\/Inicio\/wp-json\/wp\/v2\/pages\/9475\/revisions"}],"predecessor-version":[{"id":10629,"href":"https:\/\/mportezuelo.cl\/Inicio\/wp-json\/wp\/v2\/pages\/9475\/revisions\/10629"}],"wp:attachment":[{"href":"https:\/\/mportezuelo.cl\/Inicio\/wp-json\/wp\/v2\/media?parent=9475"}],"curies":[{"name":"wp","href":"https:\/\/api.w.org\/{rel}","templated":true}]}}