{"id":6497,"date":"2024-07-10T11:38:16","date_gmt":"2024-07-10T14:38:16","guid":{"rendered":"https:\/\/mportezuelo.cl\/Inicio\/?page_id=6497"},"modified":"2024-07-18T12:36:18","modified_gmt":"2024-07-18T15:36:18","slug":"programa-asistencia-legal-para-proyectos-de-agua-potable-diversos-sectores-rurales","status":"publish","type":"page","link":"https:\/\/mportezuelo.cl\/Inicio\/programa-asistencia-legal-para-proyectos-de-agua-potable-diversos-sectores-rurales\/","title":{"rendered":"Programa: Asistencia Legal Para Proyectos De Agua Potable Diversos Sectores Rurales"},"content":{"rendered":"\t\t<div data-elementor-type=\"wp-page\" data-elementor-id=\"6497\" class=\"elementor elementor-6497\" data-elementor-post-type=\"page\">\n\t\t\t\t<div class=\"elementor-element elementor-element-d286a80 e-flex e-con-boxed e-con e-parent\" data-id=\"d286a80\" data-element_type=\"container\" data-e-type=\"container\" data-settings=\"{&quot;tmea_shape_divider_top&quot;:&quot;none&quot;,&quot;tmea_shape_divider_bottom&quot;:&quot;none&quot;}\">\n\t\t\t\t\t<div class=\"e-con-inner\">\n\t\t\t\t<div class=\"elementor-element elementor-element-e2177aa elementor-widget elementor-widget-video\" data-id=\"e2177aa\" data-element_type=\"widget\" data-e-type=\"widget\" data-settings=\"{&quot;youtube_url&quot;:&quot;https:\\\/\\\/youtu.be\\\/Wv_lF-wUC5k&quot;,&quot;video_type&quot;:&quot;youtube&quot;,&quot;controls&quot;:&quot;yes&quot;}\" data-widget_type=\"video.default\">\n\t\t\t\t<div class=\"elementor-widget-container\">\n\t\t\t\t\t\t\t<div class=\"elementor-wrapper elementor-open-inline\">\n\t\t\t<div class=\"elementor-video\"><\/div>\t\t<\/div>\n\t\t\t\t\t\t<\/div>\n\t\t\t\t<\/div>\n\t\t\t\t\t<\/div>\n\t\t\t\t<\/div>\n\t\t<div class=\"elementor-element elementor-element-f4b3c99 e-flex e-con-boxed e-con e-parent\" data-id=\"f4b3c99\" data-element_type=\"container\" data-e-type=\"container\" data-settings=\"{&quot;tmea_shape_divider_top&quot;:&quot;none&quot;,&quot;tmea_shape_divider_bottom&quot;:&quot;none&quot;}\">\n\t\t\t\t\t<div class=\"e-con-inner\">\n\t\t\n\t\t<div class=\"elementor-element elementor-element-b67b507 elementor-widget elementor-widget-text-editor\" data-id=\"b67b507\" data-element_type=\"widget\" data-e-type=\"widget\" data-widget_type=\"text-editor.default\">\n\t\t\t\t<div class=\"elementor-widget-container\">\n\t\t\t\t\t\t\t\t\t<p>Permite regularizar la situaci\u00f3n del poseedor de un bien ra\u00edz, sitio o terreno que ocupa sin cumplir con los requisitos legales. A trav\u00e9s de este tr\u00e1mite y, si corresponde, a la persona se le reconoce la calidad de poseedor regular para adquirir el dominio del inmueble, una vez inscrito el t\u00edtulo de dominio en el Conservador de Bienes Ra\u00edces.<\/p><p>Este procedimiento se aplica en forma excepcional cuando la regularizaci\u00f3n resulta dif\u00edcil o muy costosa de obtener, y busca resolver situaciones hist\u00f3ricas de posesi\u00f3n irregular de terrenos particulares, permitiendo a las personas tener un t\u00edtulo de dominio.<\/p><p>Quienes regularicen su propiedad y obtengan su t\u00edtulo de dominio tendr\u00e1n todos los beneficios que implica ser due\u00f1o de un bien inmueble, como incremento del valor comercial de la vivienda, posibilidad de arrendar y vender ajustado a derecho (seguridad jur\u00eddica), posibilidad de acceso a cr\u00e9ditos estatales o bancarios, indemnizaci\u00f3n en caso de expropiaci\u00f3n, posibilidad de dejar a herederos el bien ra\u00edz en caso de fallecimiento y acceso a diversos beneficios sociales entregados por el Estado (pavimentaci\u00f3n de calles, casetas sanitarias y subsidios habitacionales, de <strong><span style=\"color: #0000ff;\">agua potable <\/span><\/strong>y alcantarillado, entre otros).<\/p>\t\t\t\t\t\t\t\t<\/div>\n\t\t\t\t<\/div>\n\t\t\t\t\t<\/div>\n\t\t\t\t<\/div>\n\t\t<div class=\"elementor-element elementor-element-f9c96e8 e-flex e-con-boxed e-con e-parent\" data-id=\"f9c96e8\" data-element_type=\"container\" data-e-type=\"container\" data-settings=\"{&quot;tmea_shape_divider_top&quot;:&quot;none&quot;,&quot;tmea_shape_divider_bottom&quot;:&quot;none&quot;}\">\n\t\t\t\t\t<div class=\"e-con-inner\">\n\t\t\t\t<div class=\"elementor-element elementor-element-022681f elementor-widget elementor-widget-heading\" data-id=\"022681f\" data-element_type=\"widget\" data-e-type=\"widget\" data-widget_type=\"heading.default\">\n\t\t\t\t<div class=\"elementor-widget-container\">\n\t\t\t\t\t<h2 class=\"elementor-heading-title elementor-size-default\">\u00bfA qui\u00e9n va dirigido?<\/h2>\t\t\t\t<\/div>\n\t\t\t\t<\/div>\n\t\t\t\t\t<\/div>\n\t\t\t\t<\/div>\n\t\t<div class=\"elementor-element elementor-element-544fa9c e-flex e-con-boxed e-con e-parent\" data-id=\"544fa9c\" data-element_type=\"container\" data-e-type=\"container\" data-settings=\"{&quot;tmea_shape_divider_top&quot;:&quot;none&quot;,&quot;tmea_shape_divider_bottom&quot;:&quot;none&quot;}\">\n\t\t\t\t\t<div class=\"e-con-inner\">\n\t\t\t\t<div class=\"elementor-element elementor-element-6f3b912 elementor-widget elementor-widget-text-editor\" data-id=\"6f3b912\" data-element_type=\"widget\" data-e-type=\"widget\" data-widget_type=\"text-editor.default\">\n\t\t\t\t<div class=\"elementor-widget-container\">\n\t\t\t\t\t\t\t\t\t<p><span style=\"vertical-align: inherit;\"><span style=\"vertical-align: inherit;\"><span style=\"vertical-align: inherit;\"><span style=\"vertical-align: inherit;\">Personas naturales o jur\u00eddicas, chilenas o extranjeras, que cumplan (por un per\u00edodo m\u00ednimo de cinco a\u00f1os) con los requisitos de posesi\u00f3n material, continua y exclusiva de una propiedad. Es decir, que no exista discusi\u00f3n sobre el dominio o posesi\u00f3n del inmueble.<\/span><\/span><\/span><\/span><\/p><h3><span style=\"color: #0000ff;\"><strong><span style=\"vertical-align: inherit;\"><span style=\"vertical-align: inherit;\"><span style=\"vertical-align: inherit;\"><span style=\"vertical-align: inherit;\">Requisitos:<\/span><\/span><\/span><\/span><\/strong><\/span><\/h3><ul><li><span style=\"vertical-align: inherit;\"><span style=\"vertical-align: inherit;\"><span style=\"vertical-align: inherit;\"><span style=\"vertical-align: inherit;\">Ser poseedor material de un inmueble particular cuyo aval\u00fao fiscal sea igual o inferior a 380 UTM si es urbano y 800 UTM si es rural.<\/span><\/span><\/span><\/span><\/li><li><span style=\"vertical-align: inherit;\"><span style=\"vertical-align: inherit;\"><span style=\"vertical-align: inherit;\"><span style=\"vertical-align: inherit;\">Acreditar la posesi\u00f3n material tranquila, continua, no interrumpida y exclusiva del inmueble por a lo menos cinco a\u00f1os.<\/span><\/span><\/span><\/span><\/li><li><span style=\"vertical-align: inherit;\"><span style=\"vertical-align: inherit;\"><span style=\"vertical-align: inherit;\"><span style=\"vertical-align: inherit;\">No tener un t\u00edtulo de dominio inscrito o tener uno imperfecto (compraventa informal, cesi\u00f3n de derechos, promesa de venta no cumplida, herencia con antecedentes remotos, donaci\u00f3n verbal, compra de acciones o derechos).<\/span><\/span><\/span><\/span><\/li><li><span style=\"vertical-align: inherit;\"><span style=\"vertical-align: inherit;\"><span style=\"vertical-align: inherit;\"><span style=\"vertical-align: inherit;\">No tener alg\u00fan juicio pendiente en que se discuta el dominio o posesi\u00f3n del inmueble que haya iniciado con anterioridad a la fecha de la presentaci\u00f3n de la solicitud.<\/span><\/span><\/span><\/span><\/li><li><span style=\"vertical-align: inherit;\"><span style=\"vertical-align: inherit;\"><span style=\"vertical-align: inherit;\"><span style=\"vertical-align: inherit;\">El bien ra\u00edz debe tener l\u00edmites claros, de cualquier clase, sean naturales o artificiales, los cuales deben ser aceptados por los vecinos.<\/span><\/span><\/span><\/span><\/li><li><span style=\"vertical-align: inherit;\"><span style=\"vertical-align: inherit;\"><span style=\"vertical-align: inherit;\"><span style=\"vertical-align: inherit;\">Haber ejecutado acciones positivas en el inmueble: arreglos o mejoras en el terreno, instalaci\u00f3n de servicios, corte de maderas, plantaciones, sementeras y otros similares.<\/span><\/span><\/span><\/span><\/li><\/ul>\t\t\t\t\t\t\t\t<\/div>\n\t\t\t\t<\/div>\n\t\t\t\t\t<\/div>\n\t\t\t\t<\/div>\n\t\t<div class=\"elementor-element elementor-element-d86e56a e-flex e-con-boxed e-con e-parent\" data-id=\"d86e56a\" data-element_type=\"container\" data-e-type=\"container\" data-settings=\"{&quot;tmea_shape_divider_top&quot;:&quot;none&quot;,&quot;tmea_shape_divider_bottom&quot;:&quot;none&quot;}\">\n\t\t\t\t\t<div class=\"e-con-inner\">\n\t\t\t\t<div class=\"elementor-element elementor-element-8c115aa elementor-widget elementor-widget-heading\" data-id=\"8c115aa\" data-element_type=\"widget\" data-e-type=\"widget\" data-widget_type=\"heading.default\">\n\t\t\t\t<div class=\"elementor-widget-container\">\n\t\t\t\t\t<h2 class=\"elementor-heading-title elementor-size-default\">\u00bfQu\u00e9 necesito para hacer el tr\u00e1mite?<\/h2>\t\t\t\t<\/div>\n\t\t\t\t<\/div>\n\t\t\t\t\t<\/div>\n\t\t\t\t<\/div>\n\t\t<div class=\"elementor-element elementor-element-70a2c98 e-flex e-con-boxed e-con e-parent\" data-id=\"70a2c98\" data-element_type=\"container\" data-e-type=\"container\" data-settings=\"{&quot;tmea_shape_divider_top&quot;:&quot;none&quot;,&quot;tmea_shape_divider_bottom&quot;:&quot;none&quot;}\">\n\t\t\t\t\t<div class=\"e-con-inner\">\n\t\t\t\t<div class=\"elementor-element elementor-element-80d2b18 elementor-widget elementor-widget-text-editor\" data-id=\"80d2b18\" data-element_type=\"widget\" data-e-type=\"widget\" data-widget_type=\"text-editor.default\">\n\t\t\t\t<div class=\"elementor-widget-container\">\n\t\t\t\t\t\t\t\t\t<h3><strong><em><span style=\"vertical-align: inherit;\"><span style=\"vertical-align: inherit;\">Documentos obligatorios:<\/span><\/span><\/em><\/strong><\/h3><ul><li><span style=\"vertical-align: inherit;\"><span style=\"vertical-align: inherit;\">Formulario de regularizaci\u00f3n de t\u00edtulo de dominio.<\/span><\/span><\/li><li><span style=\"vertical-align: inherit;\"><span style=\"vertical-align: inherit;\">Declaraci\u00f3n jurada que describa c\u00f3mo se origin\u00f3 la posesi\u00f3n material de la propiedad.<\/span><\/span><\/li><li><span style=\"vertical-align: inherit;\"><span style=\"vertical-align: inherit;\">Declaraci\u00f3n jurada vecinos o colindantes que certifiquen al beneficiario como poseedor del inmueble.<\/span><\/span><\/li><li><span style=\"vertical-align: inherit;\"><span style=\"vertical-align: inherit;\">Croquis de ubicaci\u00f3n de la propiedad.<\/span><\/span><\/li><li><span style=\"vertical-align: inherit;\"><span style=\"vertical-align: inherit;\">Certificado de informaciones previas, emitido por la municipalidad respectiva.<\/span><\/span><\/li><li><span style=\"vertical-align: inherit;\"><span style=\"vertical-align: inherit;\">Certificado de litigios, emitido por el Conservador de Bienes Ra\u00edces del lugar donde se ubica el inmueble.<\/span><\/span><\/li><li><span style=\"vertical-align: inherit;\"><span style=\"vertical-align: inherit;\">Poder o mandato, si el tr\u00e1mite es realizado por un tercero (se debe adjuntar tambi\u00e9n fotocopia de la c\u00e9dula de identidad vigente por ambos lados del <\/span><\/span><strong><span style=\"vertical-align: inherit;\"><span style=\"vertical-align: inherit;\">representante).<\/span><\/span><\/strong><\/li><\/ul><h3><strong><em><span style=\"vertical-align: inherit;\"><span style=\"vertical-align: inherit;\">Documentos necesarios:<\/span><\/span><\/em><\/strong><\/h3><ul><li><span style=\"vertical-align: inherit;\"><span style=\"vertical-align: inherit;\">Certificado de inscripci\u00f3n de la propiedad, emitido por el Conservador de Bienes Ra\u00edces del lugar donde se ubica el inmueble.<\/span><\/span><\/li><li><span style=\"vertical-align: inherit;\"><span style=\"vertical-align: inherit;\">Certificado de residencia.<\/span><\/span><\/li><li><span style=\"vertical-align: inherit;\"><span style=\"vertical-align: inherit;\">Certificado de aval\u00fao fiscal con indicaci\u00f3n de superficie (en caso de no ser posible, acompa\u00f1ar certificado de aval\u00fao fiscal simple).<\/span><\/span><\/li><li><span style=\"vertical-align: inherit;\"><span style=\"vertical-align: inherit;\">Copia de c\u00e9dula de identidad del solicitante, por ambos lados.<\/span><\/span><\/li><li><span style=\"vertical-align: inherit;\"><span style=\"vertical-align: inherit;\">Certificado del n\u00famero, otorgado por la municipalidad correspondiente, en caso de que el inmueble sea urbano.<\/span><\/span><\/li><li><span style=\"vertical-align: inherit;\"><span style=\"vertical-align: inherit;\">Documentos, ya sean copias u originales, que permitan acreditar el origen de la posesi\u00f3n (compraventa, cesi\u00f3n de derechos, donaci\u00f3n, testamento u otro).<\/span><\/span><\/li><li><span style=\"vertical-align: inherit;\"><span style=\"vertical-align: inherit;\">Documentos que acrediten la posesi\u00f3n material de la propiedad en forma personal o a trav\u00e9s de otra persona, por m\u00e1s de cinco a\u00f1os.<\/span><\/span><\/li><li><span style=\"vertical-align: inherit;\"><span style=\"vertical-align: inherit;\">Resoluci\u00f3n emitida por el Servicio de Vivienda y Urbanismo (SERVIU) o municipio respectivo que autorice la regularizaci\u00f3n, en los casos en que la propiedad a regularizar sea de propiedad de dichas entidades.<\/span><\/span><\/li><\/ul><h3><strong><em><span style=\"vertical-align: inherit;\"><span style=\"vertical-align: inherit;\">Documentos adicionales:<\/span><\/span><\/em><\/strong><\/h3><ul><li><span style=\"vertical-align: inherit;\"><span style=\"vertical-align: inherit;\">Certificado de nacimiento, matrimonio o defunci\u00f3n (en los casos que corresponda).<\/span><\/span><\/li><li><span style=\"vertical-align: inherit;\"><span style=\"vertical-align: inherit;\">Certificado de hipotecas y grav\u00e1menes, interdicciones y prohibiciones, emitido por el Conservador de Bienes Ra\u00edces del lugar donde se ubica el inmueble.<\/span><\/span><\/li><li><span style=\"vertical-align: inherit;\"><span style=\"vertical-align: inherit;\">Reconocimiento de posesi\u00f3n de otros copropietarios o coherederos en el caso de corresponder.<\/span><\/span><\/li><li><span style=\"vertical-align: inherit;\"><span style=\"vertical-align: inherit;\">Certificado de riesgos, emitido por la municipalidad respectiva.<\/span><\/span><\/li><li><span style=\"vertical-align: inherit;\"><span style=\"vertical-align: inherit;\">Certificado de no expropiaci\u00f3n, emitido por la municipalidad respectiva.<\/span><\/span><\/li><li><span style=\"vertical-align: inherit;\"><span style=\"vertical-align: inherit;\">Certificado de ruralidad, emitido por la municipalidad respectiva.<\/span><\/span><\/li><li><span style=\"vertical-align: inherit;\"><span style=\"vertical-align: inherit;\">Cualquier otro antecedente que sirva para probar la posesi\u00f3n material por m\u00e1s de cinco a\u00f1os, como comprobantes de pago de las contribuciones y\/o servicios b\u00e1sicos (agua, luz y\/o gas) de los \u00faltimos cinco a\u00f1os; antecedentes que acrediten la ejecuci\u00f3n de mejoras, arreglos o inversiones en la propiedad (fotograf\u00edas, boletas, facturas, entre otros).<\/span><\/span><\/li><\/ul>\t\t\t\t\t\t\t\t<\/div>\n\t\t\t\t<\/div>\n\t\t\t\t\t<\/div>\n\t\t\t\t<\/div>\n\t\t<div class=\"elementor-element elementor-element-088c4b1 e-flex e-con-boxed e-con e-parent\" data-id=\"088c4b1\" data-element_type=\"container\" data-e-type=\"container\" data-settings=\"{&quot;tmea_shape_divider_top&quot;:&quot;none&quot;,&quot;tmea_shape_divider_bottom&quot;:&quot;none&quot;}\">\n\t\t\t\t\t<div class=\"e-con-inner\">\n\t\t\t\t<div class=\"elementor-element elementor-element-b7e6d38 elementor-widget elementor-widget-heading\" data-id=\"b7e6d38\" data-element_type=\"widget\" data-e-type=\"widget\" data-widget_type=\"heading.default\">\n\t\t\t\t<div class=\"elementor-widget-container\">\n\t\t\t\t\t<h2 class=\"elementor-heading-title elementor-size-default\">\u00bfD\u00f3nde hago el tramite? <\/h2>\t\t\t\t<\/div>\n\t\t\t\t<\/div>\n\t\t\t\t\t<\/div>\n\t\t\t\t<\/div>\n\t\t<div class=\"elementor-element elementor-element-4fe4c15 e-flex e-con-boxed e-con e-parent\" data-id=\"4fe4c15\" data-element_type=\"container\" data-e-type=\"container\" data-settings=\"{&quot;tmea_shape_divider_top&quot;:&quot;none&quot;,&quot;tmea_shape_divider_bottom&quot;:&quot;none&quot;}\">\n\t\t\t\t\t<div class=\"e-con-inner\">\n\t\t\t\t<div class=\"elementor-element elementor-element-825f49f elementor-widget elementor-widget-text-editor\" data-id=\"825f49f\" data-element_type=\"widget\" data-e-type=\"widget\" data-widget_type=\"text-editor.default\">\n\t\t\t\t<div class=\"elementor-widget-container\">\n\t\t\t\t\t\t\t\t\t<p>En dependencias de la Municipalidad, oficina de Secplan, los<strong> d\u00edas lunes, jueves y viernes desde las 8:30 a 13:00 horas.<\/strong><\/p><p><span style=\"vertical-align: inherit;\"><span style=\"vertical-align: inherit;\">Contamos con un equipo de profesionales que estar\u00e1n para apoyarlo, orientarlo en la conformaci\u00f3n de su carpeta.<\/span><\/span><\/p><ul><li><span style=\"vertical-align: inherit;\"><span style=\"vertical-align: inherit;\">Abogado<\/span><\/span><\/li><li><span style=\"vertical-align: inherit;\"><span style=\"vertical-align: inherit;\">Trabajadora social<\/span><\/span><\/li><li><span style=\"vertical-align: inherit;\"><span style=\"vertical-align: inherit;\">Ingeniero constructor<\/span><\/span><\/li><\/ul><p>Adem\u00e1s, contamos con un n\u00famero para poder comunicarnos<strong><span style=\"color: #00ff00;\"> WharsApp<\/span><\/strong> <strong><span style=\"color: #008000;\">+56 9 3666 1900<\/span><\/strong><\/p><p><span style=\"vertical-align: inherit;\"><span style=\"vertical-align: inherit;\">Este equipo se encuentra trabajando desde marzo 2024 y tiene una duraci\u00f3n de 12 meses a partir de la fecha de implementaci\u00f3n.<\/span><\/span><\/p><p><strong><span style=\"color: #0000ff;\"><span style=\"vertical-align: inherit;\"><span style=\"vertical-align: inherit;\">Asesor\u00eda legal y t\u00e9cnica es gratuita.<\/span><\/span><\/span><\/strong><\/p>\t\t\t\t\t\t\t\t<\/div>\n\t\t\t\t<\/div>\n\t\t\t\t\t<\/div>\n\t\t\t\t<\/div>\n\t\t<div class=\"elementor-element elementor-element-f3d5e40 e-flex e-con-boxed e-con e-parent\" data-id=\"f3d5e40\" data-element_type=\"container\" data-e-type=\"container\" data-settings=\"{&quot;tmea_shape_divider_top&quot;:&quot;none&quot;,&quot;tmea_shape_divider_bottom&quot;:&quot;none&quot;}\">\n\t\t\t\t\t<div class=\"e-con-inner\">\n\t\t\t\t<div class=\"elementor-element elementor-element-c240d5c elementor-widget elementor-widget-image\" data-id=\"c240d5c\" data-element_type=\"widget\" data-e-type=\"widget\" data-widget_type=\"image.default\">\n\t\t\t\t<div class=\"elementor-widget-container\">\n\t\t\t\t\t\t\t\t\t\t\t\t\t\t\t<img fetchpriority=\"high\" decoding=\"async\" width=\"756\" height=\"756\" src=\"https:\/\/mportezuelo.cl\/Inicio\/wp-content\/uploads\/2024\/07\/Post-De-Instagram-Venta-De-Coches-Moderno-Negro.png\" class=\"attachment-large size-large wp-image-6520\" alt=\"\" srcset=\"https:\/\/mportezuelo.cl\/Inicio\/wp-content\/uploads\/2024\/07\/Post-De-Instagram-Venta-De-Coches-Moderno-Negro.png 756w, https:\/\/mportezuelo.cl\/Inicio\/wp-content\/uploads\/2024\/07\/Post-De-Instagram-Venta-De-Coches-Moderno-Negro-300x300.png 300w, https:\/\/mportezuelo.cl\/Inicio\/wp-content\/uploads\/2024\/07\/Post-De-Instagram-Venta-De-Coches-Moderno-Negro-150x150.png 150w\" sizes=\"(max-width: 756px) 100vw, 756px\" \/>\t\t\t\t\t\t\t\t\t\t\t\t\t\t\t<\/div>\n\t\t\t\t<\/div>\n\t\t\t\t\t<\/div>\n\t\t\t\t<\/div>\n\t\t\t\t<\/div>\n\t\t","protected":false},"excerpt":{"rendered":"<p>https:\/\/youtu.be\/Wv_lF-wUC5k Permite regularizar la situaci\u00f3n del poseedor de un bien ra\u00edz, sitio o terreno que ocupa sin cumplir con los requisitos legales. A trav\u00e9s de este tr\u00e1mite y, si corresponde, a la persona se le reconoce la calidad de poseedor regular para adquirir el dominio del inmueble, una vez inscrito el t\u00edtulo de dominio en [&hellip;]<\/p>\n","protected":false},"author":1,"featured_media":0,"parent":0,"menu_order":0,"comment_status":"closed","ping_status":"closed","template":"","meta":{"_monsterinsights_skip_tracking":false,"_monsterinsights_sitenote_active":false,"_monsterinsights_sitenote_note":"","_monsterinsights_sitenote_category":0,"iawp_total_views":92,"footnotes":""},"class_list":["post-6497","page","type-page","status-publish","hentry"],"aioseo_notices":[],"_links":{"self":[{"href":"https:\/\/mportezuelo.cl\/Inicio\/wp-json\/wp\/v2\/pages\/6497","targetHints":{"allow":["GET"]}}],"collection":[{"href":"https:\/\/mportezuelo.cl\/Inicio\/wp-json\/wp\/v2\/pages"}],"about":[{"href":"https:\/\/mportezuelo.cl\/Inicio\/wp-json\/wp\/v2\/types\/page"}],"author":[{"embeddable":true,"href":"https:\/\/mportezuelo.cl\/Inicio\/wp-json\/wp\/v2\/users\/1"}],"replies":[{"embeddable":true,"href":"https:\/\/mportezuelo.cl\/Inicio\/wp-json\/wp\/v2\/comments?post=6497"}],"version-history":[{"count":34,"href":"https:\/\/mportezuelo.cl\/Inicio\/wp-json\/wp\/v2\/pages\/6497\/revisions"}],"predecessor-version":[{"id":6602,"href":"https:\/\/mportezuelo.cl\/Inicio\/wp-json\/wp\/v2\/pages\/6497\/revisions\/6602"}],"wp:attachment":[{"href":"https:\/\/mportezuelo.cl\/Inicio\/wp-json\/wp\/v2\/media?parent=6497"}],"curies":[{"name":"wp","href":"https:\/\/api.w.org\/{rel}","templated":true}]}}