{"id":5026,"date":"2024-06-10T17:27:56","date_gmt":"2024-06-10T20:27:56","guid":{"rendered":"https:\/\/mportezuelo.cl\/Inicio\/?page_id=5026"},"modified":"2024-06-10T17:28:09","modified_gmt":"2024-06-10T20:28:09","slug":"politicas-de-privacidad","status":"publish","type":"page","link":"https:\/\/mportezuelo.cl\/Inicio\/politicas-de-privacidad\/","title":{"rendered":"POL\u00cdTICAS DE PRIVACIDAD"},"content":{"rendered":"<div class=\"privacy-content\">\n<h2><strong>POL\u00cdTICAS DE PRIVACIDAD<\/strong><\/h2>\n<p>Las presentes Pol\u00edticas de Privacidad establece los t\u00e9rminos en que la Municipalidad de Portezuelo, usa y protege la informaci\u00f3n que es proporcionada por sus usuarios al momento de utilizar cualquier sitio web bajo el dominio \u201cwww.mportezuelo.cl\u201d. Esta municipalidad est\u00e1 comprometida con la seguridad de los datos de sus usuarios. Cuando le pedimos llenar los campos de informaci\u00f3n personal con la cual usted pueda ser identificado, lo hacemos asegurando que s\u00f3lo se emplear\u00e1 de acuerdo con los t\u00e9rminos de este documento. Sin embargo, esta Pol\u00edtica de Privacidad puede cambiar con el tiempo o ser actualizada por lo que le recomendamos y enfatizamos revisar continuamente esta p\u00e1gina para asegurarse que est\u00e1 de acuerdo con dichos cambios.<\/p>\n<div class=\"date\">Actualizada el 10 de junio de 2024<\/div>\n<h4>Informaci\u00f3n que es recogida<\/h4>\n<p>Nuestro sitio web podr\u00e1 recoger informaci\u00f3n personal, por ejemplo: Nombre, informaci\u00f3n de contacto como su direcci\u00f3n de correo electr\u00f3nica, adem\u00e1s de la direcci\u00f3n IP y la cadena de agentes de usuario del navegador para ayudar a la detecci\u00f3n de spam y para proporcionar informaci\u00f3n que se solicita a los distintos departamentos y unidades.<\/p>\n<h2>Uso de la informaci\u00f3n recogida<\/h2>\n<p>Nuestro sitio web emplea la informaci\u00f3n con el fin de proporcionar informaci\u00f3n al visitante y poder ayudar con sus necesidades.\u00a0 La municipalidad de Portezuelo, est\u00e1 altamente comprometida para cumplir con el compromiso de mantener su informaci\u00f3n segura. Usamos los sistemas m\u00e1s avanzados y los actualizamos constantemente para asegurarnos que no exista ning\u00fan acceso no autorizado.<\/p>\n<\/div>\n<div class=\"privacy-content\">\n<h4>Enlaces a Terceros<\/h4>\n<p>Este sitio web pudiera contener enlaces a otros sitios que pudieran ser de su inter\u00e9s. Una vez que usted de clic en estos enlaces y abandone nuestra p\u00e1gina, ya no tenemos control sobre el sitio al que es redirigido y por lo tanto no somos responsables de los t\u00e9rminos o privacidad ni de la protecci\u00f3n de sus datos en esos otros sitios terceros. Dichos sitios est\u00e1n sujetos a sus propias pol\u00edticas de privacidad por lo cual es recomendable que los consulte para confirmar que usted est\u00e1 de acuerdo con estas.<\/p>\n<\/div>\n<div class=\"privacy-content\">\n<h4>Contenido de Terceros<\/h4>\n<p>Los art\u00edculos de este sitio pueden incluir contenido incrustado (por ejemplo, v\u00eddeos, im\u00e1genes, art\u00edculos, etc.). El contenido incrustado de otras webs se comporta exactamente de la misma manera que si el visitante hubiera visitado la otra web. Estas webs pueden recopilar datos sobre ti, utilizar cookies, incrustar un seguimiento adicional de terceros, y supervisar tu interacci\u00f3n con ese contenido incrustado, incluido el seguimiento de tu interacci\u00f3n con el contenido incrustado si tienes una cuenta y est\u00e1s conectado a esa web.<\/p>\n<ul>\n<li>Municipalidad de Portezuelo.<\/li>\n<\/ul>\n<\/div>\n","protected":false},"excerpt":{"rendered":"<p>POL\u00cdTICAS DE PRIVACIDAD Las presentes Pol\u00edticas de Privacidad establece los t\u00e9rminos en que la Municipalidad de Portezuelo, usa y protege la informaci\u00f3n que es proporcionada por sus usuarios al momento de utilizar cualquier sitio web bajo el dominio \u201cwww.mportezuelo.cl\u201d. Esta municipalidad est\u00e1 comprometida con la seguridad de los datos de sus usuarios. Cuando le pedimos [&hellip;]<\/p>\n","protected":false},"author":1,"featured_media":0,"parent":0,"menu_order":0,"comment_status":"closed","ping_status":"closed","template":"","meta":{"_monsterinsights_skip_tracking":false,"_monsterinsights_sitenote_active":false,"_monsterinsights_sitenote_note":"","_monsterinsights_sitenote_category":0,"iawp_total_views":615,"footnotes":""},"class_list":["post-5026","page","type-page","status-publish","hentry"],"aioseo_notices":[],"_links":{"self":[{"href":"https:\/\/mportezuelo.cl\/Inicio\/wp-json\/wp\/v2\/pages\/5026","targetHints":{"allow":["GET"]}}],"collection":[{"href":"https:\/\/mportezuelo.cl\/Inicio\/wp-json\/wp\/v2\/pages"}],"about":[{"href":"https:\/\/mportezuelo.cl\/Inicio\/wp-json\/wp\/v2\/types\/page"}],"author":[{"embeddable":true,"href":"https:\/\/mportezuelo.cl\/Inicio\/wp-json\/wp\/v2\/users\/1"}],"replies":[{"embeddable":true,"href":"https:\/\/mportezuelo.cl\/Inicio\/wp-json\/wp\/v2\/comments?post=5026"}],"version-history":[{"count":2,"href":"https:\/\/mportezuelo.cl\/Inicio\/wp-json\/wp\/v2\/pages\/5026\/revisions"}],"predecessor-version":[{"id":5028,"href":"https:\/\/mportezuelo.cl\/Inicio\/wp-json\/wp\/v2\/pages\/5026\/revisions\/5028"}],"wp:attachment":[{"href":"https:\/\/mportezuelo.cl\/Inicio\/wp-json\/wp\/v2\/media?parent=5026"}],"curies":[{"name":"wp","href":"https:\/\/api.w.org\/{rel}","templated":true}]}}