{"id":4072,"date":"2024-05-17T12:35:59","date_gmt":"2024-05-17T15:35:59","guid":{"rendered":"https:\/\/mportezuelo.cl\/Inicio\/?page_id=4072"},"modified":"2024-05-17T12:45:23","modified_gmt":"2024-05-17T15:45:23","slug":"diseno-construccion-20-viviendas-tuteladas","status":"publish","type":"page","link":"https:\/\/mportezuelo.cl\/Inicio\/diseno-construccion-20-viviendas-tuteladas\/","title":{"rendered":"Dise\u00f1o construcci\u00f3n 20 Viviendas Tuteladas"},"content":{"rendered":"\t\t<div data-elementor-type=\"wp-page\" data-elementor-id=\"4072\" class=\"elementor elementor-4072\" data-elementor-post-type=\"page\">\n\t\t\t\t\n<div class=\"elementor-element elementor-element-9427a61 e-flex e-con-boxed e-con e-parent\" data-id=\"9427a61\" data-element_type=\"container\" data-e-type=\"container\" data-settings=\"{&quot;tmea_shape_divider_top&quot;:&quot;none&quot;,&quot;tmea_shape_divider_bottom&quot;:&quot;none&quot;}\">\n\t\t\t\t\t<div class=\"e-con-inner\">\n\t\t\t\t<div class=\"elementor-element elementor-element-d8a5c82 elementor-widget elementor-widget-text-editor\" data-id=\"d8a5c82\" data-element_type=\"widget\" data-e-type=\"widget\" data-widget_type=\"text-editor.default\">\n\t\t\t\t<div class=\"elementor-widget-container\">\n\t\t\t\t\t\t\t\t\t<p><span style=\"color: #000000;\">Este proyecto ha sido aprobado y financiado por el Servicio de Vivienda y Urbanismo, Regi\u00f3n de \u00d1uble. Fuente de Financiamiento SERVIU.<\/span><\/p>\t\t\t\t\t\t\t\t<\/div>\n\t\t\t\t<\/div>\n\t\t\t\t\t<\/div>\n\t\t\t\t<\/div>\n\t\t<div class=\"elementor-element elementor-element-838b740 e-flex e-con-boxed e-con e-parent\" data-id=\"838b740\" data-element_type=\"container\" data-e-type=\"container\" data-settings=\"{&quot;tmea_shape_divider_top&quot;:&quot;none&quot;,&quot;tmea_shape_divider_bottom&quot;:&quot;none&quot;}\">\n\t\t\t\t\t<div class=\"e-con-inner\">\n\t\t<div class=\"elementor-element elementor-element-055ac1d e-con-full e-flex e-con e-child\" data-id=\"055ac1d\" data-element_type=\"container\" data-e-type=\"container\" data-settings=\"{&quot;tmea_shape_divider_top&quot;:&quot;none&quot;,&quot;tmea_shape_divider_bottom&quot;:&quot;none&quot;}\">\n\t\t\t\t<div class=\"elementor-element elementor-element-26baf98 elementor-widget elementor-widget-image\" data-id=\"26baf98\" data-element_type=\"widget\" data-e-type=\"widget\" data-widget_type=\"image.default\">\n\t\t\t\t<div class=\"elementor-widget-container\">\n\t\t\t\t\t\t\t\t\t\t\t\t\t\t\t<img fetchpriority=\"high\" decoding=\"async\" width=\"1024\" height=\"576\" src=\"https:\/\/mportezuelo.cl\/Inicio\/wp-content\/uploads\/2024\/05\/Port_rev003_.00009-1024x576.jpg\" class=\"attachment-large size-large wp-image-3410\" alt=\"\" srcset=\"https:\/\/mportezuelo.cl\/Inicio\/wp-content\/uploads\/2024\/05\/Port_rev003_.00009-1024x576.jpg 1024w, https:\/\/mportezuelo.cl\/Inicio\/wp-content\/uploads\/2024\/05\/Port_rev003_.00009-300x169.jpg 300w, https:\/\/mportezuelo.cl\/Inicio\/wp-content\/uploads\/2024\/05\/Port_rev003_.00009-768x432.jpg 768w, https:\/\/mportezuelo.cl\/Inicio\/wp-content\/uploads\/2024\/05\/Port_rev003_.00009-1536x864.jpg 1536w, https:\/\/mportezuelo.cl\/Inicio\/wp-content\/uploads\/2024\/05\/Port_rev003_.00009-820x461.jpg 820w, https:\/\/mportezuelo.cl\/Inicio\/wp-content\/uploads\/2024\/05\/Port_rev003_.00009-1170x658.jpg 1170w, https:\/\/mportezuelo.cl\/Inicio\/wp-content\/uploads\/2024\/05\/Port_rev003_.00009-177x100.jpg 177w, https:\/\/mportezuelo.cl\/Inicio\/wp-content\/uploads\/2024\/05\/Port_rev003_.00009.jpg 1920w\" sizes=\"(max-width: 1024px) 100vw, 1024px\" \/>\t\t\t\t\t\t\t\t\t\t\t\t\t\t\t<\/div>\n\t\t\t\t<\/div>\n\t\t\t\t<\/div>\n\t\t<div class=\"elementor-element elementor-element-95054e2 e-con-full e-flex e-con e-child\" data-id=\"95054e2\" data-element_type=\"container\" data-e-type=\"container\" data-settings=\"{&quot;tmea_shape_divider_top&quot;:&quot;none&quot;,&quot;tmea_shape_divider_bottom&quot;:&quot;none&quot;}\">\n\t\t\t\t<div class=\"elementor-element elementor-element-edd5067 elementor-widget elementor-widget-text-editor\" data-id=\"edd5067\" data-element_type=\"widget\" data-e-type=\"widget\" data-widget_type=\"text-editor.default\">\n\t\t\t\t<div class=\"elementor-widget-container\">\n\t\t\t\t\t\t\t\t\t<p><span style=\"color: #000000;\"><strong>FINANCIAMIENTO TOTAL = $61.000.000.-<\/strong><\/span><\/p><p><span style=\"color: #000000;\">La iniciativa considera el dise\u00f1o de arquitectura e Ingenier\u00eda con sus respectivas especialidades, urbanizaci\u00f3n, paisajismo y todas las factibilidades, requerimientos t\u00e9cnicos, incluyendo el an\u00e1lisis de precio unitario (APU) y mec\u00e1nica de suelo, para la ejecuci\u00f3n de un conjunto de 20 viviendas tuteladas. El proyecto contar\u00e1 con 909 metros construidos (como m\u00ednimo), de los cuales 760 m2 ser\u00e1n destinados a vivienda (38 metros cuadrados por vivienda) y 143 metros cuadrados para un centro comunitario. Actualmente el proyecto cuenta con permiso de Edificaci\u00f3n Aprobado y se estima un costo de construcci\u00f3n de $1.703.000.-<\/span><\/p>\t\t\t\t\t\t\t\t<\/div>\n\t\t\t\t<\/div>\n\t\t\t\t<\/div>\n\t\t\t\t\t<\/div>\n\t\t\t\t<\/div>\n\t\t\t\t<\/div>\n\t\t","protected":false},"excerpt":{"rendered":"<p>Este proyecto ha sido aprobado y financiado por el Servicio de Vivienda y Urbanismo, Regi\u00f3n de \u00d1uble. Fuente de Financiamiento SERVIU. FINANCIAMIENTO TOTAL = $61.000.000.- La iniciativa considera el dise\u00f1o de arquitectura e Ingenier\u00eda con sus respectivas especialidades, urbanizaci\u00f3n, paisajismo y todas las factibilidades, requerimientos t\u00e9cnicos, incluyendo el an\u00e1lisis de precio unitario (APU) y mec\u00e1nica [&hellip;]<\/p>\n","protected":false},"author":1,"featured_media":0,"parent":0,"menu_order":0,"comment_status":"closed","ping_status":"closed","template":"","meta":{"_monsterinsights_skip_tracking":false,"_monsterinsights_sitenote_active":false,"_monsterinsights_sitenote_note":"","_monsterinsights_sitenote_category":0,"iawp_total_views":13,"footnotes":""},"class_list":["post-4072","page","type-page","status-publish","hentry"],"aioseo_notices":[],"_links":{"self":[{"href":"https:\/\/mportezuelo.cl\/Inicio\/wp-json\/wp\/v2\/pages\/4072","targetHints":{"allow":["GET"]}}],"collection":[{"href":"https:\/\/mportezuelo.cl\/Inicio\/wp-json\/wp\/v2\/pages"}],"about":[{"href":"https:\/\/mportezuelo.cl\/Inicio\/wp-json\/wp\/v2\/types\/page"}],"author":[{"embeddable":true,"href":"https:\/\/mportezuelo.cl\/Inicio\/wp-json\/wp\/v2\/users\/1"}],"replies":[{"embeddable":true,"href":"https:\/\/mportezuelo.cl\/Inicio\/wp-json\/wp\/v2\/comments?post=4072"}],"version-history":[{"count":11,"href":"https:\/\/mportezuelo.cl\/Inicio\/wp-json\/wp\/v2\/pages\/4072\/revisions"}],"predecessor-version":[{"id":4092,"href":"https:\/\/mportezuelo.cl\/Inicio\/wp-json\/wp\/v2\/pages\/4072\/revisions\/4092"}],"wp:attachment":[{"href":"https:\/\/mportezuelo.cl\/Inicio\/wp-json\/wp\/v2\/media?parent=4072"}],"curies":[{"name":"wp","href":"https:\/\/api.w.org\/{rel}","templated":true}]}}