{"id":3128,"date":"2024-05-11T00:08:54","date_gmt":"2024-05-11T03:08:54","guid":{"rendered":"https:\/\/mportezuelo.cl\/Inicio\/?page_id=3128"},"modified":"2024-05-11T00:27:09","modified_gmt":"2024-05-11T03:27:09","slug":"plaza-de-armas","status":"publish","type":"page","link":"https:\/\/mportezuelo.cl\/Inicio\/plaza-de-armas\/","title":{"rendered":"Plaza de Armas"},"content":{"rendered":"\t\t<div data-elementor-type=\"wp-page\" data-elementor-id=\"3128\" class=\"elementor elementor-3128\" data-elementor-post-type=\"page\">\n\t\t\t\t<div class=\"elementor-element elementor-element-237929a e-flex e-con-boxed e-con e-parent\" data-id=\"237929a\" data-element_type=\"container\" data-e-type=\"container\" data-settings=\"{&quot;tmea_shape_divider_top&quot;:&quot;none&quot;,&quot;tmea_shape_divider_bottom&quot;:&quot;none&quot;}\">\n\t\t\t\t\t<div class=\"e-con-inner\">\n\t\t\n\t\t<div class=\"elementor-element elementor-element-73b7b24 elementor-widget elementor-widget-modina_section_title\" data-id=\"73b7b24\" data-element_type=\"widget\" data-e-type=\"widget\" data-widget_type=\"modina_section_title.default\">\n\t\t\t\t<div class=\"elementor-widget-container\">\n\t\t\t\t\t        <div class=\"section-title text-center\">\r\n        <span>Services<\/span>\r\n        <p><\/p>\r\n        <h2> Plaza de Armas <\/h2>\r\n    <\/div>\r\n    \r\n    \r\n        \t\t\t\t<\/div>\n\t\t\t\t<\/div>\n\t\t\t\t\t<\/div>\n\t\t\t\t<\/div>\n\t\t<div class=\"elementor-element elementor-element-8e3cbbd e-flex e-con-boxed e-con e-parent\" data-id=\"8e3cbbd\" data-element_type=\"container\" data-e-type=\"container\" data-settings=\"{&quot;tmea_shape_divider_top&quot;:&quot;none&quot;,&quot;tmea_shape_divider_bottom&quot;:&quot;none&quot;}\">\n\t\t\t\t\t<div class=\"e-con-inner\">\n\t\t\t\t<div class=\"elementor-element elementor-element-47fddfb elementor-widget elementor-widget-google_maps\" data-id=\"47fddfb\" data-element_type=\"widget\" data-e-type=\"widget\" data-widget_type=\"google_maps.default\">\n\t\t\t\t<div class=\"elementor-widget-container\">\n\t\t\t\t\t\t\t<div class=\"elementor-custom-embed\">\n\t\t\t<iframe loading=\"lazy\"\n\t\t\t\t\tsrc=\"https:\/\/maps.google.com\/maps?q=Plaza%20de%20armas%20de%20Portezuelo%2C%20%C3%B1uble&#038;t=m&#038;z=17&#038;output=embed&#038;iwloc=near\"\n\t\t\t\t\ttitle=\"Plaza de armas de Portezuelo, \u00f1uble\"\n\t\t\t\t\taria-label=\"Plaza de armas de Portezuelo, \u00f1uble\"\n\t\t\t><\/iframe>\n\t\t<\/div>\n\t\t\t\t\t\t<\/div>\n\t\t\t\t<\/div>\n\t\t\t\t\t<\/div>\n\t\t\t\t<\/div>\n\t\t<div class=\"elementor-element elementor-element-5298348 e-flex e-con-boxed e-con e-parent\" data-id=\"5298348\" data-element_type=\"container\" data-e-type=\"container\" data-settings=\"{&quot;tmea_shape_divider_top&quot;:&quot;none&quot;,&quot;tmea_shape_divider_bottom&quot;:&quot;none&quot;}\">\n\t\t\t\t\t<div class=\"e-con-inner\">\n\t\t<div class=\"elementor-element elementor-element-53df71f e-con-full e-flex e-con e-child\" data-id=\"53df71f\" data-element_type=\"container\" data-e-type=\"container\" data-settings=\"{&quot;tmea_shape_divider_top&quot;:&quot;none&quot;,&quot;tmea_shape_divider_bottom&quot;:&quot;none&quot;}\">\n\t\t\t\t<div class=\"elementor-element elementor-element-c580c64 elementor-widget elementor-widget-image\" data-id=\"c580c64\" data-element_type=\"widget\" data-e-type=\"widget\" data-widget_type=\"image.default\">\n\t\t\t\t<div class=\"elementor-widget-container\">\n\t\t\t\t\t\t\t\t\t\t\t\t\t\t\t<img fetchpriority=\"high\" decoding=\"async\" width=\"1024\" height=\"767\" src=\"https:\/\/mportezuelo.cl\/Inicio\/wp-content\/uploads\/2024\/05\/DJI_0125-1024x767.jpg\" class=\"attachment-large size-large wp-image-2862\" alt=\"\" srcset=\"https:\/\/mportezuelo.cl\/Inicio\/wp-content\/uploads\/2024\/05\/DJI_0125-1024x767.jpg 1024w, https:\/\/mportezuelo.cl\/Inicio\/wp-content\/uploads\/2024\/05\/DJI_0125-300x225.jpg 300w, https:\/\/mportezuelo.cl\/Inicio\/wp-content\/uploads\/2024\/05\/DJI_0125-768x575.jpg 768w, https:\/\/mportezuelo.cl\/Inicio\/wp-content\/uploads\/2024\/05\/DJI_0125-1536x1151.jpg 1536w, https:\/\/mportezuelo.cl\/Inicio\/wp-content\/uploads\/2024\/05\/DJI_0125.jpg 1623w\" sizes=\"(max-width: 1024px) 100vw, 1024px\" \/>\t\t\t\t\t\t\t\t\t\t\t\t\t\t\t<\/div>\n\t\t\t\t<\/div>\n\t\t\t\t<\/div>\n\t\t<div class=\"elementor-element elementor-element-d652c5a e-con-full e-flex e-con e-child\" data-id=\"d652c5a\" data-element_type=\"container\" data-e-type=\"container\" data-settings=\"{&quot;tmea_shape_divider_top&quot;:&quot;none&quot;,&quot;tmea_shape_divider_bottom&quot;:&quot;none&quot;}\">\n\t\t\t\t<div class=\"elementor-element elementor-element-c7a547b elementor-widget elementor-widget-text-editor\" data-id=\"c7a547b\" data-element_type=\"widget\" data-e-type=\"widget\" data-widget_type=\"text-editor.default\">\n\t\t\t\t<div class=\"elementor-widget-container\">\n\t\t\t\t\t\t\t\t\t<p><span style=\"color: #000000;\">La Plaza de Armas de Portezuelo, es el centro neur\u00e1lgico de las actividades recreativas y en menor medida, de algunos eventos sociales y criollos de la comuna como la \u201cFiesta de la Vendimia\u201d. Destacan en ella, una parra de cepa Pa\u00eds replantada en el a\u00f1o 2016 con la finalidad de potenciar la identidad local, y los Mercaditos Rurales con forma de barriles, en donde los peque\u00f1os agricultores de la comuna comercializan sus productos.<\/span><\/p><p style=\"text-align: justify; background: white;\"><span style=\"font-family: 'Open Sans'; color: #000000;\">En las calles colindantes podemos encontrar la Municipalidad, el Gimnasio Municipal, la Parroquia Cat\u00f3lica, Terminal de Buses, Paradero de Colectivos, el Liceo Municipal y el Particular Subvencionado, adem\u00e1s de locales comerciales y locales de comida.<\/span><\/p><p style=\"text-align: justify; background: white;\"><span style=\"font-family: 'Open Sans'; color: #000000;\">El Monumento a la Vendimia en la Plaza de Armas de Portezuelo tiene una historia interesante. Fue erigido para conmemorar la tradici\u00f3n\u00a0<\/span><\/p>\t\t\t\t\t\t\t\t<\/div>\n\t\t\t\t<\/div>\n\t\t\t\t<\/div>\n\t\t\t\t\t<\/div>\n\t\t\t\t<\/div>\n\t\t<div class=\"elementor-element elementor-element-eb3acab e-flex e-con-boxed e-con e-parent\" data-id=\"eb3acab\" data-element_type=\"container\" data-e-type=\"container\" data-settings=\"{&quot;tmea_shape_divider_top&quot;:&quot;none&quot;,&quot;tmea_shape_divider_bottom&quot;:&quot;none&quot;}\">\n\t\t\t\t\t<div class=\"e-con-inner\">\n\t\t\t\t<div class=\"elementor-element elementor-element-a094f99 elementor-widget elementor-widget-text-editor\" data-id=\"a094f99\" data-element_type=\"widget\" data-e-type=\"widget\" data-widget_type=\"text-editor.default\">\n\t\t\t\t<div class=\"elementor-widget-container\">\n\t\t\t\t\t\t\t\t\t<p><span style=\"font-family: 'Open Sans'; color: #000000;\">vitivin\u00edcola de la regi\u00f3n y celebrar la vendimia, que es la cosecha de uvas para la producci\u00f3n de vino. Este monumento es un s\u00edmbolo de la cultura local y su conexi\u00f3n con la tierra y la agricultura.<\/span><\/p><p style=\"text-align: justify; background: white;\"><span style=\"font-family: 'Open Sans'; color: #000000;\">La escultura representa a un grupo de vendimiadores, con cestas llenas de uvas, trabajando en los vi\u00f1edos. Sus figuras expresan la alegr\u00eda y el esfuerzo que implica la cosecha. Adem\u00e1s, el monumento incluye elementos que simbolizan la naturaleza, como hojas de vid y racimos de uvas.<\/span><\/p><p style=\"text-align: justify; background: white;\"><span style=\"font-family: 'Open Sans'; color: #000000;\">La construcci\u00f3n del Monumento a la Vendimia fue un esfuerzo comunitario, y su inauguraci\u00f3n fue un momento importante para la comunidad de Portezuelo. Desde entonces, se ha convertido en un punto de referencia y un lugar de encuentro para los habitantes locales y los visitantes.<\/span><\/p><p style=\"text-align: justify; background: white;\"><span style=\"font-family: 'Open Sans'; color: #000000;\">En resumen, el Monumento a la Vendimia en la Plaza de Armas de Portezuelo es un homenaje a la historia, la cultura y la tradici\u00f3n vin\u00edcola de la regi\u00f3n,<\/span><\/p>\t\t\t\t\t\t\t\t<\/div>\n\t\t\t\t<\/div>\n\t\t\t\t\t<\/div>\n\t\t\t\t<\/div>\n\t\t<div class=\"elementor-element elementor-element-cc28271 e-flex e-con-boxed e-con e-parent\" data-id=\"cc28271\" data-element_type=\"container\" data-e-type=\"container\" data-settings=\"{&quot;tmea_shape_divider_top&quot;:&quot;none&quot;,&quot;tmea_shape_divider_bottom&quot;:&quot;none&quot;}\">\n\t\t\t\t\t<div class=\"e-con-inner\">\n\t\t\t\t<div class=\"elementor-element elementor-element-71098aa elementor-widget elementor-widget-image\" data-id=\"71098aa\" data-element_type=\"widget\" data-e-type=\"widget\" data-widget_type=\"image.default\">\n\t\t\t\t<div class=\"elementor-widget-container\">\n\t\t\t\t\t\t\t\t\t\t\t\t\t\t\t<img decoding=\"async\" width=\"1024\" height=\"472\" src=\"https:\/\/mportezuelo.cl\/Inicio\/wp-content\/uploads\/2024\/05\/20200410_104729-1024x472.jpg\" class=\"attachment-large size-large wp-image-2934\" alt=\"\" srcset=\"https:\/\/mportezuelo.cl\/Inicio\/wp-content\/uploads\/2024\/05\/20200410_104729-1024x472.jpg 1024w, https:\/\/mportezuelo.cl\/Inicio\/wp-content\/uploads\/2024\/05\/20200410_104729-300x138.jpg 300w, https:\/\/mportezuelo.cl\/Inicio\/wp-content\/uploads\/2024\/05\/20200410_104729-768x354.jpg 768w, https:\/\/mportezuelo.cl\/Inicio\/wp-content\/uploads\/2024\/05\/20200410_104729-1536x708.jpg 1536w, https:\/\/mportezuelo.cl\/Inicio\/wp-content\/uploads\/2024\/05\/20200410_104729-2048x944.jpg 2048w\" sizes=\"(max-width: 1024px) 100vw, 1024px\" \/>\t\t\t\t\t\t\t\t\t\t\t\t\t\t\t<\/div>\n\t\t\t\t<\/div>\n\t\t\t\t\t<\/div>\n\t\t\t\t<\/div>\n\t\t\t\t<\/div>\n\t\t","protected":false},"excerpt":{"rendered":"<p>Services Plaza de Armas La Plaza de Armas de Portezuelo, es el centro neur\u00e1lgico de las actividades recreativas y en menor medida, de algunos eventos sociales y criollos de la comuna como la \u201cFiesta de la Vendimia\u201d. Destacan en ella, una parra de cepa Pa\u00eds replantada en el a\u00f1o 2016 con la finalidad de potenciar [&hellip;]<\/p>\n","protected":false},"author":1,"featured_media":0,"parent":0,"menu_order":0,"comment_status":"closed","ping_status":"closed","template":"","meta":{"_monsterinsights_skip_tracking":false,"_monsterinsights_sitenote_active":false,"_monsterinsights_sitenote_note":"","_monsterinsights_sitenote_category":0,"iawp_total_views":155,"footnotes":""},"class_list":["post-3128","page","type-page","status-publish","hentry"],"aioseo_notices":[],"_links":{"self":[{"href":"https:\/\/mportezuelo.cl\/Inicio\/wp-json\/wp\/v2\/pages\/3128","targetHints":{"allow":["GET"]}}],"collection":[{"href":"https:\/\/mportezuelo.cl\/Inicio\/wp-json\/wp\/v2\/pages"}],"about":[{"href":"https:\/\/mportezuelo.cl\/Inicio\/wp-json\/wp\/v2\/types\/page"}],"author":[{"embeddable":true,"href":"https:\/\/mportezuelo.cl\/Inicio\/wp-json\/wp\/v2\/users\/1"}],"replies":[{"embeddable":true,"href":"https:\/\/mportezuelo.cl\/Inicio\/wp-json\/wp\/v2\/comments?post=3128"}],"version-history":[{"count":22,"href":"https:\/\/mportezuelo.cl\/Inicio\/wp-json\/wp\/v2\/pages\/3128\/revisions"}],"predecessor-version":[{"id":3153,"href":"https:\/\/mportezuelo.cl\/Inicio\/wp-json\/wp\/v2\/pages\/3128\/revisions\/3153"}],"wp:attachment":[{"href":"https:\/\/mportezuelo.cl\/Inicio\/wp-json\/wp\/v2\/media?parent=3128"}],"curies":[{"name":"wp","href":"https:\/\/api.w.org\/{rel}","templated":true}]}}