{"id":2487,"date":"2024-05-07T14:49:14","date_gmt":"2024-05-07T17:49:14","guid":{"rendered":"https:\/\/mportezuelo.cl\/Inicio\/?page_id=2487"},"modified":"2024-12-10T10:13:18","modified_gmt":"2024-12-10T13:13:18","slug":"direccion-de-obras-municipales-dom","status":"publish","type":"page","link":"https:\/\/mportezuelo.cl\/Inicio\/direccion-de-obras-municipales-dom\/","title":{"rendered":"Direcci\u00f3n de Obras Municipales (DOM)"},"content":{"rendered":"\t\t<div data-elementor-type=\"wp-page\" data-elementor-id=\"2487\" class=\"elementor elementor-2487\" data-elementor-post-type=\"page\">\n\t\t\t\t\n<div class=\"elementor-element elementor-element-4f4d87f7 e-flex e-con-boxed e-con e-parent\" data-id=\"4f4d87f7\" data-element_type=\"container\" data-e-type=\"container\" data-settings=\"{&quot;tmea_shape_divider_top&quot;:&quot;none&quot;,&quot;tmea_shape_divider_bottom&quot;:&quot;none&quot;}\">\n\t\t\t\t\t<div class=\"e-con-inner\">\n\t\t\t\t<div class=\"elementor-element elementor-element-350bff0f elementor-widget elementor-widget-text-editor\" data-id=\"350bff0f\" data-element_type=\"widget\" data-e-type=\"widget\" data-widget_type=\"text-editor.default\">\n\t\t\t\t<div class=\"elementor-widget-container\">\n\t\t\t\t\t\t\t\t\t<p><span style=\"color: #000000;\">La Direcci\u00f3n de Obras Municipales (DOM) es una unidad que tiene como objetivo planificar, gestionar y controlar los proyectos y obras de la municipalidad en materia de construcci\u00f3n, urbanizaci\u00f3n y planificaci\u00f3n territorial. Tambi\u00e9n se encarga de supervisar y fiscalizar el cumplimiento de las normas t\u00e9cnicas y urban\u00edsticas establecidas dentro del territorio municipal.<\/span><\/p><p><span style=\"color: #000000;\">Entre las funciones y tareas espec\u00edficas que realiza la Direcci\u00f3n de Obras Municipales se encuentran:<\/span><\/p><p><span style=\"color: #000000;\">&#8211; Controlar y fiscalizar la gesti\u00f3n urban\u00edstica dentro del territorio municipal, verificando el cumplimiento de los planes reguladores y normativas t\u00e9cnicas y urban\u00edsticas.<\/span><br \/><span style=\"color: #000000;\">&#8211; Estudiar y proponer medidas para el mejoramiento de los sistemas de transporte, saneamiento b\u00e1sico, iluminaci\u00f3n, se\u00f1alizaci\u00f3n y ornato de la ciudad.<\/span><br \/><span style=\"color: #000000;\">&#8211; Gestionar y controlar los proyectos y obras de construcci\u00f3n y urbanizaci\u00f3n en la comuna, y supervisar su realizaci\u00f3n de acuerdo a los planes, normas y permisos establecidos.<\/span><br \/><span style=\"color: #000000;\">&#8211; Emitir permisos de edificaci\u00f3n, recepci\u00f3n de obras, demolici\u00f3n y subdivisi\u00f3n del territorio, cuando corresponda.<\/span><br \/><span style=\"color: #000000;\">&#8211; Realizar estudios y proyectos t\u00e9cnicos de obras de infraestructura y urbanizaci\u00f3n, en colaboraci\u00f3n con otras unidades municipales.<\/span><br \/><span style=\"color: #000000;\">&#8211; Regularizar los terrenos fiscalizados por la municipalidad en coordinaci\u00f3n con otras autoridades competentes.<\/span><br \/><span style=\"color: #000000;\">&#8211; Desarrollar programas de mantenimiento y recuperaci\u00f3n de espacios p\u00fablicos y monumentos de la comuna.<\/span><br \/><span style=\"color: #000000;\">&#8211; Brindar asesoramiento t\u00e9cnico y en materias de construcci\u00f3n y urbanizaci\u00f3n a la comunidad.<\/span><\/p><p><span style=\"color: #000000;\">En resumen, la Direcci\u00f3n de Obras Municipales es una unidad que se encarga de gestionar y controlar los proyectos y obras de construcci\u00f3n y urbanizaci\u00f3n dentro de la comuna, asegurando el cumplimiento de las normas y permisos establecidos, y supervisando su correcta ejecuci\u00f3n. Esta direcci\u00f3n tambi\u00e9n se encarga de regularizar los terrenos fiscalizados por la municipalidad, realizar estudios y proyectos t\u00e9cnicos, desarrollar programas de mantenimiento y recuperaci\u00f3n de espacios p\u00fablicos, y brindar asesoramiento t\u00e9cnico a la comunidad.<\/span><\/p>\t\t\t\t\t\t\t\t<\/div>\n\t\t\t\t<\/div>\n\t\t\t\t\t<\/div>\n\t\t\t\t<\/div>\n\t\t<div class=\"elementor-element elementor-element-cbc1fce e-flex e-con-boxed e-con e-parent\" data-id=\"cbc1fce\" data-element_type=\"container\" data-e-type=\"container\" data-settings=\"{&quot;tmea_shape_divider_top&quot;:&quot;none&quot;,&quot;tmea_shape_divider_bottom&quot;:&quot;none&quot;}\">\n\t\t\t\t\t<div class=\"e-con-inner\">\n\t\t<div class=\"elementor-element elementor-element-8629f1d e-con-full e-flex e-con e-child\" data-id=\"8629f1d\" data-element_type=\"container\" data-e-type=\"container\" data-settings=\"{&quot;tmea_shape_divider_top&quot;:&quot;none&quot;,&quot;tmea_shape_divider_bottom&quot;:&quot;none&quot;}\">\n\t\t\t\t<div class=\"elementor-element elementor-element-bf0440a elementor-widget elementor-widget-image\" data-id=\"bf0440a\" data-element_type=\"widget\" data-e-type=\"widget\" data-widget_type=\"image.default\">\n\t\t\t\t<div class=\"elementor-widget-container\">\n\t\t\t\t\t\t\t\t\t\t\t\t\t\t\t\t<a href=\"https:\/\/municipalidaddeportezuelo.cl\/organigrama\/Organigrama2022\/obras.html\">\n\t\t\t\t\t\t\t<img fetchpriority=\"high\" decoding=\"async\" width=\"300\" height=\"169\" src=\"https:\/\/mportezuelo.cl\/Inicio\/wp-content\/uploads\/2024\/05\/HERNAN-LIZAMA-300x169.jpg\" class=\"attachment-medium size-medium wp-image-2364\" alt=\"\" srcset=\"https:\/\/mportezuelo.cl\/Inicio\/wp-content\/uploads\/2024\/05\/HERNAN-LIZAMA-300x169.jpg 300w, https:\/\/mportezuelo.cl\/Inicio\/wp-content\/uploads\/2024\/05\/HERNAN-LIZAMA-1024x576.jpg 1024w, https:\/\/mportezuelo.cl\/Inicio\/wp-content\/uploads\/2024\/05\/HERNAN-LIZAMA-768x432.jpg 768w, https:\/\/mportezuelo.cl\/Inicio\/wp-content\/uploads\/2024\/05\/HERNAN-LIZAMA-1536x864.jpg 1536w, https:\/\/mportezuelo.cl\/Inicio\/wp-content\/uploads\/2024\/05\/HERNAN-LIZAMA-2048x1152.jpg 2048w, https:\/\/mportezuelo.cl\/Inicio\/wp-content\/uploads\/2024\/05\/HERNAN-LIZAMA-820x461.jpg 820w, https:\/\/mportezuelo.cl\/Inicio\/wp-content\/uploads\/2024\/05\/HERNAN-LIZAMA-1170x658.jpg 1170w, https:\/\/mportezuelo.cl\/Inicio\/wp-content\/uploads\/2024\/05\/HERNAN-LIZAMA-177x100.jpg 177w\" sizes=\"(max-width: 300px) 100vw, 300px\" \/>\t\t\t\t\t\t\t\t<\/a>\n\t\t\t\t\t\t\t\t\t\t\t\t\t\t\t<\/div>\n\t\t\t\t<\/div>\n\t\t\t\t<div class=\"elementor-element elementor-element-8319009 elementor-widget elementor-widget-heading\" data-id=\"8319009\" data-element_type=\"widget\" data-e-type=\"widget\" data-widget_type=\"heading.default\">\n\t\t\t\t<div class=\"elementor-widget-container\">\n\t\t\t\t\t<h5 class=\"elementor-heading-title elementor-size-default\"><a href=\"https:\/\/municipalidaddeportezuelo.cl\/organigrama\/Organigrama2022\/obras.html\">Director DOM<\/a><\/h5>\t\t\t\t<\/div>\n\t\t\t\t<\/div>\n\t\t\t\t<\/div>\n\t\t<div class=\"elementor-element elementor-element-904b73b e-con-full e-flex e-con e-child\" data-id=\"904b73b\" data-element_type=\"container\" data-e-type=\"container\" data-settings=\"{&quot;tmea_shape_divider_top&quot;:&quot;none&quot;,&quot;tmea_shape_divider_bottom&quot;:&quot;none&quot;}\">\n\t\t\t\t<div class=\"elementor-element elementor-element-27e7750 elementor-widget elementor-widget-text-editor\" data-id=\"27e7750\" data-element_type=\"widget\" data-e-type=\"widget\" data-widget_type=\"text-editor.default\">\n\t\t\t\t<div class=\"elementor-widget-container\">\n\t\t\t\t\t\t\t\t\t<p><span style=\"color: #000000;\">Direcci\u00f3n: <strong>Direcci\u00f3n De Obras Municipales.<\/strong><\/span><\/p><p><span style=\"color: #000000;\">Ubicaci\u00f3n: San Mart\u00edn 312<strong>, Portezuelo.<\/strong><\/span><\/p><p><span style=\"color: #000000;\"><strong>Horarios de atenci\u00f3n:<\/strong><\/span><\/p><ul><li><span style=\"color: #000000;\">Lunes a Jueves de: 08:30 a 13:30 y de 14:00 a 17:35<\/span><\/li><li><span style=\"color: #000000;\">Viernes: 08:30 a 13:30 y de 14:00 a 16:30<\/span><\/li><\/ul>\t\t\t\t\t\t\t\t<\/div>\n\t\t\t\t<\/div>\n\t\t\t\t<\/div>\n\t\t\t\t\t<\/div>\n\t\t\t\t<\/div>\n\t\t\t\t<\/div>\n\t\t","protected":false},"excerpt":{"rendered":"<p>La Direcci\u00f3n de Obras Municipales (DOM) es una unidad que tiene como objetivo planificar, gestionar y controlar los proyectos y obras de la municipalidad en materia de construcci\u00f3n, urbanizaci\u00f3n y planificaci\u00f3n territorial. Tambi\u00e9n se encarga de supervisar y fiscalizar el cumplimiento de las normas t\u00e9cnicas y urban\u00edsticas establecidas dentro del territorio municipal. Entre las funciones [&hellip;]<\/p>\n","protected":false},"author":1,"featured_media":0,"parent":0,"menu_order":0,"comment_status":"closed","ping_status":"closed","template":"","meta":{"_monsterinsights_skip_tracking":false,"_monsterinsights_sitenote_active":false,"_monsterinsights_sitenote_note":"","_monsterinsights_sitenote_category":0,"iawp_total_views":567,"footnotes":""},"class_list":["post-2487","page","type-page","status-publish","hentry"],"aioseo_notices":[],"_links":{"self":[{"href":"https:\/\/mportezuelo.cl\/Inicio\/wp-json\/wp\/v2\/pages\/2487","targetHints":{"allow":["GET"]}}],"collection":[{"href":"https:\/\/mportezuelo.cl\/Inicio\/wp-json\/wp\/v2\/pages"}],"about":[{"href":"https:\/\/mportezuelo.cl\/Inicio\/wp-json\/wp\/v2\/types\/page"}],"author":[{"embeddable":true,"href":"https:\/\/mportezuelo.cl\/Inicio\/wp-json\/wp\/v2\/users\/1"}],"replies":[{"embeddable":true,"href":"https:\/\/mportezuelo.cl\/Inicio\/wp-json\/wp\/v2\/comments?post=2487"}],"version-history":[{"count":22,"href":"https:\/\/mportezuelo.cl\/Inicio\/wp-json\/wp\/v2\/pages\/2487\/revisions"}],"predecessor-version":[{"id":7892,"href":"https:\/\/mportezuelo.cl\/Inicio\/wp-json\/wp\/v2\/pages\/2487\/revisions\/7892"}],"wp:attachment":[{"href":"https:\/\/mportezuelo.cl\/Inicio\/wp-json\/wp\/v2\/media?parent=2487"}],"curies":[{"name":"wp","href":"https:\/\/api.w.org\/{rel}","templated":true}]}}