{"id":2485,"date":"2024-05-07T14:47:52","date_gmt":"2024-05-07T17:47:52","guid":{"rendered":"https:\/\/mportezuelo.cl\/Inicio\/?page_id=2485"},"modified":"2024-12-10T09:16:02","modified_gmt":"2024-12-10T12:16:02","slug":"direccion-de-administracion-y-finanzas-daf","status":"publish","type":"page","link":"https:\/\/mportezuelo.cl\/Inicio\/direccion-de-administracion-y-finanzas-daf\/","title":{"rendered":"Direcci\u00f3n de Administraci\u00f3n y Finanzas (DAF)"},"content":{"rendered":"\t\t<div data-elementor-type=\"wp-page\" data-elementor-id=\"2485\" class=\"elementor elementor-2485\" data-elementor-post-type=\"page\">\n\t\t\t\t\n<div class=\"elementor-element elementor-element-1997e56f e-flex e-con-boxed e-con e-parent\" data-id=\"1997e56f\" data-element_type=\"container\" data-e-type=\"container\" data-settings=\"{&quot;tmea_shape_divider_top&quot;:&quot;none&quot;,&quot;tmea_shape_divider_bottom&quot;:&quot;none&quot;}\">\n\t\t\t\t\t<div class=\"e-con-inner\">\n\t\t\t\t<div class=\"elementor-element elementor-element-52025420 elementor-widget elementor-widget-text-editor\" data-id=\"52025420\" data-element_type=\"widget\" data-e-type=\"widget\" data-widget_type=\"text-editor.default\">\n\t\t\t\t<div class=\"elementor-widget-container\">\n\t\t\t\t\t\t\t\t\t<p><span style=\"color: #000000;\">La Direcci\u00f3n de Administraci\u00f3n y Finanzas, tambi\u00e9n conocida como DAF, es una unidad que se encarga de administrar los recursos financieros de una organizaci\u00f3n, en este caso, de una municipalidad. Su objetivo principal es optimizar la gesti\u00f3n presupuestaria y financiera de la entidad para garantizar el cumplimiento de sus fines y objetivos.<\/span><\/p><p><span style=\"color: #000000;\">Entre las funciones y tareas espec\u00edficas que realiza la Direcci\u00f3n de Administraci\u00f3n y Finanzas se encuentran:<\/span><\/p><p><span style=\"color: #000000;\">&#8211; Elaborar el presupuesto anual de la municipalidad y supervisar su ejecuci\u00f3n.<\/span><br \/><span style=\"color: #000000;\">&#8211; Realizar el control y seguimiento de los ingresos y egresos municipales, y elaborar los informes financieros correspondientes.<\/span><br \/><span style=\"color: #000000;\">&#8211; Administrar y controlar los recursos econ\u00f3micos municipales, como los fondos, caudales y valores.<\/span><br \/><span style=\"color: #000000;\">&#8211; Controlar y fiscalizar el pago de impuestos y tributos municipales, y gestionar la recaudaci\u00f3n de los ingresos propios de la municipalidad.<\/span><br \/><span style=\"color: #000000;\">&#8211; Gestionar la contrataci\u00f3n de bienes y servicios de la municipalidad, y supervisar la ejecuci\u00f3n de los contratos.<\/span><br \/><span style=\"color: #000000;\">&#8211; Administrar el patrimonio y los bienes de la municipalidad, como edificios, veh\u00edculos, maquinarias, entre otros.<\/span><br \/><span style=\"color: #000000;\">&#8211; Proporcionar apoyo t\u00e9cnico y asesoramiento a las distintas \u00e1reas de la municipalidad en materia financiera y presupuestaria.<\/span><br \/><span style=\"color: #000000;\">&#8211; Ejercer el control interno y la auditor\u00eda de la gesti\u00f3n financiera de la municipalidad.<\/span><\/p><p><span style=\"color: #000000;\">En resumen, la Direcci\u00f3n de Administraci\u00f3n y Finanzas es una unidad encargada de administrar los recursos financieros de una organizaci\u00f3n municipal, con el objetivo de optimizar su gesti\u00f3n presupuestaria y financiera y garantizar el cumplimiento de sus fines y objetivos. Para ello, esta direcci\u00f3n desarrolla diversas funciones y tareas como la elaboraci\u00f3n del presupuesto, el control de los ingresos y egresos, la administraci\u00f3n de los recursos econ\u00f3micos, la gesti\u00f3n de la contrataci\u00f3n de bienes y servicios, la administraci\u00f3n del patrimonio y los bienes, el apoyo t\u00e9cnico a las distintas \u00e1reas municipales y el control interno y auditor\u00eda financiera.<\/span><\/p>\t\t\t\t\t\t\t\t<\/div>\n\t\t\t\t<\/div>\n\t\t\t\t\t<\/div>\n\t\t\t\t<\/div>\n\t\t<div class=\"elementor-element elementor-element-2fd0091 e-flex e-con-boxed e-con e-parent\" data-id=\"2fd0091\" data-element_type=\"container\" data-e-type=\"container\" data-settings=\"{&quot;tmea_shape_divider_top&quot;:&quot;none&quot;,&quot;tmea_shape_divider_bottom&quot;:&quot;none&quot;}\">\n\t\t\t\t\t<div class=\"e-con-inner\">\n\t\t\t\t<div class=\"elementor-element elementor-element-1c96283 elementor-widget elementor-widget-spacer\" data-id=\"1c96283\" data-element_type=\"widget\" data-e-type=\"widget\" data-widget_type=\"spacer.default\">\n\t\t\t\t<div class=\"elementor-widget-container\">\n\t\t\t\t\t\t\t<div class=\"elementor-spacer\">\n\t\t\t<div class=\"elementor-spacer-inner\"><\/div>\n\t\t<\/div>\n\t\t\t\t\t\t<\/div>\n\t\t\t\t<\/div>\n\t\t\t\t\t<\/div>\n\t\t\t\t<\/div>\n\t\t<div class=\"elementor-element elementor-element-2fce5cb e-flex e-con-boxed e-con e-parent\" data-id=\"2fce5cb\" data-element_type=\"container\" data-e-type=\"container\" data-settings=\"{&quot;tmea_shape_divider_top&quot;:&quot;none&quot;,&quot;tmea_shape_divider_bottom&quot;:&quot;none&quot;}\">\n\t\t\t\t\t<div class=\"e-con-inner\">\n\t\t<div class=\"elementor-element elementor-element-77f406b e-con-full e-flex e-con e-child\" data-id=\"77f406b\" data-element_type=\"container\" data-e-type=\"container\" data-settings=\"{&quot;tmea_shape_divider_top&quot;:&quot;none&quot;,&quot;tmea_shape_divider_bottom&quot;:&quot;none&quot;}\">\n\t\t\t\t<div class=\"elementor-element elementor-element-f019686 elementor-widget elementor-widget-image\" data-id=\"f019686\" data-element_type=\"widget\" data-e-type=\"widget\" data-widget_type=\"image.default\">\n\t\t\t\t<div class=\"elementor-widget-container\">\n\t\t\t\t\t\t\t\t\t\t\t\t<figure class=\"wp-caption\">\n\t\t\t\t\t\t\t\t\t\t\t<a href=\"https:\/\/municipalidaddeportezuelo.cl\/organigrama\/Organigrama2022\/daf.html\">\n\t\t\t\t\t\t\t<img fetchpriority=\"high\" decoding=\"async\" width=\"1024\" height=\"576\" src=\"https:\/\/mportezuelo.cl\/Inicio\/wp-content\/uploads\/2024\/05\/DSC01446-1024x576.jpg\" class=\"attachment-large size-large wp-image-2329\" alt=\"\" srcset=\"https:\/\/mportezuelo.cl\/Inicio\/wp-content\/uploads\/2024\/05\/DSC01446-1024x576.jpg 1024w, https:\/\/mportezuelo.cl\/Inicio\/wp-content\/uploads\/2024\/05\/DSC01446-300x169.jpg 300w, https:\/\/mportezuelo.cl\/Inicio\/wp-content\/uploads\/2024\/05\/DSC01446-768x432.jpg 768w, https:\/\/mportezuelo.cl\/Inicio\/wp-content\/uploads\/2024\/05\/DSC01446-1536x864.jpg 1536w, https:\/\/mportezuelo.cl\/Inicio\/wp-content\/uploads\/2024\/05\/DSC01446-2048x1152.jpg 2048w, https:\/\/mportezuelo.cl\/Inicio\/wp-content\/uploads\/2024\/05\/DSC01446-820x461.jpg 820w, https:\/\/mportezuelo.cl\/Inicio\/wp-content\/uploads\/2024\/05\/DSC01446-1170x658.jpg 1170w, https:\/\/mportezuelo.cl\/Inicio\/wp-content\/uploads\/2024\/05\/DSC01446-177x100.jpg 177w\" sizes=\"(max-width: 1024px) 100vw, 1024px\" \/>\t\t\t\t\t\t\t\t<\/a>\n\t\t\t\t\t\t\t\t\t\t\t<figcaption class=\"widget-image-caption wp-caption-text\">Directora DAF<\/figcaption>\n\t\t\t\t\t\t\t\t\t\t<\/figure>\n\t\t\t\t\t\t\t\t\t<\/div>\n\t\t\t\t<\/div>\n\t\t\t\t<\/div>\n\t\t<div class=\"elementor-element elementor-element-471e6a3 e-con-full e-flex e-con e-child\" data-id=\"471e6a3\" data-element_type=\"container\" data-e-type=\"container\" data-settings=\"{&quot;tmea_shape_divider_top&quot;:&quot;none&quot;,&quot;tmea_shape_divider_bottom&quot;:&quot;none&quot;}\">\n\t\t\t\t<div class=\"elementor-element elementor-element-f88d226 elementor-widget elementor-widget-text-editor\" data-id=\"f88d226\" data-element_type=\"widget\" data-e-type=\"widget\" data-widget_type=\"text-editor.default\">\n\t\t\t\t<div class=\"elementor-widget-container\">\n\t\t\t\t\t\t\t\t\t<p><span style=\"color: #000000;\">Direcci\u00f3n: <strong>Administraci\u00f3n y Finanzas.<\/strong><\/span><\/p><p><span style=\"color: #000000;\">Ubicaci\u00f3n: <strong>San Mart\u00edn 350, Portezuelo.<\/strong><\/span><\/p><p><span style=\"color: #000000;\"><strong>Horarios de atenci\u00f3n:<\/strong><\/span><\/p><ul><li><span style=\"color: #000000;\">Lunes a Jueves de: 08:30 a 13:30 y de 14:00 a 17:35<\/span><\/li><li><span style=\"color: #000000;\">Viernes: 08:30 a 13:30 y de 14:00 a 16<\/span><span style=\"color: #000000;\">:30<\/span><\/li><\/ul>\t\t\t\t\t\t\t\t<\/div>\n\t\t\t\t<\/div>\n\t\t\t\t<\/div>\n\t\t\t\t\t<\/div>\n\t\t\t\t<\/div>\n\t\t\t\t<\/div>\n\t\t","protected":false},"excerpt":{"rendered":"<p>La Direcci\u00f3n de Administraci\u00f3n y Finanzas, tambi\u00e9n conocida como DAF, es una unidad que se encarga de administrar los recursos financieros de una organizaci\u00f3n, en este caso, de una municipalidad. Su objetivo principal es optimizar la gesti\u00f3n presupuestaria y financiera de la entidad para garantizar el cumplimiento de sus fines y objetivos. Entre las funciones [&hellip;]<\/p>\n","protected":false},"author":1,"featured_media":0,"parent":0,"menu_order":0,"comment_status":"closed","ping_status":"closed","template":"","meta":{"_monsterinsights_skip_tracking":false,"_monsterinsights_sitenote_active":false,"_monsterinsights_sitenote_note":"","_monsterinsights_sitenote_category":0,"iawp_total_views":1046,"footnotes":""},"class_list":["post-2485","page","type-page","status-publish","hentry"],"aioseo_notices":[],"_links":{"self":[{"href":"https:\/\/mportezuelo.cl\/Inicio\/wp-json\/wp\/v2\/pages\/2485","targetHints":{"allow":["GET"]}}],"collection":[{"href":"https:\/\/mportezuelo.cl\/Inicio\/wp-json\/wp\/v2\/pages"}],"about":[{"href":"https:\/\/mportezuelo.cl\/Inicio\/wp-json\/wp\/v2\/types\/page"}],"author":[{"embeddable":true,"href":"https:\/\/mportezuelo.cl\/Inicio\/wp-json\/wp\/v2\/users\/1"}],"replies":[{"embeddable":true,"href":"https:\/\/mportezuelo.cl\/Inicio\/wp-json\/wp\/v2\/comments?post=2485"}],"version-history":[{"count":38,"href":"https:\/\/mportezuelo.cl\/Inicio\/wp-json\/wp\/v2\/pages\/2485\/revisions"}],"predecessor-version":[{"id":7883,"href":"https:\/\/mportezuelo.cl\/Inicio\/wp-json\/wp\/v2\/pages\/2485\/revisions\/7883"}],"wp:attachment":[{"href":"https:\/\/mportezuelo.cl\/Inicio\/wp-json\/wp\/v2\/media?parent=2485"}],"curies":[{"name":"wp","href":"https:\/\/api.w.org\/{rel}","templated":true}]}}