{"id":2479,"date":"2024-05-07T13:57:56","date_gmt":"2024-05-07T16:57:56","guid":{"rendered":"https:\/\/mportezuelo.cl\/Inicio\/?page_id=2479"},"modified":"2025-02-24T16:09:58","modified_gmt":"2025-02-24T19:09:58","slug":"direccion-de-seguridad-publica","status":"publish","type":"page","link":"https:\/\/mportezuelo.cl\/Inicio\/direccion-de-seguridad-publica\/","title":{"rendered":"Direcci\u00f3n de Seguridad P\u00fablica"},"content":{"rendered":"\t\t<div data-elementor-type=\"wp-page\" data-elementor-id=\"2479\" class=\"elementor elementor-2479\" data-elementor-post-type=\"page\">\n\t\t\t\t<div class=\"elementor-element elementor-element-a28f82f e-flex e-con-boxed e-con e-parent\" data-id=\"a28f82f\" data-element_type=\"container\" data-e-type=\"container\" data-settings=\"{&quot;tmea_shape_divider_top&quot;:&quot;none&quot;,&quot;tmea_shape_divider_bottom&quot;:&quot;none&quot;}\">\n\t\t\t\t\t<div class=\"e-con-inner\">\n\t\t\n\t\t<div class=\"elementor-element elementor-element-6fe7c56c elementor-widget elementor-widget-text-editor\" data-id=\"6fe7c56c\" data-element_type=\"widget\" data-e-type=\"widget\" data-widget_type=\"text-editor.default\">\n\t\t\t\t<div class=\"elementor-widget-container\">\n\t\t\t\t\t\t\t\t\t<p><span style=\"color: #000000;\">La Direcci\u00f3n de Seguridad P\u00fablica es una unidad encargada de planificar, coordinar y ejecutar acciones tendientes a la seguridad ciudadana en la comuna. Su objetivo principal es proporcionar seguridad y tranquilidad a las personas que habitan o visitan la localidad.<\/span><\/p><p><span style=\"color: #000000;\">Entre las principales funciones y tareas de la Direcci\u00f3n de Seguridad P\u00fablica se encuentran:<\/span><\/p><p><span style=\"color: #000000;\">&#8211; Planificar y coordinar acciones de prevenci\u00f3n del delito y vigilancia en la comuna, en colaboraci\u00f3n con las entidades encargadas de la seguridad p\u00fablica a nivel local, regional y nacional.<\/span><br \/><span style=\"color: #000000;\">&#8211; Proporcionar informaci\u00f3n y asesoramiento a la poblaci\u00f3n en materia de seguridad ciudadana, como medidas preventivas, sistemas de seguridad, denuncias y otros aspectos.<\/span><br \/><span style=\"color: #000000;\">&#8211; Coordinar la participaci\u00f3n ciudadana en la prevenci\u00f3n del delito, elaborando campa\u00f1as y programas educativos para fomentar la cultura de la prevenci\u00f3n y la participaci\u00f3n activa de la poblaci\u00f3n.<\/span><br \/><span style=\"color: #000000;\">&#8211; Coordinar y establecer alianzas con otras entidades p\u00fablicas, privadas y comunitarias para realizar actividades de prevenci\u00f3n y vigilancia del delito.<\/span><br \/><span style=\"color: #000000;\">&#8211; Monitorear y evaluar los \u00edndices de seguridad y delincuencia en la comuna, identificando las zonas de mayor riesgo y estableciendo estrategias para abordarlas.<\/span><br \/><span style=\"color: #000000;\">&#8211; Elaborar planes de contingencia y coordinar acciones de emergencia en caso de desastres o situaciones de emergencia.<\/span><\/p><p><span style=\"color: #000000;\">En resumen, la Direcci\u00f3n de Seguridad P\u00fablica es una unidad encargada de planificar, coordinar y ejecutar acciones de prevenci\u00f3n y vigilancia en la comuna, con el objetivo de proporcionar seguridad y tranquilidad a la poblaci\u00f3n. Esta direcci\u00f3n se encarga de establecer alianzas y coordinar con otras entidades p\u00fablicas, privadas y comunitarias para fomentar la cultura de la prevenci\u00f3n, monitorear y evaluar los \u00edndices de seguridad delincuencia en la comuna y elaborar planes de contingencia para emergencias.<\/span><\/p>\t\t\t\t\t\t\t\t<\/div>\n\t\t\t\t<\/div>\n\t\t\t\t\t<\/div>\n\t\t\t\t<\/div>\n\t\t<div class=\"elementor-element elementor-element-f834957 e-flex e-con-boxed e-con e-parent\" data-id=\"f834957\" data-element_type=\"container\" data-e-type=\"container\" data-settings=\"{&quot;tmea_shape_divider_top&quot;:&quot;none&quot;,&quot;tmea_shape_divider_bottom&quot;:&quot;none&quot;}\">\n\t\t\t\t\t<div class=\"e-con-inner\">\n\t\t<div class=\"elementor-element elementor-element-79c806d e-con-full e-flex e-con e-child\" data-id=\"79c806d\" data-element_type=\"container\" data-e-type=\"container\" data-settings=\"{&quot;tmea_shape_divider_top&quot;:&quot;none&quot;,&quot;tmea_shape_divider_bottom&quot;:&quot;none&quot;}\">\n\t\t\t\t<div class=\"elementor-element elementor-element-5610b27 elementor-widget elementor-widget-image\" data-id=\"5610b27\" data-element_type=\"widget\" data-e-type=\"widget\" data-widget_type=\"image.default\">\n\t\t\t\t<div class=\"elementor-widget-container\">\n\t\t\t\t\t\t\t\t\t\t\t\t\t\t\t\t<a href=\"https:\/\/municipalidaddeportezuelo.cl\/organigrama\/Organigrama2022\/seguridad.html\">\n\t\t\t\t\t\t\t<img fetchpriority=\"high\" decoding=\"async\" width=\"300\" height=\"220\" src=\"https:\/\/mportezuelo.cl\/Inicio\/wp-content\/uploads\/2025\/02\/aravena-300x220.jpg\" class=\"attachment-medium size-medium wp-image-8137\" alt=\"\" srcset=\"https:\/\/mportezuelo.cl\/Inicio\/wp-content\/uploads\/2025\/02\/aravena-300x220.jpg 300w, https:\/\/mportezuelo.cl\/Inicio\/wp-content\/uploads\/2025\/02\/aravena-1024x750.jpg 1024w, https:\/\/mportezuelo.cl\/Inicio\/wp-content\/uploads\/2025\/02\/aravena-768x563.jpg 768w, https:\/\/mportezuelo.cl\/Inicio\/wp-content\/uploads\/2025\/02\/aravena-1536x1125.jpg 1536w, https:\/\/mportezuelo.cl\/Inicio\/wp-content\/uploads\/2025\/02\/aravena-2048x1500.jpg 2048w\" sizes=\"(max-width: 300px) 100vw, 300px\" \/>\t\t\t\t\t\t\t\t<\/a>\n\t\t\t\t\t\t\t\t\t\t\t\t\t\t\t<\/div>\n\t\t\t\t<\/div>\n\t\t\t\t<div class=\"elementor-element elementor-element-5e2fa03 elementor-widget elementor-widget-heading\" data-id=\"5e2fa03\" data-element_type=\"widget\" data-e-type=\"widget\" data-widget_type=\"heading.default\">\n\t\t\t\t<div class=\"elementor-widget-container\">\n\t\t\t\t\t<h5 class=\"elementor-heading-title elementor-size-default\"><a href=\"https:\/\/municipalidaddeportezuelo.cl\/organigrama\/Organigrama2022\/seguridad.html\">Director<\/a><\/h5>\t\t\t\t<\/div>\n\t\t\t\t<\/div>\n\t\t\t\t<\/div>\n\t\t<div class=\"elementor-element elementor-element-812f900 e-con-full e-flex e-con e-child\" data-id=\"812f900\" data-element_type=\"container\" data-e-type=\"container\" data-settings=\"{&quot;tmea_shape_divider_top&quot;:&quot;none&quot;,&quot;tmea_shape_divider_bottom&quot;:&quot;none&quot;}\">\n\t\t\t\t<div class=\"elementor-element elementor-element-3e24abe elementor-widget elementor-widget-text-editor\" data-id=\"3e24abe\" data-element_type=\"widget\" data-e-type=\"widget\" data-widget_type=\"text-editor.default\">\n\t\t\t\t<div class=\"elementor-widget-container\">\n\t\t\t\t\t\t\t\t\t<p><span style=\"color: #000000;\">Direcci\u00f3n: <strong>Direcci\u00f3n De Seguridad P\u00fablica<\/strong><strong>.<\/strong><\/span><\/p><p><span style=\"color: #000000;\">Ubicaci\u00f3n: <strong>O&#8217;Higgins 403, Portezuelo.<\/strong><\/span><\/p><p><span style=\"color: #000000;\"><strong>Horarios de atenci\u00f3n:<\/strong><\/span><\/p><ul><li><span style=\"color: #000000;\">Lunes a Jueves de: 08:30 a 13:30 y de 14:00 a 17:35<\/span><\/li><li><span style=\"color: #000000;\">Viernes: 08:30 a 13:30 y de 14:00 a 16:30<\/span><\/li><\/ul>\t\t\t\t\t\t\t\t<\/div>\n\t\t\t\t<\/div>\n\t\t\t\t<\/div>\n\t\t\t\t\t<\/div>\n\t\t\t\t<\/div>\n\t\t\t\t<\/div>\n\t\t","protected":false},"excerpt":{"rendered":"<p>La Direcci\u00f3n de Seguridad P\u00fablica es una unidad encargada de planificar, coordinar y ejecutar acciones tendientes a la seguridad ciudadana en la comuna. Su objetivo principal es proporcionar seguridad y tranquilidad a las personas que habitan o visitan la localidad. Entre las principales funciones y tareas de la Direcci\u00f3n de Seguridad P\u00fablica se encuentran: &#8211; [&hellip;]<\/p>\n","protected":false},"author":1,"featured_media":0,"parent":0,"menu_order":0,"comment_status":"closed","ping_status":"closed","template":"","meta":{"_monsterinsights_skip_tracking":false,"_monsterinsights_sitenote_active":false,"_monsterinsights_sitenote_note":"","_monsterinsights_sitenote_category":0,"iawp_total_views":334,"footnotes":""},"class_list":["post-2479","page","type-page","status-publish","hentry"],"aioseo_notices":[],"_links":{"self":[{"href":"https:\/\/mportezuelo.cl\/Inicio\/wp-json\/wp\/v2\/pages\/2479","targetHints":{"allow":["GET"]}}],"collection":[{"href":"https:\/\/mportezuelo.cl\/Inicio\/wp-json\/wp\/v2\/pages"}],"about":[{"href":"https:\/\/mportezuelo.cl\/Inicio\/wp-json\/wp\/v2\/types\/page"}],"author":[{"embeddable":true,"href":"https:\/\/mportezuelo.cl\/Inicio\/wp-json\/wp\/v2\/users\/1"}],"replies":[{"embeddable":true,"href":"https:\/\/mportezuelo.cl\/Inicio\/wp-json\/wp\/v2\/comments?post=2479"}],"version-history":[{"count":25,"href":"https:\/\/mportezuelo.cl\/Inicio\/wp-json\/wp\/v2\/pages\/2479\/revisions"}],"predecessor-version":[{"id":8404,"href":"https:\/\/mportezuelo.cl\/Inicio\/wp-json\/wp\/v2\/pages\/2479\/revisions\/8404"}],"wp:attachment":[{"href":"https:\/\/mportezuelo.cl\/Inicio\/wp-json\/wp\/v2\/media?parent=2479"}],"curies":[{"name":"wp","href":"https:\/\/api.w.org\/{rel}","templated":true}]}}