{"id":2477,"date":"2024-05-07T13:52:18","date_gmt":"2024-05-07T16:52:18","guid":{"rendered":"https:\/\/mportezuelo.cl\/Inicio\/?page_id=2477"},"modified":"2024-05-17T12:01:41","modified_gmt":"2024-05-17T15:01:41","slug":"oficina-de-cultura","status":"publish","type":"page","link":"https:\/\/mportezuelo.cl\/Inicio\/oficina-de-cultura\/","title":{"rendered":"Oficina de Cultura"},"content":{"rendered":"<p><span style=\"color: #000000;\">La Oficina de Cultura es una unidad encargada de promover, proteger y difundir las manifestaciones y expresiones culturales en la comuna. Su objetivo principal es fomentar la identidad cultural y el patrimonio local, a trav\u00e9s del desarrollo de programas y actividades que permitan la participaci\u00f3n activa de la comunidad en la vida cultural de la comuna.<\/span><\/p>\n<p><span style=\"color: #000000;\">Entre las principales funciones y tareas de la Oficina de Cultura se encuentran:<\/span><\/p>\n<p><span style=\"color: #000000;\">&#8211; Promover la creaci\u00f3n y producci\u00f3n de expresiones culturales en la comuna, a trav\u00e9s de apoyo a artistas y creadores locales en la realizaci\u00f3n de proyectos culturales.<\/span><br \/>\n<span style=\"color: #000000;\">&#8211; Fomentar la toma de conciencia de la poblaci\u00f3n acerca de la importancia de la cultura y el patrimonio de la comuna, a trav\u00e9s de actividades educativas y de difusi\u00f3n.<\/span><br \/>\n<span style=\"color: #000000;\">&#8211; Organizar y coordinar eventos culturales en la comuna, tales como festivales, exposiciones, conciertos, obras de teatro y cine, entre otros.<\/span><br \/>\n<span style=\"color: #000000;\">&#8211; Difundir el patrimonio cultural y art\u00edstico de la comuna, a trav\u00e9s de la realizaci\u00f3n de publicaciones, cat\u00e1logos, sitios web y otros medios de comunicaci\u00f3n.<\/span><br \/>\n<span style=\"color: #000000;\">&#8211; Preservar y proteger el patrimonio cultural de la comuna, a trav\u00e9s de la conservaci\u00f3n y restauraci\u00f3n de bienes culturales y la creaci\u00f3n de pol\u00edticas y estrategias de gesti\u00f3n del patrimonio cultural.<\/span><br \/>\n<span style=\"color: #000000;\">&#8211; Fomentar la participaci\u00f3n comunitaria en la vida cultural de la comuna, promoviendo la creaci\u00f3n de espacios de encuentro y participaci\u00f3n activa de la poblaci\u00f3n en la organizaci\u00f3n y realizaci\u00f3n de actividades culturales.<\/span><br \/>\n<span style=\"color: #000000;\">&#8211; Colaborar con entidades p\u00fablicas y privadas para el desarrollo de pol\u00edticas culturales a nivel local, regional y nacional.<\/span><\/p>\n<p><span style=\"color: #000000;\">En resumen, la Oficina de Cultura es una unidad encargada de promover, proteger y difundir las manifestaciones culturales y art\u00edsticas en la comuna. Esta oficina tiene como principales funciones la organizaci\u00f3n de eventos culturales, la difusi\u00f3n del patrimonio local, la protecci\u00f3n y conservaci\u00f3n de bienes culturales y la promoci\u00f3n de la participaci\u00f3n activa de la comunidad en la vida cultural de la comuna.<\/span><\/p>\n","protected":false},"excerpt":{"rendered":"<p>La Oficina de Cultura es una unidad encargada de promover, proteger y difundir las manifestaciones y expresiones culturales en la comuna. Su objetivo principal es fomentar la identidad cultural y el patrimonio local, a trav\u00e9s del desarrollo de programas y actividades que permitan la participaci\u00f3n activa de la comunidad en la vida cultural de la [&hellip;]<\/p>\n","protected":false},"author":1,"featured_media":0,"parent":0,"menu_order":0,"comment_status":"closed","ping_status":"closed","template":"","meta":{"_monsterinsights_skip_tracking":false,"_monsterinsights_sitenote_active":false,"_monsterinsights_sitenote_note":"","_monsterinsights_sitenote_category":0,"iawp_total_views":187,"footnotes":""},"class_list":["post-2477","page","type-page","status-publish","hentry"],"aioseo_notices":[],"_links":{"self":[{"href":"https:\/\/mportezuelo.cl\/Inicio\/wp-json\/wp\/v2\/pages\/2477","targetHints":{"allow":["GET"]}}],"collection":[{"href":"https:\/\/mportezuelo.cl\/Inicio\/wp-json\/wp\/v2\/pages"}],"about":[{"href":"https:\/\/mportezuelo.cl\/Inicio\/wp-json\/wp\/v2\/types\/page"}],"author":[{"embeddable":true,"href":"https:\/\/mportezuelo.cl\/Inicio\/wp-json\/wp\/v2\/users\/1"}],"replies":[{"embeddable":true,"href":"https:\/\/mportezuelo.cl\/Inicio\/wp-json\/wp\/v2\/comments?post=2477"}],"version-history":[{"count":2,"href":"https:\/\/mportezuelo.cl\/Inicio\/wp-json\/wp\/v2\/pages\/2477\/revisions"}],"predecessor-version":[{"id":4038,"href":"https:\/\/mportezuelo.cl\/Inicio\/wp-json\/wp\/v2\/pages\/2477\/revisions\/4038"}],"wp:attachment":[{"href":"https:\/\/mportezuelo.cl\/Inicio\/wp-json\/wp\/v2\/media?parent=2477"}],"curies":[{"name":"wp","href":"https:\/\/api.w.org\/{rel}","templated":true}]}}