{"id":2475,"date":"2024-05-07T13:51:08","date_gmt":"2024-05-07T16:51:08","guid":{"rendered":"https:\/\/mportezuelo.cl\/Inicio\/?page_id=2475"},"modified":"2024-05-17T12:01:18","modified_gmt":"2024-05-17T15:01:18","slug":"oficina-comunal-de-deportes","status":"publish","type":"page","link":"https:\/\/mportezuelo.cl\/Inicio\/oficina-comunal-de-deportes\/","title":{"rendered":"Oficina Comunal de Deportes"},"content":{"rendered":"<p><span style=\"color: #000000;\">La Oficina Comunal de Deportes es una unidad encargada de promover y coordinar la actividad deportiva en la comuna. Esta oficina tiene como objetivo fomentar el deporte como medio de desarrollo integral de las personas, mejorando su calidad de vida a trav\u00e9s de la pr\u00e1ctica deportiva regular y en comunidad.<\/span><\/p>\n<p><span style=\"color: #000000;\">Entre las principales funciones y tareas de la Oficina Comunal de Deportes se encuentran:<\/span><\/p>\n<p><span style=\"color: #000000;\">&#8211; Promover la actividad deportiva en la comuna, fomentando la creaci\u00f3n de clubs deportivos y la celebraci\u00f3n de eventos deportivos.<\/span><br \/>\n<span style=\"color: #000000;\">&#8211; Coordinar la organizaci\u00f3n de actividades deportivas en la comuna, tales como encuentros, torneos, campeonatos y competiciones.<\/span><br \/>\n<span style=\"color: #000000;\">&#8211; Coordinar el uso y la gesti\u00f3n de las instalaciones deportivas y espacios p\u00fablicos acondicionados para la pr\u00e1ctica deportiva.<\/span><br \/>\n<span style=\"color: #000000;\">&#8211; Capacitar a las personas y dirigentes deportivos, a trav\u00e9s de cursos y talleres para mejorar el desempe\u00f1o de los clubes deportivos y la organizaci\u00f3n de eventos deportivos.<\/span><br \/>\n<span style=\"color: #000000;\">&#8211; Promover la inclusi\u00f3n social y la participaci\u00f3n en el deporte, generando oportunidades de acceso para todas las personas a la pr\u00e1ctica deportiva.<\/span><br \/>\n<span style=\"color: #000000;\">&#8211; Desarrollar iniciativas y proyectos para fomentar la activaci\u00f3n f\u00edsica de la poblaci\u00f3n, incluso en personas con capacidades diferentes o suceptibles de padecer enfermedades cr\u00f3nicas.<\/span><\/p>\n<p><span style=\"color: #000000;\">En resumen, la Oficina Comunal de Deportes es una unidad encargada de coordinar, impulsar y promocionar la actividad deportiva en la comuna, fomentando el desarrollo integral de las personas y la inclusi\u00f3n social a trav\u00e9s de la pr\u00e1ctica deportiva regular. Esta oficina tambi\u00e9n tiene la tarea de coordinar y velar el uso de las instalaciones deportivas y eventos deportivos en la Comuna, coordinando con entidades y organizaciones deportivas intermedias que favorezcan a la poblaci\u00f3n deportista de la comuna.<\/span><\/p>\n","protected":false},"excerpt":{"rendered":"<p>La Oficina Comunal de Deportes es una unidad encargada de promover y coordinar la actividad deportiva en la comuna. Esta oficina tiene como objetivo fomentar el deporte como medio de desarrollo integral de las personas, mejorando su calidad de vida a trav\u00e9s de la pr\u00e1ctica deportiva regular y en comunidad. Entre las principales funciones y [&hellip;]<\/p>\n","protected":false},"author":1,"featured_media":0,"parent":0,"menu_order":0,"comment_status":"closed","ping_status":"closed","template":"","meta":{"_monsterinsights_skip_tracking":false,"_monsterinsights_sitenote_active":false,"_monsterinsights_sitenote_note":"","_monsterinsights_sitenote_category":0,"iawp_total_views":59,"footnotes":""},"class_list":["post-2475","page","type-page","status-publish","hentry"],"aioseo_notices":[],"_links":{"self":[{"href":"https:\/\/mportezuelo.cl\/Inicio\/wp-json\/wp\/v2\/pages\/2475","targetHints":{"allow":["GET"]}}],"collection":[{"href":"https:\/\/mportezuelo.cl\/Inicio\/wp-json\/wp\/v2\/pages"}],"about":[{"href":"https:\/\/mportezuelo.cl\/Inicio\/wp-json\/wp\/v2\/types\/page"}],"author":[{"embeddable":true,"href":"https:\/\/mportezuelo.cl\/Inicio\/wp-json\/wp\/v2\/users\/1"}],"replies":[{"embeddable":true,"href":"https:\/\/mportezuelo.cl\/Inicio\/wp-json\/wp\/v2\/comments?post=2475"}],"version-history":[{"count":2,"href":"https:\/\/mportezuelo.cl\/Inicio\/wp-json\/wp\/v2\/pages\/2475\/revisions"}],"predecessor-version":[{"id":4037,"href":"https:\/\/mportezuelo.cl\/Inicio\/wp-json\/wp\/v2\/pages\/2475\/revisions\/4037"}],"wp:attachment":[{"href":"https:\/\/mportezuelo.cl\/Inicio\/wp-json\/wp\/v2\/media?parent=2475"}],"curies":[{"name":"wp","href":"https:\/\/api.w.org\/{rel}","templated":true}]}}