{"id":2465,"date":"2024-05-07T13:43:02","date_gmt":"2024-05-07T16:43:02","guid":{"rendered":"https:\/\/mportezuelo.cl\/Inicio\/?page_id=2465"},"modified":"2024-05-17T12:04:20","modified_gmt":"2024-05-17T15:04:20","slug":"oficina-de-transparencia-municipal","status":"publish","type":"page","link":"https:\/\/mportezuelo.cl\/Inicio\/oficina-de-transparencia-municipal\/","title":{"rendered":"Oficina de Transparencia Municipal"},"content":{"rendered":"<p><span style=\"color: #000000;\">La Oficina de Transparencia Municipal es una unidad encargada de promover la transparencia, la probidad y el acceso a la informaci\u00f3n p\u00fablica en la gesti\u00f3n de las municipalidades. Esta oficina tiene como objetivo fortalecer la democracia, la participaci\u00f3n ciudadana y la rendici\u00f3n de cuentas, mediante el fomento de una cultura de transparencia y apertura en la gesti\u00f3n de los recursos p\u00fablicos.<\/span><\/p>\n<p><span style=\"color: #000000;\">Entre las principales funciones y tareas de la Oficina de Transparencia Municipal se encuentran:<\/span><\/p>\n<p><span style=\"color: #000000;\">&#8211; Coordinaci\u00f3n y supervisi\u00f3n del cumplimiento de la Ley de Transparencia y Acceso a la Informaci\u00f3n P\u00fablica.<\/span><br \/>\n<span style=\"color: #000000;\">&#8211; Promoci\u00f3n de la transparencia y la rendici\u00f3n de cuentas en las actividades y acciones de la municipalidad, mediante la difusi\u00f3n de informaci\u00f3n p\u00fablica, y el acceso a los registros, documentos y datos de inter\u00e9s general.<\/span><br \/>\n<span style=\"color: #000000;\">&#8211; Atenci\u00f3n de solicitudes de acceso a la informaci\u00f3n p\u00fablica, recibiendo las solicitudes de los ciudadanos, evaluando la pertinencia y legalidad de las solicitudes y proporcionando la informaci\u00f3n solicitada.<\/span><br \/>\n<span style=\"color: #000000;\">&#8211; Capacitaci\u00f3n y formaci\u00f3n en materia de transparencia y acceso a la informaci\u00f3n, tanto para los trabajadores municipales como para la comunidad en general.<\/span><br \/>\n<span style=\"color: #000000;\">&#8211; Evaluaci\u00f3n y monitoreo de la gesti\u00f3n institucional y el uso de los recursos p\u00fablicos, con el fin de identificar posibles \u00e1reas de mejora, as\u00ed como prevenir y detectar actos de corrupci\u00f3n y malversaci\u00f3n de fondos.<\/span><br \/>\n<span style=\"color: #000000;\">&#8211; Recepci\u00f3n, tramitaci\u00f3n y seguimiento de reclamos, denuncias y quejas de la ciudadan\u00eda respecto al actuar de la municipalidad.<\/span><br \/>\n<span style=\"color: #000000;\">&#8211; Coordinaci\u00f3n y colaboraci\u00f3n con otras municipalidades, organismos y entidades gubernamentales en materia de transparencia y acceso a la informaci\u00f3n.<\/span><\/p>\n<p><span style=\"color: #000000;\">En resumen, la Oficina de Transparencia Municipal es una unidad encargada de fomentar la transparencia, la probidad y el acceso a la informaci\u00f3n p\u00fablica en la gesti\u00f3n de las municipalidades, con el prop\u00f3sito de garantizar una gesti\u00f3n eficiente, responsable y al servicio de la ciudadan\u00eda.<\/span><\/p>\n","protected":false},"excerpt":{"rendered":"<p>La Oficina de Transparencia Municipal es una unidad encargada de promover la transparencia, la probidad y el acceso a la informaci\u00f3n p\u00fablica en la gesti\u00f3n de las municipalidades. Esta oficina tiene como objetivo fortalecer la democracia, la participaci\u00f3n ciudadana y la rendici\u00f3n de cuentas, mediante el fomento de una cultura de transparencia y apertura en [&hellip;]<\/p>\n","protected":false},"author":1,"featured_media":0,"parent":0,"menu_order":0,"comment_status":"closed","ping_status":"closed","template":"","meta":{"_monsterinsights_skip_tracking":false,"_monsterinsights_sitenote_active":false,"_monsterinsights_sitenote_note":"","_monsterinsights_sitenote_category":0,"iawp_total_views":2076,"footnotes":""},"class_list":["post-2465","page","type-page","status-publish","hentry"],"aioseo_notices":[],"_links":{"self":[{"href":"https:\/\/mportezuelo.cl\/Inicio\/wp-json\/wp\/v2\/pages\/2465","targetHints":{"allow":["GET"]}}],"collection":[{"href":"https:\/\/mportezuelo.cl\/Inicio\/wp-json\/wp\/v2\/pages"}],"about":[{"href":"https:\/\/mportezuelo.cl\/Inicio\/wp-json\/wp\/v2\/types\/page"}],"author":[{"embeddable":true,"href":"https:\/\/mportezuelo.cl\/Inicio\/wp-json\/wp\/v2\/users\/1"}],"replies":[{"embeddable":true,"href":"https:\/\/mportezuelo.cl\/Inicio\/wp-json\/wp\/v2\/comments?post=2465"}],"version-history":[{"count":2,"href":"https:\/\/mportezuelo.cl\/Inicio\/wp-json\/wp\/v2\/pages\/2465\/revisions"}],"predecessor-version":[{"id":4043,"href":"https:\/\/mportezuelo.cl\/Inicio\/wp-json\/wp\/v2\/pages\/2465\/revisions\/4043"}],"wp:attachment":[{"href":"https:\/\/mportezuelo.cl\/Inicio\/wp-json\/wp\/v2\/media?parent=2465"}],"curies":[{"name":"wp","href":"https:\/\/api.w.org\/{rel}","templated":true}]}}