{"id":2458,"date":"2024-05-07T13:34:55","date_gmt":"2024-05-07T16:34:55","guid":{"rendered":"https:\/\/mportezuelo.cl\/Inicio\/?page_id=2458"},"modified":"2024-05-17T12:05:23","modified_gmt":"2024-05-17T15:05:23","slug":"oficina-de-vivienda","status":"publish","type":"page","link":"https:\/\/mportezuelo.cl\/Inicio\/oficina-de-vivienda\/","title":{"rendered":"Oficina de Vivienda y EGIS Municipal"},"content":{"rendered":"<p><span style=\"color: #000000;\">La Oficina de Vivienda es una unidad administrativa presente en muchas municipalidades, que tiene como principal objetivo promover el acceso a una vivienda digna y adecuada para todos los habitantes de la comunidad. En resumen, la Oficina de Vivienda trabaja para garantizar el acceso a la vivienda a las personas y las familias que lo necesitan, con el fin de mejorar la calidad de vida de los habitantes de la comunidad. EL EGIS Municipal es una unidad t\u00e9cnica que se encarga de gestionar, coordinar y ejecutar proyectos habitacionales para la comunidad, con el objetivo de mejorar la calidad de vida de las personas y familias, fomentando el acceso a una vivienda digna y adecuada en el territorio municipal.<\/span><\/p>\n<p><span style=\"color: #000000;\">Entre las principales funciones y tareas de la Oficina de Vivienda y EGIS Municipal se encuentran:<\/span><\/p>\n<p><span style=\"color: #000000;\">&#8211; Asesoramiento y orientaci\u00f3n a las personas que buscan acceder a una vivienda, brindando informaci\u00f3n sobre los programas y beneficios disponibles, los requisitos y procedimientos a seguir.<\/span><br \/>\n<span style=\"color: #000000;\">&#8211; Gesti\u00f3n de programas habitacionales, como la entrega de subsidios de vivienda, la construcci\u00f3n o reparaci\u00f3n de viviendas sociales, entre otros.<\/span><br \/>\n<span style=\"color: #000000;\">&#8211; Tramitaci\u00f3n y gesti\u00f3n de solicitudes de viviendas sociales, ya sea para arriendo o para compra.<\/span><br \/>\n<span style=\"color: #000000;\">&#8211; Control de las viviendas sociales entregadas por el municipio, asegur\u00e1ndose de su correcta ocupaci\u00f3n y mantenci\u00f3n.<\/span><br \/>\n<span style=\"color: #000000;\">&#8211; Coordinaci\u00f3n con otras entidades y organismos involucrados en la gesti\u00f3n y fomento del acceso a la vivienda, como el Servicio de Vivienda y Urbanismo (SERVIU) y las empresas constructoras privadas.<\/span><br \/>\n<span style=\"color: #000000;\">&#8211; Promoci\u00f3n de la construcci\u00f3n de viviendas sociales y fomento de la inversi\u00f3n en el sector inmobiliario.<\/span><br \/>\n<span style=\"color: #000000;\">&#8211; Desarrollo de proyectos habitacionales de inter\u00e9s social, que tengan en cuenta las necesidades espec\u00edficas de las familias m\u00e1s vulnerables.<\/span><br \/>\n<span style=\"color: #000000;\">&#8211; Participaci\u00f3n en la formulaci\u00f3n de pol\u00edticas p\u00fablicas y planes de desarrollo urbano para el municipio, con el objetivo de garantizar el acceso a la vivienda y mejorar la calidad de vida de los habitantes.<\/span><br \/>\n<span style=\"color: #000000;\">&#8211; Desarrollo de campa\u00f1as de divulgaci\u00f3n y sensibilizaci\u00f3n sobre el derecho a la vivienda, y la importancia de una vivienda adecuada y segura.<\/span><br \/>\n<span style=\"color: #000000;\">&#8211; Fiscalizaci\u00f3n de condiciones de habitabilidad en las viviendas del municipio, asegur\u00e1ndose del cumplimiento de las normativas de habitabilidad.<\/span><br \/>\n<span style=\"color: #000000;\">&#8211; Creaci\u00f3n y gesti\u00f3n de convenios con otras entidades gubernamentales o privadas para facilitar el acceso de personas a una vivienda digna y adecuada.<\/span><\/p>\n","protected":false},"excerpt":{"rendered":"<p>La Oficina de Vivienda es una unidad administrativa presente en muchas municipalidades, que tiene como principal objetivo promover el acceso a una vivienda digna y adecuada para todos los habitantes de la comunidad. En resumen, la Oficina de Vivienda trabaja para garantizar el acceso a la vivienda a las personas y las familias que lo [&hellip;]<\/p>\n","protected":false},"author":1,"featured_media":0,"parent":0,"menu_order":0,"comment_status":"closed","ping_status":"closed","template":"","meta":{"_monsterinsights_skip_tracking":false,"_monsterinsights_sitenote_active":false,"_monsterinsights_sitenote_note":"","_monsterinsights_sitenote_category":0,"iawp_total_views":478,"footnotes":""},"class_list":["post-2458","page","type-page","status-publish","hentry"],"aioseo_notices":[],"_links":{"self":[{"href":"https:\/\/mportezuelo.cl\/Inicio\/wp-json\/wp\/v2\/pages\/2458","targetHints":{"allow":["GET"]}}],"collection":[{"href":"https:\/\/mportezuelo.cl\/Inicio\/wp-json\/wp\/v2\/pages"}],"about":[{"href":"https:\/\/mportezuelo.cl\/Inicio\/wp-json\/wp\/v2\/types\/page"}],"author":[{"embeddable":true,"href":"https:\/\/mportezuelo.cl\/Inicio\/wp-json\/wp\/v2\/users\/1"}],"replies":[{"embeddable":true,"href":"https:\/\/mportezuelo.cl\/Inicio\/wp-json\/wp\/v2\/comments?post=2458"}],"version-history":[{"count":4,"href":"https:\/\/mportezuelo.cl\/Inicio\/wp-json\/wp\/v2\/pages\/2458\/revisions"}],"predecessor-version":[{"id":4045,"href":"https:\/\/mportezuelo.cl\/Inicio\/wp-json\/wp\/v2\/pages\/2458\/revisions\/4045"}],"wp:attachment":[{"href":"https:\/\/mportezuelo.cl\/Inicio\/wp-json\/wp\/v2\/media?parent=2458"}],"curies":[{"name":"wp","href":"https:\/\/api.w.org\/{rel}","templated":true}]}}