{"id":2456,"date":"2024-05-07T13:33:32","date_gmt":"2024-05-07T16:33:32","guid":{"rendered":"https:\/\/mportezuelo.cl\/Inicio\/?page_id=2456"},"modified":"2025-09-10T10:27:40","modified_gmt":"2025-09-10T13:27:40","slug":"oficina-municipal-de-informacion-laboral-omil","status":"publish","type":"page","link":"https:\/\/mportezuelo.cl\/Inicio\/oficina-municipal-de-informacion-laboral-omil\/","title":{"rendered":"Oficina Municipal de Informaci\u00f3n Laboral (OMIL)"},"content":{"rendered":"\t\t<div data-elementor-type=\"wp-page\" data-elementor-id=\"2456\" class=\"elementor elementor-2456\" data-elementor-post-type=\"page\">\n\t\t\t\t<div class=\"elementor-element elementor-element-17d4d48 e-flex e-con-boxed e-con e-parent\" data-id=\"17d4d48\" data-element_type=\"container\" data-e-type=\"container\" data-settings=\"{&quot;tmea_shape_divider_top&quot;:&quot;none&quot;,&quot;tmea_shape_divider_bottom&quot;:&quot;none&quot;}\">\n\t\t\t\t\t<div class=\"e-con-inner\">\n\t\t\n\t\t<div class=\"elementor-element elementor-element-3766c90 elementor-widget elementor-widget-text-editor\" data-id=\"3766c90\" data-element_type=\"widget\" data-e-type=\"widget\" data-widget_type=\"text-editor.default\">\n\t\t\t\t<div class=\"elementor-widget-container\">\n\t\t\t\t\t\t\t\t\t<p>La OMIL, es la oficina encargada de mejorar las condiciones de empleabilidad de usuarios de la comuna. Generando un v\u00ednculo con empresas locales y regionales, estableciendo una coordinaci\u00f3n entre la oferta y demanda de empleo, derivaciones a cursos de capacitaci\u00f3n, nivelaci\u00f3n de estudios, subsidios de empleo y orientaci\u00f3n laboral.<\/p><p>Por su parte, el Programa Fortalecimiento OMIL, viene en fortalecer a la OMIL que ya existe y tiene como objetivo en relaci\u00f3n con la categor\u00eda gesti\u00f3n intermedia, entregar un servicio enfocado en la habilitaci\u00f3n y orientaci\u00f3n laboral a todos los usuarios\/as que lo requieran.<\/p>\t\t\t\t\t\t\t\t<\/div>\n\t\t\t\t<\/div>\n\t\t\t\t\t<\/div>\n\t\t\t\t<\/div>\n\t\t<div class=\"elementor-element elementor-element-95ebff4 e-flex e-con-boxed e-con e-parent\" data-id=\"95ebff4\" data-element_type=\"container\" data-e-type=\"container\" data-settings=\"{&quot;tmea_shape_divider_top&quot;:&quot;none&quot;,&quot;tmea_shape_divider_bottom&quot;:&quot;none&quot;}\">\n\t\t\t\t\t<div class=\"e-con-inner\">\n\t\t\t\t<div class=\"elementor-element elementor-element-f2b159f elementor-widget elementor-widget-spacer\" data-id=\"f2b159f\" data-element_type=\"widget\" data-e-type=\"widget\" data-widget_type=\"spacer.default\">\n\t\t\t\t<div class=\"elementor-widget-container\">\n\t\t\t\t\t\t\t<div class=\"elementor-spacer\">\n\t\t\t<div class=\"elementor-spacer-inner\"><\/div>\n\t\t<\/div>\n\t\t\t\t\t\t<\/div>\n\t\t\t\t<\/div>\n\t\t\t\t\t<\/div>\n\t\t\t\t<\/div>\n\t\t<div class=\"elementor-element elementor-element-9a2c603 e-flex e-con-boxed e-con e-parent\" data-id=\"9a2c603\" data-element_type=\"container\" data-e-type=\"container\" data-settings=\"{&quot;tmea_shape_divider_top&quot;:&quot;none&quot;,&quot;tmea_shape_divider_bottom&quot;:&quot;none&quot;}\">\n\t\t\t\t\t<div class=\"e-con-inner\">\n\t\t<div class=\"elementor-element elementor-element-98e13d2 e-con-full e-flex e-con e-child\" data-id=\"98e13d2\" data-element_type=\"container\" data-e-type=\"container\" data-settings=\"{&quot;tmea_shape_divider_top&quot;:&quot;none&quot;,&quot;tmea_shape_divider_bottom&quot;:&quot;none&quot;}\">\n\t\t\t\t<div class=\"elementor-element elementor-element-3036a3c elementor-widget elementor-widget-image\" data-id=\"3036a3c\" data-element_type=\"widget\" data-e-type=\"widget\" data-widget_type=\"image.default\">\n\t\t\t\t<div class=\"elementor-widget-container\">\n\t\t\t\t\t\t\t\t\t\t\t\t\t\t\t<img fetchpriority=\"high\" decoding=\"async\" width=\"559\" height=\"257\" src=\"https:\/\/mportezuelo.cl\/Inicio\/wp-content\/uploads\/2025\/09\/omil04.jpg\" class=\"attachment-large size-large wp-image-9836\" alt=\"\" srcset=\"https:\/\/mportezuelo.cl\/Inicio\/wp-content\/uploads\/2025\/09\/omil04.jpg 559w, https:\/\/mportezuelo.cl\/Inicio\/wp-content\/uploads\/2025\/09\/omil04-300x138.jpg 300w\" sizes=\"(max-width: 559px) 100vw, 559px\" \/>\t\t\t\t\t\t\t\t\t\t\t\t\t\t\t<\/div>\n\t\t\t\t<\/div>\n\t\t\t\t<\/div>\n\t\t<div class=\"elementor-element elementor-element-ac774b5 e-con-full e-flex e-con e-child\" data-id=\"ac774b5\" data-element_type=\"container\" data-e-type=\"container\" data-settings=\"{&quot;tmea_shape_divider_top&quot;:&quot;none&quot;,&quot;tmea_shape_divider_bottom&quot;:&quot;none&quot;}\">\n\t\t\t\t<div class=\"elementor-element elementor-element-fe35106 elementor-widget elementor-widget-text-editor\" data-id=\"fe35106\" data-element_type=\"widget\" data-e-type=\"widget\" data-widget_type=\"text-editor.default\">\n\t\t\t\t<div class=\"elementor-widget-container\">\n\t\t\t\t\t\t\t\t\t<h3>El equipo est\u00e1 compuesto de cuatro profesionales:<\/h3><ul><li>Ejecutivo atenci\u00f3n de p\u00fablico: Brindar atenci\u00f3n inicial y orientaci\u00f3n laboral b\u00e1sica a los\/as usuarios\/as de la OMIL, diferenciando oportunidades de empleo, empleabilidad y\/o derivaci\u00f3n a servicios, dentro y fuera del Municipio.<\/li><li>Ejecutivo empresas: Gestionar el contacto con las empresas para trabajar en conjunto con SENCE, con la finalidad de proveer vacantes a la OMIL para derivar a las personas en b\u00fasqueda de empleo. Establecer y mantener el v\u00ednculo con el sector empresarial de la comuna.<\/li><\/ul>\t\t\t\t\t\t\t\t<\/div>\n\t\t\t\t<\/div>\n\t\t\t\t<\/div>\n\t\t\t\t\t<\/div>\n\t\t\t\t<\/div>\n\t\t<div class=\"elementor-element elementor-element-f94fdbe e-flex e-con-boxed e-con e-parent\" data-id=\"f94fdbe\" data-element_type=\"container\" data-e-type=\"container\" data-settings=\"{&quot;tmea_shape_divider_top&quot;:&quot;none&quot;,&quot;tmea_shape_divider_bottom&quot;:&quot;none&quot;}\">\n\t\t\t\t\t<div class=\"e-con-inner\">\n\t\t\t\t<div class=\"elementor-element elementor-element-15e485c elementor-widget elementor-widget-text-editor\" data-id=\"15e485c\" data-element_type=\"widget\" data-e-type=\"widget\" data-widget_type=\"text-editor.default\">\n\t\t\t\t<div class=\"elementor-widget-container\">\n\t\t\t\t\t\t\t\t\t<ul><li>Orientadora laboral: Prestar el servicio de orientaci\u00f3n laboral avanzada a los\/as usuarios\/as de la OMIL, contribuyendo al desarrollo de habilidades y competencias de las personas en b\u00fasqueda de empleo.<\/li><li>Encargada OMIL: Dirigir la Oficina Municipal de Informaci\u00f3n Laboral y el Programa de Fortalecimiento OMIL, siguiendo las directrices t\u00e9cnicas del SENCE.<\/li><\/ul>\t\t\t\t\t\t\t\t<\/div>\n\t\t\t\t<\/div>\n\t\t\t\t\t<\/div>\n\t\t\t\t<\/div>\n\t\t<div class=\"elementor-element elementor-element-2b5bff6 e-flex e-con-boxed e-con e-parent\" data-id=\"2b5bff6\" data-element_type=\"container\" data-e-type=\"container\" data-settings=\"{&quot;tmea_shape_divider_top&quot;:&quot;none&quot;,&quot;tmea_shape_divider_bottom&quot;:&quot;none&quot;}\">\n\t\t\t\t\t<div class=\"e-con-inner\">\n\t\t\t\t<div class=\"elementor-element elementor-element-20d349e elementor-widget elementor-widget-heading\" data-id=\"20d349e\" data-element_type=\"widget\" data-e-type=\"widget\" data-widget_type=\"heading.default\">\n\t\t\t\t<div class=\"elementor-widget-container\">\n\t\t\t\t\t<h2 class=\"elementor-heading-title elementor-size-default\">Entre las principales funciones y tareas de la Oficina Municipal de Informaci\u00f3n Laboral se encuentran:<\/h2>\t\t\t\t<\/div>\n\t\t\t\t<\/div>\n\t\t\t\t\t<\/div>\n\t\t\t\t<\/div>\n\t\t<div class=\"elementor-element elementor-element-c91e870 e-flex e-con-boxed e-con e-parent\" data-id=\"c91e870\" data-element_type=\"container\" data-e-type=\"container\" data-settings=\"{&quot;tmea_shape_divider_top&quot;:&quot;none&quot;,&quot;tmea_shape_divider_bottom&quot;:&quot;none&quot;}\">\n\t\t\t\t\t<div class=\"e-con-inner\">\n\t\t<div class=\"elementor-element elementor-element-42a4a0a e-con-full e-flex e-con e-child\" data-id=\"42a4a0a\" data-element_type=\"container\" data-e-type=\"container\" data-settings=\"{&quot;tmea_shape_divider_top&quot;:&quot;none&quot;,&quot;tmea_shape_divider_bottom&quot;:&quot;none&quot;}\">\n\t\t\t\t<div class=\"elementor-element elementor-element-fcae261 elementor-widget elementor-widget-text-editor\" data-id=\"fcae261\" data-element_type=\"widget\" data-e-type=\"widget\" data-widget_type=\"text-editor.default\">\n\t\t\t\t<div class=\"elementor-widget-container\">\n\t\t\t\t\t\t\t\t\t<h3><u>Registro o Actualizaci\u00f3n en la Bolsa Nacional de Empleo (BNE) <\/u><\/h3><p>Inscripci\u00f3n de usuario en la Bolsa Nacional de Empleo, registrando y\/o actualizaci\u00f3n de todos los campos posibles para ampliar la informaci\u00f3n asociada al perfil del usuario, mejorando as\u00ed sus posibilidades de generar una vinculaci\u00f3n laboral pertinente a las necesidades de la empresa.<\/p><h3><u>Orientaci\u00f3n Laboral B\u00e1sica <\/u><\/h3><p>Habilitaci\u00f3n laboral centrada en un piso consistente en actividades tales como; elaboraci\u00f3n de un CV acorde al perfil y objetivos del usuario; t\u00e9cnicas educativas para una entrevista laboral; estrategias para la b\u00fasqueda de empleo que permitan visualizar en los usuarios un plan de acci\u00f3n para lograr su objetivo, etc.<\/p>\t\t\t\t\t\t\t\t<\/div>\n\t\t\t\t<\/div>\n\t\t\t\t<\/div>\n\t\t<div class=\"elementor-element elementor-element-46dfe39 e-con-full e-flex e-con e-child\" data-id=\"46dfe39\" data-element_type=\"container\" data-e-type=\"container\" data-settings=\"{&quot;tmea_shape_divider_top&quot;:&quot;none&quot;,&quot;tmea_shape_divider_bottom&quot;:&quot;none&quot;}\">\n\t\t\t\t<div class=\"elementor-element elementor-element-a43b29f elementor-widget elementor-widget-text-editor\" data-id=\"a43b29f\" data-element_type=\"widget\" data-e-type=\"widget\" data-widget_type=\"text-editor.default\">\n\t\t\t\t<div class=\"elementor-widget-container\">\n\t\t\t\t\t\t\t\t\t<h3><u>Orientaci\u00f3n Laboral Avanzada <\/u><\/h3><p>Este servicio se enfoca en la elaboraci\u00f3n de perfiles laborales y orientaci\u00f3n vocacional, desarrollando perfiles ocupacionales orientados a las competencias, habilidades e intereses sobre el entorno laboral de los usuarios; adem\u00e1s de profundizar las tem\u00e1ticas mencionadas en la Orientaci\u00f3n Laboral B\u00e1sica, de la letra b) precedente, a fin de facilitar la incorporaci\u00f3n al mercado laboral de manera efectiva.<\/p><h3><u>Talleres de Orientaci\u00f3n Laboral\/Educacional <\/u><\/h3><p>Consiste en un espacio grupal que tiene como objetivo la entrega de informaci\u00f3n y herramientas para fortalecer la preparaci\u00f3n y planificaci\u00f3n personal en relaci\u00f3n con la b\u00fasqueda de empleo. En el caso del taller educacional se aborda como grupo objetivo a estudiantes de ense\u00f1anza media, a trav\u00e9s de un enfoque vocacional.<\/p>\t\t\t\t\t\t\t\t<\/div>\n\t\t\t\t<\/div>\n\t\t\t\t<\/div>\n\t\t\t\t\t<\/div>\n\t\t\t\t<\/div>\n\t\t<div class=\"elementor-element elementor-element-ff29627 e-flex e-con-boxed e-con e-parent\" data-id=\"ff29627\" data-element_type=\"container\" data-e-type=\"container\" data-settings=\"{&quot;tmea_shape_divider_top&quot;:&quot;none&quot;,&quot;tmea_shape_divider_bottom&quot;:&quot;none&quot;}\">\n\t\t\t\t\t<div class=\"e-con-inner\">\n\t\t\t\t<div class=\"elementor-element elementor-element-b92e4dd elementor-widget elementor-widget-text-editor\" data-id=\"b92e4dd\" data-element_type=\"widget\" data-e-type=\"widget\" data-widget_type=\"text-editor.default\">\n\t\t\t\t<div class=\"elementor-widget-container\">\n\t\t\t\t\t\t\t\t\t<h3><u>Postulaci\u00f3n a ofertas de empleo <\/u><\/h3><p>Postulaci\u00f3n a Oferta de Trabajo: El prop\u00f3sito de esta acci\u00f3n es postular de manera efectiva al usuario\/a con una vacante de empleo disponible en plataforma BNE o en los instrumentos que SENCE disponga para ello, con el fin de que \u00e9ste sea considerado por la empresa para llenar la vacante.<\/p><h3><u>Colocaci\u00f3n <\/u><\/h3><p>Corresponde a la acci\u00f3n en la cual se toma contacto con las personas que han sido postuladas a una oferta de trabajo en la plataforma BNE para conocer el resultado de la postulaci\u00f3n.<\/p><h3><strong>\u00a0<\/strong><u>Contacto con empresa <\/u><\/h3><p>Consiste en la identificaci\u00f3n, descripci\u00f3n, contacto y fidelizaci\u00f3n con empresas en el territorio que permita generar y aumentar las vacantes disponibles para la intermediaci\u00f3n laboral, como tambi\u00e9n poder ofrecer informaci\u00f3n acerca de programas e instrumentos p\u00fablicos y privados que se encuentren disponibles o susceptibles de ser usados por las empresas<\/p>\t\t\t\t\t\t\t\t<\/div>\n\t\t\t\t<\/div>\n\t\t\t\t\t<\/div>\n\t\t\t\t<\/div>\n\t\t<div class=\"elementor-element elementor-element-bd23ce9 e-flex e-con-boxed e-con e-parent\" data-id=\"bd23ce9\" data-element_type=\"container\" data-e-type=\"container\" data-settings=\"{&quot;tmea_shape_divider_top&quot;:&quot;none&quot;,&quot;tmea_shape_divider_bottom&quot;:&quot;none&quot;}\">\n\t\t\t\t\t<div class=\"e-con-inner\">\n\t\t<div class=\"elementor-element elementor-element-ce642e9 e-con-full e-flex e-con e-child\" data-id=\"ce642e9\" data-element_type=\"container\" data-e-type=\"container\" data-settings=\"{&quot;tmea_shape_divider_top&quot;:&quot;none&quot;,&quot;tmea_shape_divider_bottom&quot;:&quot;none&quot;}\">\n\t\t\t\t<div class=\"elementor-element elementor-element-8dc9b2e elementor-widget elementor-widget-text-editor\" data-id=\"8dc9b2e\" data-element_type=\"widget\" data-e-type=\"widget\" data-widget_type=\"text-editor.default\">\n\t\t\t\t<div class=\"elementor-widget-container\">\n\t\t\t\t\t\t\t\t\t<h3><u>Levantamiento de ofertas laborales <\/u><\/h3><p>Acci\u00f3n destinada a disponibilizar, a trav\u00e9s de los canales de intermediaci\u00f3n, las ofertas y vacantes generadas por las empresas. Todas las ofertas\/vacantes levantadas, deber\u00e1n ser ingresadas en la plataforma BNE o en los instrumentos que SENCE disponga para ello.<\/p><h3><u>Encuentro con Empresas <\/u><\/h3><p>Los encuentros empresariales son espacios de di\u00e1logo entre los actores involucrados en el mercado laboral territorial, conducente a fortalecer alianzas estrat\u00e9gicas entre las OMIL y las empresas, difundir oferta program\u00e1tica de SENCE y planificar acciones conjuntas que beneficien la empleabilidad del territorio.<\/p>\t\t\t\t\t\t\t\t<\/div>\n\t\t\t\t<\/div>\n\t\t\t\t<\/div>\n\t\t<div class=\"elementor-element elementor-element-c080256 e-con-full e-flex e-con e-child\" data-id=\"c080256\" data-element_type=\"container\" data-e-type=\"container\" data-settings=\"{&quot;tmea_shape_divider_top&quot;:&quot;none&quot;,&quot;tmea_shape_divider_bottom&quot;:&quot;none&quot;}\">\n\t\t\t\t<div class=\"elementor-element elementor-element-3f90b69 elementor-widget elementor-widget-text-editor\" data-id=\"3f90b69\" data-element_type=\"widget\" data-e-type=\"widget\" data-widget_type=\"text-editor.default\">\n\t\t\t\t<div class=\"elementor-widget-container\">\n\t\t\t\t\t\t\t\t\t<h3><u>Derivaci\u00f3n a Ejecutivo de Empresas SENCE <\/u><\/h3><p>Trabajo articulado entre Ejecutivo Empresa OMIL y de SENCE, cuyo objetivo es integrar a las empresas a su oferta program\u00e1tica con el fin de que accedan a los productos e instrumentos destinados a fortalecer el capital humano de \u00e9stas. Se realizaron cinco derivaciones a ejecutiva empresa SENCE.<\/p>\t\t\t\t\t\t\t\t<\/div>\n\t\t\t\t<\/div>\n\t\t\t\t<\/div>\n\t\t\t\t\t<\/div>\n\t\t\t\t<\/div>\n\t\t<div class=\"elementor-element elementor-element-e345190 e-flex e-con-boxed e-con e-parent\" data-id=\"e345190\" data-element_type=\"container\" data-e-type=\"container\" data-settings=\"{&quot;tmea_shape_divider_top&quot;:&quot;none&quot;,&quot;tmea_shape_divider_bottom&quot;:&quot;none&quot;}\">\n\t\t\t\t\t<div class=\"e-con-inner\">\n\t\t\t\t<div class=\"elementor-element elementor-element-5b84a23 elementor-widget elementor-widget-heading\" data-id=\"5b84a23\" data-element_type=\"widget\" data-e-type=\"widget\" data-widget_type=\"heading.default\">\n\t\t\t\t<div class=\"elementor-widget-container\">\n\t\t\t\t\t<h2 class=\"elementor-heading-title elementor-size-default\">Procesos de Soporte<\/h2>\t\t\t\t<\/div>\n\t\t\t\t<\/div>\n\t\t\t\t\t<\/div>\n\t\t\t\t<\/div>\n\t\t<div class=\"elementor-element elementor-element-95f990f e-flex e-con-boxed e-con e-parent\" data-id=\"95f990f\" data-element_type=\"container\" data-e-type=\"container\" data-settings=\"{&quot;tmea_shape_divider_top&quot;:&quot;none&quot;,&quot;tmea_shape_divider_bottom&quot;:&quot;none&quot;}\">\n\t\t\t\t\t<div class=\"e-con-inner\">\n\t\t\t\t<div class=\"elementor-element elementor-element-5267125 elementor-widget elementor-widget-text-editor\" data-id=\"5267125\" data-element_type=\"widget\" data-e-type=\"widget\" data-widget_type=\"text-editor.default\">\n\t\t\t\t<div class=\"elementor-widget-container\">\n\t\t\t\t\t\t\t\t\t<h3>Actividades de difusi\u00f3n<\/h3><p>Destinadas a visibilizar ante la comunidad el sentido y visi\u00f3n del sistema de intermediaci\u00f3n laboral, as\u00ed como las acciones que lo componen y la oferta de programas SENCE disponible para la comunidad. Comprende la participaci\u00f3n en medios de comunicaci\u00f3n local (diarios, radios y canales de televisi\u00f3n), medios de comunicaci\u00f3n municipales y sus redes sociales (en este caso destinados a difundir solamente actos y eventos organizados por la OMIL en el marco del programa).<\/p><h3><strong>\u00a0<\/strong>Articulaci\u00f3n Territorial<\/h3><p>Consiste en todas aquellas actividades que tienen como prop\u00f3sito fortalecer el trabajo conjunto, coordinado y eficiente, mediante la interacci\u00f3n de las diferentes plataformas propias de SENCE organizadas en las Redes Territoriales. Considera reuniones de coordinaci\u00f3n entre las OMIL miembros de la red y con otras plataformas laborales, encuentros con organizaciones funcionales y territoriales y organizaci\u00f3n de ferias laborales y seminarios, en conjunto con SENCE.<\/p>\t\t\t\t\t\t\t\t<\/div>\n\t\t\t\t<\/div>\n\t\t\t\t\t<\/div>\n\t\t\t\t<\/div>\n\t\t<div class=\"elementor-element elementor-element-eedd7d1 e-flex e-con-boxed e-con e-parent\" data-id=\"eedd7d1\" data-element_type=\"container\" data-e-type=\"container\" data-settings=\"{&quot;tmea_shape_divider_top&quot;:&quot;none&quot;,&quot;tmea_shape_divider_bottom&quot;:&quot;none&quot;}\">\n\t\t\t\t\t<div class=\"e-con-inner\">\n\t\t\t\t<div class=\"elementor-element elementor-element-c0e0523 elementor-widget elementor-widget-image\" data-id=\"c0e0523\" data-element_type=\"widget\" data-e-type=\"widget\" data-widget_type=\"image.default\">\n\t\t\t\t<div class=\"elementor-widget-container\">\n\t\t\t\t\t\t\t\t\t\t\t\t\t\t\t<img decoding=\"async\" width=\"531\" height=\"411\" src=\"https:\/\/mportezuelo.cl\/Inicio\/wp-content\/uploads\/2025\/09\/omil01.png\" class=\"attachment-large size-large wp-image-9837\" alt=\"\" srcset=\"https:\/\/mportezuelo.cl\/Inicio\/wp-content\/uploads\/2025\/09\/omil01.png 531w, https:\/\/mportezuelo.cl\/Inicio\/wp-content\/uploads\/2025\/09\/omil01-300x232.png 300w\" sizes=\"(max-width: 531px) 100vw, 531px\" \/>\t\t\t\t\t\t\t\t\t\t\t\t\t\t\t<\/div>\n\t\t\t\t<\/div>\n\t\t\t\t\t<\/div>\n\t\t\t\t<\/div>\n\t\t<div class=\"elementor-element elementor-element-4e3a3f3 e-flex e-con-boxed e-con e-parent\" data-id=\"4e3a3f3\" data-element_type=\"container\" data-e-type=\"container\" data-settings=\"{&quot;tmea_shape_divider_top&quot;:&quot;none&quot;,&quot;tmea_shape_divider_bottom&quot;:&quot;none&quot;}\">\n\t\t\t\t\t<div class=\"e-con-inner\">\n\t\t<div class=\"elementor-element elementor-element-564764d e-con-full e-flex e-con e-child\" data-id=\"564764d\" data-element_type=\"container\" data-e-type=\"container\" data-settings=\"{&quot;tmea_shape_divider_top&quot;:&quot;none&quot;,&quot;tmea_shape_divider_bottom&quot;:&quot;none&quot;}\">\n\t\t\t\t<div class=\"elementor-element elementor-element-ad95006 elementor-widget elementor-widget-image\" data-id=\"ad95006\" data-element_type=\"widget\" data-e-type=\"widget\" data-widget_type=\"image.default\">\n\t\t\t\t<div class=\"elementor-widget-container\">\n\t\t\t\t\t\t\t\t\t\t\t\t\t\t\t<img decoding=\"async\" width=\"563\" height=\"433\" src=\"https:\/\/mportezuelo.cl\/Inicio\/wp-content\/uploads\/2025\/09\/omil02.jpg\" class=\"attachment-large size-large wp-image-9838\" alt=\"\" srcset=\"https:\/\/mportezuelo.cl\/Inicio\/wp-content\/uploads\/2025\/09\/omil02.jpg 563w, https:\/\/mportezuelo.cl\/Inicio\/wp-content\/uploads\/2025\/09\/omil02-300x231.jpg 300w\" sizes=\"(max-width: 563px) 100vw, 563px\" \/>\t\t\t\t\t\t\t\t\t\t\t\t\t\t\t<\/div>\n\t\t\t\t<\/div>\n\t\t\t\t<\/div>\n\t\t<div class=\"elementor-element elementor-element-754398d e-con-full e-flex e-con e-child\" data-id=\"754398d\" data-element_type=\"container\" data-e-type=\"container\" data-settings=\"{&quot;tmea_shape_divider_top&quot;:&quot;none&quot;,&quot;tmea_shape_divider_bottom&quot;:&quot;none&quot;}\">\n\t\t\t\t<div class=\"elementor-element elementor-element-6beafea elementor-widget elementor-widget-image\" data-id=\"6beafea\" data-element_type=\"widget\" data-e-type=\"widget\" data-widget_type=\"image.default\">\n\t\t\t\t<div class=\"elementor-widget-container\">\n\t\t\t\t\t\t\t\t\t\t\t\t\t\t\t<img loading=\"lazy\" decoding=\"async\" width=\"554\" height=\"419\" src=\"https:\/\/mportezuelo.cl\/Inicio\/wp-content\/uploads\/2025\/09\/omil03.jpg\" class=\"attachment-large size-large wp-image-9839\" alt=\"\" srcset=\"https:\/\/mportezuelo.cl\/Inicio\/wp-content\/uploads\/2025\/09\/omil03.jpg 554w, https:\/\/mportezuelo.cl\/Inicio\/wp-content\/uploads\/2025\/09\/omil03-300x227.jpg 300w\" sizes=\"(max-width: 554px) 100vw, 554px\" \/>\t\t\t\t\t\t\t\t\t\t\t\t\t\t\t<\/div>\n\t\t\t\t<\/div>\n\t\t\t\t<\/div>\n\t\t\t\t\t<\/div>\n\t\t\t\t<\/div>\n\t\t<div class=\"elementor-element elementor-element-69cbce4 e-flex e-con-boxed e-con e-parent\" data-id=\"69cbce4\" data-element_type=\"container\" data-e-type=\"container\" data-settings=\"{&quot;tmea_shape_divider_top&quot;:&quot;none&quot;,&quot;tmea_shape_divider_bottom&quot;:&quot;none&quot;}\">\n\t\t\t\t\t<div class=\"e-con-inner\">\n\t\t\t\t<div class=\"elementor-element elementor-element-d32597d elementor-widget elementor-widget-spacer\" data-id=\"d32597d\" data-element_type=\"widget\" data-e-type=\"widget\" data-widget_type=\"spacer.default\">\n\t\t\t\t<div class=\"elementor-widget-container\">\n\t\t\t\t\t\t\t<div class=\"elementor-spacer\">\n\t\t\t<div class=\"elementor-spacer-inner\"><\/div>\n\t\t<\/div>\n\t\t\t\t\t\t<\/div>\n\t\t\t\t<\/div>\n\t\t\t\t\t<\/div>\n\t\t\t\t<\/div>\n\t\t\t\t<\/div>\n\t\t","protected":false},"excerpt":{"rendered":"<p>La OMIL, es la oficina encargada de mejorar las condiciones de empleabilidad de usuarios de la comuna. Generando un v\u00ednculo con empresas locales y regionales, estableciendo una coordinaci\u00f3n entre la oferta y demanda de empleo, derivaciones a cursos de capacitaci\u00f3n, nivelaci\u00f3n de estudios, subsidios de empleo y orientaci\u00f3n laboral. Por su parte, el Programa Fortalecimiento [&hellip;]<\/p>\n","protected":false},"author":1,"featured_media":0,"parent":0,"menu_order":0,"comment_status":"closed","ping_status":"closed","template":"","meta":{"_monsterinsights_skip_tracking":false,"_monsterinsights_sitenote_active":false,"_monsterinsights_sitenote_note":"","_monsterinsights_sitenote_category":0,"iawp_total_views":1045,"footnotes":""},"class_list":["post-2456","page","type-page","status-publish","hentry"],"aioseo_notices":[],"_links":{"self":[{"href":"https:\/\/mportezuelo.cl\/Inicio\/wp-json\/wp\/v2\/pages\/2456","targetHints":{"allow":["GET"]}}],"collection":[{"href":"https:\/\/mportezuelo.cl\/Inicio\/wp-json\/wp\/v2\/pages"}],"about":[{"href":"https:\/\/mportezuelo.cl\/Inicio\/wp-json\/wp\/v2\/types\/page"}],"author":[{"embeddable":true,"href":"https:\/\/mportezuelo.cl\/Inicio\/wp-json\/wp\/v2\/users\/1"}],"replies":[{"embeddable":true,"href":"https:\/\/mportezuelo.cl\/Inicio\/wp-json\/wp\/v2\/comments?post=2456"}],"version-history":[{"count":80,"href":"https:\/\/mportezuelo.cl\/Inicio\/wp-json\/wp\/v2\/pages\/2456\/revisions"}],"predecessor-version":[{"id":9842,"href":"https:\/\/mportezuelo.cl\/Inicio\/wp-json\/wp\/v2\/pages\/2456\/revisions\/9842"}],"wp:attachment":[{"href":"https:\/\/mportezuelo.cl\/Inicio\/wp-json\/wp\/v2\/media?parent=2456"}],"curies":[{"name":"wp","href":"https:\/\/api.w.org\/{rel}","templated":true}]}}