{"id":2454,"date":"2024-05-07T13:32:02","date_gmt":"2024-05-07T16:32:02","guid":{"rendered":"https:\/\/mportezuelo.cl\/Inicio\/?page_id=2454"},"modified":"2024-05-17T12:00:51","modified_gmt":"2024-05-17T15:00:51","slug":"oficina-adulto-mayor","status":"publish","type":"page","link":"https:\/\/mportezuelo.cl\/Inicio\/oficina-adulto-mayor\/","title":{"rendered":"Oficina Adulto Mayor"},"content":{"rendered":"<p><span style=\"color: #000000;\">La Oficina Adulto Mayor es una unidad administrativa presente en muchas municipalidades y que tiene como principal objetivo promover el bienestar y la calidad de vida de las personas mayores de edad de la comunidad. Su funci\u00f3n es apoyar y atender las necesidades de este grupo poblacional, para que puedan continuar viviendo de manera aut\u00f3noma e integrada en la sociedad.<\/span><\/p>\n<p><span style=\"color: #000000;\">Entre las principales funciones y tareas de la Oficina Adulto Mayor se encuentran:<\/span><\/p>\n<p><span style=\"color: #000000;\">&#8211; Atenci\u00f3n y orientaci\u00f3n integral a las personas mayores de edad, brind\u00e1ndoles informaci\u00f3n y asesoramiento sobre servicios y recursos disponibles para ellos.<\/span><br \/>\n<span style=\"color: #000000;\">&#8211; Realizar un diagn\u00f3stico de la situaci\u00f3n de las personas mayores de edad atendidas, para identificar sus necesidades y dise\u00f1ar un plan de atenci\u00f3n que se ajuste a ellas.<\/span><br \/>\n<span style=\"color: #000000;\">&#8211; Planificar, desarrollar y ejecutar programas y proyectos, destinados a mejorar la calidad de vida de las personas mayores de edad, como talleres, actividades f\u00edsicas y recreativas, y otros.<\/span><br \/>\n<span style=\"color: #000000;\">&#8211; Coordinaci\u00f3n con otras \u00e1reas del municipio y con organismos externos para poder entregar ayuda integral a los adultos mayores.<\/span><br \/>\n<span style=\"color: #000000;\">&#8211; Gestionar y administrar programas y beneficios para las personas mayores, como descuentos en servicios de transporte p\u00fablico, atenci\u00f3n m\u00e9dica y beneficios en tr\u00e1mites, entre otros.<\/span><br \/>\n<span style=\"color: #000000;\">&#8211; Fomentar la participaci\u00f3n de las personas mayores en actividades y proyectos comunitarios, estimulando la integraci\u00f3n social y la autonom\u00eda de los adultos mayores.<\/span><br \/>\n<span style=\"color: #000000;\">&#8211; Realizar visitas domiciliarias para evaluar el estado de las personas mayores y procurar su bienestar y salud.<\/span><br \/>\n<span style=\"color: #000000;\">&#8211; Generar campa\u00f1as de concientizaci\u00f3n y prevenci\u00f3n en temas relevantes para la poblaci\u00f3n de adultos mayores, como el cuidado de su salud, la prevenci\u00f3n de ca\u00eddas y la protecci\u00f3n y seguridad en el hogar.<\/span><br \/>\n<span style=\"color: #000000;\">&#8211; Trabajar en coordinaci\u00f3n con las familias, cuidadores y otras instituciones que propendan al cuidado de personas mayores de la comunidad.<\/span><br \/>\n<span style=\"color: #000000;\">&#8211; Generar y difundir informaci\u00f3n sobre la realidad de la poblaci\u00f3n de adultos mayores en la comunidad, as\u00ed como tambi\u00e9n las estad\u00edsticas e informes relevantes que se generen en el \u00e1rea.<\/span><\/p>\n","protected":false},"excerpt":{"rendered":"<p>La Oficina Adulto Mayor es una unidad administrativa presente en muchas municipalidades y que tiene como principal objetivo promover el bienestar y la calidad de vida de las personas mayores de edad de la comunidad. Su funci\u00f3n es apoyar y atender las necesidades de este grupo poblacional, para que puedan continuar viviendo de manera aut\u00f3noma [&hellip;]<\/p>\n","protected":false},"author":1,"featured_media":0,"parent":0,"menu_order":0,"comment_status":"closed","ping_status":"closed","template":"","meta":{"_monsterinsights_skip_tracking":false,"_monsterinsights_sitenote_active":false,"_monsterinsights_sitenote_note":"","_monsterinsights_sitenote_category":0,"iawp_total_views":235,"footnotes":""},"class_list":["post-2454","page","type-page","status-publish","hentry"],"aioseo_notices":[],"_links":{"self":[{"href":"https:\/\/mportezuelo.cl\/Inicio\/wp-json\/wp\/v2\/pages\/2454","targetHints":{"allow":["GET"]}}],"collection":[{"href":"https:\/\/mportezuelo.cl\/Inicio\/wp-json\/wp\/v2\/pages"}],"about":[{"href":"https:\/\/mportezuelo.cl\/Inicio\/wp-json\/wp\/v2\/types\/page"}],"author":[{"embeddable":true,"href":"https:\/\/mportezuelo.cl\/Inicio\/wp-json\/wp\/v2\/users\/1"}],"replies":[{"embeddable":true,"href":"https:\/\/mportezuelo.cl\/Inicio\/wp-json\/wp\/v2\/comments?post=2454"}],"version-history":[{"count":2,"href":"https:\/\/mportezuelo.cl\/Inicio\/wp-json\/wp\/v2\/pages\/2454\/revisions"}],"predecessor-version":[{"id":4036,"href":"https:\/\/mportezuelo.cl\/Inicio\/wp-json\/wp\/v2\/pages\/2454\/revisions\/4036"}],"wp:attachment":[{"href":"https:\/\/mportezuelo.cl\/Inicio\/wp-json\/wp\/v2\/media?parent=2454"}],"curies":[{"name":"wp","href":"https:\/\/api.w.org\/{rel}","templated":true}]}}