{"id":2444,"date":"2024-05-07T13:22:24","date_gmt":"2024-05-07T16:22:24","guid":{"rendered":"https:\/\/mportezuelo.cl\/Inicio\/?page_id=2444"},"modified":"2024-12-10T12:17:05","modified_gmt":"2024-12-10T15:17:05","slug":"secretario-municipal","status":"publish","type":"page","link":"https:\/\/mportezuelo.cl\/Inicio\/secretario-municipal\/","title":{"rendered":"Secretario Municipal"},"content":{"rendered":"\t\t<div data-elementor-type=\"wp-page\" data-elementor-id=\"2444\" class=\"elementor elementor-2444\" data-elementor-post-type=\"page\">\n\t\t\t\t<div class=\"elementor-element elementor-element-39a23ac1 e-flex e-con-boxed e-con e-parent\" data-id=\"39a23ac1\" data-element_type=\"container\" data-e-type=\"container\" data-settings=\"{&quot;tmea_shape_divider_top&quot;:&quot;none&quot;,&quot;tmea_shape_divider_bottom&quot;:&quot;none&quot;}\">\n\t\t\t\t\t<div class=\"e-con-inner\">\n\t\t\n\t\t<div class=\"elementor-element elementor-element-23e5a5ba elementor-widget elementor-widget-text-editor\" data-id=\"23e5a5ba\" data-element_type=\"widget\" data-e-type=\"widget\" data-widget_type=\"text-editor.default\">\n\t\t\t\t<div class=\"elementor-widget-container\">\n\t\t\t\t\t\t\t\t\t<p><span style=\"color: #000000;\">El Secretario Municipal es el jefe de la Secretar\u00eda Municipal, la cual es una unidad administrativa encargada de proveer a la Municipalidad de los servicios y tr\u00e1mites necesarios para su adecuado funcionamiento. Es el responsable de coordinar la colaboraci\u00f3n entre el Alcalde y los dem\u00e1s funcionarios de la municipalidad para la ejecuci\u00f3n de los objetivos y pol\u00edticas de la administraci\u00f3n.<\/span><\/p><p><span style=\"color: #000000;\">Entre las principales funciones y tareas del Secretario Municipal se encuentran:<\/span><\/p><p><span style=\"color: #000000;\">&#8211; Asistir y asesorar al Alcalde en la conducci\u00f3n de la gesti\u00f3n municipal y en la toma de decisiones.<\/span><br \/><span style=\"color: #000000;\">&#8211; Planificar y coordinar las sesiones del Concejo Municipal y las reuniones de trabajo de la Secretar\u00eda Municipal.<\/span><br \/><span style=\"color: #000000;\">&#8211; Redactar y registrar las actas y acuerdos adoptados en las sesiones del Concejo Municipal.<\/span><br \/><span style=\"color: #000000;\">&#8211; Dirigir y coordinar la tramitaci\u00f3n de todas las documentaciones del Municipio, respetando las leyes y normativas en vigor.<\/span><br \/><span style=\"color: #000000;\">&#8211; Controlar y resguardar los documentos y archivos de la Secretar\u00eda Municipal.<\/span><br \/><span style=\"color: #000000;\">&#8211; Coordinar el trabajo de los departamentos y \u00e1reas de la Municipalidad para la ejecuci\u00f3n de los objetivos y pol\u00edticas de la administraci\u00f3n municipal.<\/span><br \/><span style=\"color: #000000;\">&#8211; Servir de nexo entre la Municipalidad y otras organizaciones y\/o entidades gubernamentales para coordinar la ejecuci\u00f3n de programas y proyectos.<\/span><br \/><span style=\"color: #000000;\">&#8211; Elaborar, tramitar y controlar los procesos de contrataci\u00f3n y de adquisici\u00f3n de bienes y servicios de la Municipalidad.- Elaborar informes y presentaciones para el Alcalde y los concejales.<\/span><br \/><span style=\"color: #000000;\">&#8211; Efectuar otras tareas que la Ley y el Alcalde le encomienden.<\/span><\/p>\t\t\t\t\t\t\t\t<\/div>\n\t\t\t\t<\/div>\n\t\t\t\t\t<\/div>\n\t\t\t\t<\/div>\n\t\t<div class=\"elementor-element elementor-element-afe5b78 e-flex e-con-boxed e-con e-parent\" data-id=\"afe5b78\" data-element_type=\"container\" data-e-type=\"container\" data-settings=\"{&quot;tmea_shape_divider_top&quot;:&quot;none&quot;,&quot;tmea_shape_divider_bottom&quot;:&quot;none&quot;}\">\n\t\t\t\t\t<div class=\"e-con-inner\">\n\t\t<div class=\"elementor-element elementor-element-85d9498 e-con-full e-flex e-con e-child\" data-id=\"85d9498\" data-element_type=\"container\" data-e-type=\"container\" data-settings=\"{&quot;tmea_shape_divider_top&quot;:&quot;none&quot;,&quot;tmea_shape_divider_bottom&quot;:&quot;none&quot;}\">\n\t\t\t\t<div class=\"elementor-element elementor-element-d0fdcd0 elementor-widget elementor-widget-image\" data-id=\"d0fdcd0\" data-element_type=\"widget\" data-e-type=\"widget\" data-widget_type=\"image.default\">\n\t\t\t\t<div class=\"elementor-widget-container\">\n\t\t\t\t\t\t\t\t\t\t\t\t\t\t\t\t<a href=\"https:\/\/municipalidaddeportezuelo.cl\/organigrama\/Organigrama2022\/secretario.html\">\n\t\t\t\t\t\t\t<img fetchpriority=\"high\" decoding=\"async\" width=\"300\" height=\"200\" src=\"https:\/\/mportezuelo.cl\/Inicio\/wp-content\/uploads\/2024\/12\/Secretario-300x200.jpg\" class=\"attachment-medium size-medium wp-image-7903\" alt=\"\" srcset=\"https:\/\/mportezuelo.cl\/Inicio\/wp-content\/uploads\/2024\/12\/Secretario-300x200.jpg 300w, https:\/\/mportezuelo.cl\/Inicio\/wp-content\/uploads\/2024\/12\/Secretario.jpg 600w\" sizes=\"(max-width: 300px) 100vw, 300px\" \/>\t\t\t\t\t\t\t\t<\/a>\n\t\t\t\t\t\t\t\t\t\t\t\t\t\t\t<\/div>\n\t\t\t\t<\/div>\n\t\t\t\t<div class=\"elementor-element elementor-element-d22736c elementor-widget elementor-widget-heading\" data-id=\"d22736c\" data-element_type=\"widget\" data-e-type=\"widget\" data-widget_type=\"heading.default\">\n\t\t\t\t<div class=\"elementor-widget-container\">\n\t\t\t\t\t<h4 class=\"elementor-heading-title elementor-size-default\"><a href=\"https:\/\/municipalidaddeportezuelo.cl\/organigrama\/Organigrama2022\/secretario.html\">Secretario<\/a><\/h4>\t\t\t\t<\/div>\n\t\t\t\t<\/div>\n\t\t\t\t<\/div>\n\t\t<div class=\"elementor-element elementor-element-8a59914 e-con-full e-flex e-con e-child\" data-id=\"8a59914\" data-element_type=\"container\" data-e-type=\"container\" data-settings=\"{&quot;tmea_shape_divider_top&quot;:&quot;none&quot;,&quot;tmea_shape_divider_bottom&quot;:&quot;none&quot;}\">\n\t\t\t\t<div class=\"elementor-element elementor-element-1ae07c5 elementor-widget elementor-widget-text-editor\" data-id=\"1ae07c5\" data-element_type=\"widget\" data-e-type=\"widget\" data-widget_type=\"text-editor.default\">\n\t\t\t\t<div class=\"elementor-widget-container\">\n\t\t\t\t\t\t\t\t\t<p><span style=\"color: #000000;\">Direcci\u00f3n: <strong>Secretario Municipal.<\/strong><\/span><\/p><p><span style=\"color: #000000;\">Ubicaci\u00f3n: <strong>\u00a0O&#8217;Higgins 403, Portezuelo.<\/strong><\/span><\/p><p><span style=\"color: #000000;\"><strong>Horarios de atenci\u00f3n:<\/strong><\/span><\/p><ul><li><span style=\"color: #000000;\">Lunes a Jueves de: 08:30 a 13:30 y de 14:00 a 17:35<\/span><\/li><li><span style=\"color: #000000;\">Viernes: 08:30 a 13:30 y de 14:00 a 16:30<\/span><\/li><\/ul>\t\t\t\t\t\t\t\t<\/div>\n\t\t\t\t<\/div>\n\t\t\t\t<\/div>\n\t\t\t\t\t<\/div>\n\t\t\t\t<\/div>\n\t\t\t\t<\/div>\n\t\t","protected":false},"excerpt":{"rendered":"<p>El Secretario Municipal es el jefe de la Secretar\u00eda Municipal, la cual es una unidad administrativa encargada de proveer a la Municipalidad de los servicios y tr\u00e1mites necesarios para su adecuado funcionamiento. Es el responsable de coordinar la colaboraci\u00f3n entre el Alcalde y los dem\u00e1s funcionarios de la municipalidad para la ejecuci\u00f3n de los objetivos [&hellip;]<\/p>\n","protected":false},"author":1,"featured_media":0,"parent":0,"menu_order":0,"comment_status":"closed","ping_status":"closed","template":"","meta":{"_monsterinsights_skip_tracking":false,"_monsterinsights_sitenote_active":false,"_monsterinsights_sitenote_note":"","_monsterinsights_sitenote_category":0,"iawp_total_views":441,"footnotes":""},"class_list":["post-2444","page","type-page","status-publish","hentry"],"aioseo_notices":[],"_links":{"self":[{"href":"https:\/\/mportezuelo.cl\/Inicio\/wp-json\/wp\/v2\/pages\/2444","targetHints":{"allow":["GET"]}}],"collection":[{"href":"https:\/\/mportezuelo.cl\/Inicio\/wp-json\/wp\/v2\/pages"}],"about":[{"href":"https:\/\/mportezuelo.cl\/Inicio\/wp-json\/wp\/v2\/types\/page"}],"author":[{"embeddable":true,"href":"https:\/\/mportezuelo.cl\/Inicio\/wp-json\/wp\/v2\/users\/1"}],"replies":[{"embeddable":true,"href":"https:\/\/mportezuelo.cl\/Inicio\/wp-json\/wp\/v2\/comments?post=2444"}],"version-history":[{"count":22,"href":"https:\/\/mportezuelo.cl\/Inicio\/wp-json\/wp\/v2\/pages\/2444\/revisions"}],"predecessor-version":[{"id":7906,"href":"https:\/\/mportezuelo.cl\/Inicio\/wp-json\/wp\/v2\/pages\/2444\/revisions\/7906"}],"wp:attachment":[{"href":"https:\/\/mportezuelo.cl\/Inicio\/wp-json\/wp\/v2\/media?parent=2444"}],"curies":[{"name":"wp","href":"https:\/\/api.w.org\/{rel}","templated":true}]}}