{"id":10566,"date":"2026-02-26T11:44:14","date_gmt":"2026-02-26T14:44:14","guid":{"rendered":"https:\/\/mportezuelo.cl\/Inicio\/?page_id=10566"},"modified":"2026-03-23T15:21:54","modified_gmt":"2026-03-23T18:21:54","slug":"beca-municipal-de-educacion-superior","status":"publish","type":"page","link":"https:\/\/mportezuelo.cl\/Inicio\/beca-municipal-de-educacion-superior\/","title":{"rendered":"Beca Municipal de Educaci\u00f3n Superior"},"content":{"rendered":"\t\t<div data-elementor-type=\"wp-page\" data-elementor-id=\"10566\" class=\"elementor elementor-10566\" data-elementor-post-type=\"page\">\n\t\t\t\t<div class=\"elementor-element elementor-element-00ccc58 e-flex e-con-boxed e-con e-parent\" data-id=\"00ccc58\" data-element_type=\"container\" data-e-type=\"container\" data-settings=\"{&quot;tmea_shape_divider_top&quot;:&quot;none&quot;,&quot;tmea_shape_divider_bottom&quot;:&quot;none&quot;}\">\n\t\t\t\t\t<div class=\"e-con-inner\">\n\t\t\t\t<div class=\"elementor-element elementor-element-2fdc6bf elementor-widget elementor-widget-spacer\" data-id=\"2fdc6bf\" data-element_type=\"widget\" data-e-type=\"widget\" data-widget_type=\"spacer.default\">\n\t\t\t\t<div class=\"elementor-widget-container\">\n\t\t\t\t\t\t\t<div class=\"elementor-spacer\">\n\t\t\t<div class=\"elementor-spacer-inner\"><\/div>\n\t\t<\/div>\n\t\t\t\t\t\t<\/div>\n\t\t\t\t<\/div>\n\t\t\t\t\t<\/div>\n\t\t\t\t<\/div>\n\t\t<div class=\"elementor-element elementor-element-7e469e5 e-flex e-con-boxed e-con e-parent\" data-id=\"7e469e5\" data-element_type=\"container\" data-e-type=\"container\" data-settings=\"{&quot;tmea_shape_divider_top&quot;:&quot;none&quot;,&quot;tmea_shape_divider_bottom&quot;:&quot;none&quot;}\">\n\t\t\t\t\t<div class=\"e-con-inner\">\n\t\t\n\t\t<div class=\"elementor-element elementor-element-2a8a701 elementor-widget elementor-widget-text-editor\" data-id=\"2a8a701\" data-element_type=\"widget\" data-e-type=\"widget\" data-widget_type=\"text-editor.default\">\n\t\t\t\t<div class=\"elementor-widget-container\">\n\t\t\t\t\t\t\t\t\t<h1 data-path-to-node=\"3\">\ud83c\udf93 Beca de Educaci\u00f3n Superior 2026<\/h1><h3 data-path-to-node=\"4\">Municipalidad de Portezuelo | Departamento Social<\/h3><p data-path-to-node=\"5\">\u00a1Queremos apoyar tu futuro profesional!<\/p><p data-path-to-node=\"5\">Ya est\u00e1 abierto el proceso para la <b data-path-to-node=\"5\" data-index-in-node=\"75\">postulaci\u00f3n y renovaci\u00f3n<\/b> de la Beca Municipal. Elige la modalidad que m\u00e1s te acomode y aseg\u00farate de cumplir con los requisitos.<\/p><h2 data-path-to-node=\"7\">\ud83d\udccb Requisitos Acad\u00e9micos y sociales<\/h2><p data-path-to-node=\"8\">Para acceder al beneficio, debes contar con el siguiente promedio de notas m\u00ednimo:<\/p><ul data-path-to-node=\"9\"><li><p data-path-to-node=\"9,0,0\"><b data-path-to-node=\"9,0,0\" data-index-in-node=\"0\">Postulantes:<\/b> Nota m\u00ednima <b data-path-to-node=\"9,0,0\" data-index-in-node=\"25\">5.0<\/b><\/p><\/li><li><p data-path-to-node=\"9,1,0\"><b data-path-to-node=\"9,1,0\" data-index-in-node=\"0\">Renovantes:<\/b> Nota m\u00ednima <b data-path-to-node=\"9,1,0\" data-index-in-node=\"24\">4.5<\/b><\/p><\/li><li><strong>Registro Social de Hogares<\/strong> actualizado (Hasta el 70%)<\/li><li>\u00a0<\/li><li><h2 data-path-to-node=\"11\">\ud83d\udccd Modalidades de Postulaci\u00f3n<\/h2><p data-path-to-node=\"12\">Puedes realizar el tr\u00e1mite de dos maneras:<\/p><ol start=\"1\" data-path-to-node=\"13\"><li><p data-path-to-node=\"13,0,0\"><b data-path-to-node=\"13,0,0\" data-index-in-node=\"0\">Presencial:<\/b> Dir\u00edgete a la oficina del Departamento Social en la Municipalidad, ubicada en <b data-path-to-node=\"13,0,0\" data-index-in-node=\"90\">O\u2019Higgins 403<\/b>.<\/p><\/li><li><p data-path-to-node=\"13,1,0\"><b data-path-to-node=\"13,1,0\" data-index-in-node=\"0\">Online:<\/b> Completa el formulario digital que se encuentra al final de esta p\u00e1gina.<\/p><\/li><li>\u00a0<\/li><\/ol><\/li><\/ul><h2 data-path-to-node=\"15\">\ud83d\udcce Instrucciones para el Formulario Online<\/h2><p data-path-to-node=\"16\">Si decides postular a trav\u00e9s de este sitio, ten en cuenta lo siguiente:<\/p><ul data-path-to-node=\"17\"><li><p data-path-to-node=\"17,0,0\"><b data-path-to-node=\"17,0,0\" data-index-in-node=\"0\">Documentaci\u00f3n:<\/b> Debes adjuntar todos los archivos solicitados en los campos correspondientes.<\/p><\/li><li><p data-path-to-node=\"17,1,0\"><b data-path-to-node=\"17,1,0\" data-index-in-node=\"0\">Peso de Archivos:<\/b> Revisa el l\u00edmite de peso m\u00e1ximo estipulado en cada \u00edtem antes de subirlo.<\/p><\/li><li><p data-path-to-node=\"17,2,0\"><b data-path-to-node=\"17,2,0\" data-index-in-node=\"0\">Veracidad:<\/b> Aseg\u00farate de que la informaci\u00f3n sea correcta para evitar retrasos en tu proceso.<\/p><\/li><\/ul><p><b data-path-to-node=\"19,0\" data-index-in-node=\"0\">Nota importante:<\/b> No se aceptar\u00e1n postulaciones fuera de plazo o que no cumplan con el promedio m\u00ednimo requerido.<\/p><p>\u00a0<\/p><p><strong>Para m\u00e1s consultas al 42 2 200806.<\/strong><\/p>\t\t\t\t\t\t\t\t<\/div>\n\t\t\t\t<\/div>\n\t\t\t\t\t<\/div>\n\t\t\t\t<\/div>\n\t\t<div class=\"elementor-element elementor-element-133797a e-flex e-con-boxed e-con e-parent\" data-id=\"133797a\" data-element_type=\"container\" data-e-type=\"container\" data-settings=\"{&quot;tmea_shape_divider_top&quot;:&quot;none&quot;,&quot;tmea_shape_divider_bottom&quot;:&quot;none&quot;}\">\n\t\t\t\t\t<div class=\"e-con-inner\">\n\t\t\t\t<div class=\"elementor-element elementor-element-e7c0791 elementor-widget elementor-widget-spacer\" data-id=\"e7c0791\" data-element_type=\"widget\" data-e-type=\"widget\" data-widget_type=\"spacer.default\">\n\t\t\t\t<\/div>\n\t\t\t\t\t<\/div>\n\t\t\t\t<\/div>\n\t\t<div class=\"elementor-element elementor-element-9190ae5 e-flex e-con-boxed e-con e-parent\" data-id=\"9190ae5\" data-element_type=\"container\" data-e-type=\"container\" data-settings=\"{&quot;tmea_shape_divider_top&quot;:&quot;none&quot;,&quot;tmea_shape_divider_bottom&quot;:&quot;none&quot;}\">\n\t\t\t\t\t<div class=\"e-con-inner\">\n\t\t\t\t<div class=\"elementor-element elementor-element-e5cabe1 elementor-widget-divider--view-line elementor-widget elementor-widget-divider\" data-id=\"e5cabe1\" data-element_type=\"widget\" data-e-type=\"widget\" data-widget_type=\"divider.default\">\n\t\t\t\t<div class=\"elementor-widget-container\">\n\t\t\t\t\t\t\t<div class=\"elementor-divider\">\n\t\t\t<span class=\"elementor-divider-separator\">\n\t\t\t\t\t\t<\/span>\n\t\t<\/div>\n\t\t\t\t\t\t<\/div>\n\t\t\t\t<\/div>\n\t\t\t\t\t<\/div>\n\t\t\t\t<\/div>\n\t\t<div class=\"elementor-element elementor-element-ac4d08c e-flex e-con-boxed e-con e-parent\" data-id=\"ac4d08c\" data-element_type=\"container\" data-e-type=\"container\" data-settings=\"{&quot;tmea_shape_divider_top&quot;:&quot;none&quot;,&quot;tmea_shape_divider_bottom&quot;:&quot;none&quot;}\">\n\t\t\t\t\t<div class=\"e-con-inner\">\n\t\t\t\t<div class=\"elementor-element elementor-element-06f5a2d elementor-widget elementor-widget-heading\" data-id=\"06f5a2d\" data-element_type=\"widget\" data-e-type=\"widget\" data-widget_type=\"heading.default\">\n\t\t\t\t<div class=\"elementor-widget-container\">\n\t\t\t\t\t<h2 class=\"elementor-heading-title elementor-size-default\">Documentos para descargar <\/h2>\t\t\t\t<\/div>\n\t\t\t\t<\/div>\n\t\t\t\t\t<\/div>\n\t\t\t\t<\/div>\n\t\t<div class=\"elementor-element elementor-element-e54d19d e-flex e-con-boxed e-con e-parent\" data-id=\"e54d19d\" data-element_type=\"container\" data-e-type=\"container\" data-settings=\"{&quot;tmea_shape_divider_top&quot;:&quot;none&quot;,&quot;tmea_shape_divider_bottom&quot;:&quot;none&quot;}\">\n\t\t\t\t\t<div class=\"e-con-inner\">\n\t\t<div class=\"elementor-element elementor-element-5b999ce e-con-full e-flex e-con e-child\" data-id=\"5b999ce\" data-element_type=\"container\" data-e-type=\"container\" data-settings=\"{&quot;tmea_shape_divider_top&quot;:&quot;none&quot;,&quot;tmea_shape_divider_bottom&quot;:&quot;none&quot;}\">\n\t\t\t\t<div class=\"elementor-element elementor-element-92a4876 elementor-button-warning elementor-widget elementor-widget-button\" data-id=\"92a4876\" data-element_type=\"widget\" data-e-type=\"widget\" data-widget_type=\"button.default\">\n\t\t\t\t<div class=\"elementor-widget-container\">\n\t\t\t\t\t\t\t\t\t<div class=\"elementor-button-wrapper\">\n\t\t\t\t\t<a class=\"elementor-button elementor-button-link elementor-size-sm\" href=\"https:\/\/mportezuelo.cl\/Inicio\/wp-content\/uploads\/2026\/03\/SOLICITUD-BMES-2026-1.doc\">\n\t\t\t\t\t\t<span class=\"elementor-button-content-wrapper\">\n\t\t\t\t\t\t\t\t\t<span class=\"elementor-button-text\">SOLICITUD<\/span>\n\t\t\t\t\t<\/span>\n\t\t\t\t\t<\/a>\n\t\t\t\t<\/div>\n\t\t\t\t\t\t\t\t<\/div>\n\t\t\t\t<\/div>\n\t\t\t\t<\/div>\n\t\t<div class=\"elementor-element elementor-element-4088128 e-con-full e-flex e-con e-child\" data-id=\"4088128\" data-element_type=\"container\" data-e-type=\"container\" data-settings=\"{&quot;tmea_shape_divider_top&quot;:&quot;none&quot;,&quot;tmea_shape_divider_bottom&quot;:&quot;none&quot;}\">\n\t\t\t\t<div class=\"elementor-element elementor-element-c764dc3 elementor-button-warning elementor-widget elementor-widget-button\" data-id=\"c764dc3\" data-element_type=\"widget\" data-e-type=\"widget\" data-widget_type=\"button.default\">\n\t\t\t\t<div class=\"elementor-widget-container\">\n\t\t\t\t\t\t\t\t\t<div class=\"elementor-button-wrapper\">\n\t\t\t\t\t<a class=\"elementor-button elementor-button-link elementor-size-sm\" href=\"https:\/\/mportezuelo.cl\/Inicio\/wp-content\/uploads\/2026\/03\/Declaracion-Jurada-Simple-para-menores-de-edad.docx\">\n\t\t\t\t\t\t<span class=\"elementor-button-content-wrapper\">\n\t\t\t\t\t\t\t\t\t<span class=\"elementor-button-text\">DECLARACI\u00d3N<\/span>\n\t\t\t\t\t<\/span>\n\t\t\t\t\t<\/a>\n\t\t\t\t<\/div>\n\t\t\t\t\t\t\t\t<\/div>\n\t\t\t\t<\/div>\n\t\t\t\t<\/div>\n\t\t<div class=\"elementor-element elementor-element-22299a8 e-con-full e-flex e-con e-child\" data-id=\"22299a8\" data-element_type=\"container\" data-e-type=\"container\" data-settings=\"{&quot;tmea_shape_divider_top&quot;:&quot;none&quot;,&quot;tmea_shape_divider_bottom&quot;:&quot;none&quot;}\">\n\t\t\t\t<div class=\"elementor-element elementor-element-67ac7d9 elementor-button-warning elementor-widget elementor-widget-button\" data-id=\"67ac7d9\" data-element_type=\"widget\" data-e-type=\"widget\" data-widget_type=\"button.default\">\n\t\t\t\t<div class=\"elementor-widget-container\">\n\t\t\t\t\t\t\t\t\t<div class=\"elementor-button-wrapper\">\n\t\t\t\t\t<a class=\"elementor-button elementor-button-link elementor-size-sm\" href=\"https:\/\/mportezuelo.cl\/Inicio\/wp-content\/uploads\/2026\/03\/Formulario_Beca_municipal-1.pdf\">\n\t\t\t\t\t\t<span class=\"elementor-button-content-wrapper\">\n\t\t\t\t\t\t\t\t\t<span class=\"elementor-button-text\">FORMULARIO<\/span>\n\t\t\t\t\t<\/span>\n\t\t\t\t\t<\/a>\n\t\t\t\t<\/div>\n\t\t\t\t\t\t\t\t<\/div>\n\t\t\t\t<\/div>\n\t\t\t\t<\/div>\n\t\t<div class=\"elementor-element elementor-element-2efe596 e-con-full e-flex e-con e-child\" data-id=\"2efe596\" data-element_type=\"container\" data-e-type=\"container\" data-settings=\"{&quot;tmea_shape_divider_top&quot;:&quot;none&quot;,&quot;tmea_shape_divider_bottom&quot;:&quot;none&quot;}\">\n\t\t\t\t<div class=\"elementor-element elementor-element-5fdd017 elementor-widget elementor-widget-heading\" data-id=\"5fdd017\" data-element_type=\"widget\" data-e-type=\"widget\" data-widget_type=\"heading.default\">\n\t\t\t\t<div class=\"elementor-widget-container\">\n\t\t\t\t\t<h4 class=\"elementor-heading-title elementor-size-default\">Solicitud dirigida al alcalde<\/h4>\t\t\t\t<\/div>\n\t\t\t\t<\/div>\n\t\t\t\t<\/div>\n\t\t<div class=\"elementor-element elementor-element-910884c e-con-full e-flex e-con e-child\" data-id=\"910884c\" data-element_type=\"container\" data-e-type=\"container\" data-settings=\"{&quot;tmea_shape_divider_top&quot;:&quot;none&quot;,&quot;tmea_shape_divider_bottom&quot;:&quot;none&quot;}\">\n\t\t\t\t<div class=\"elementor-element elementor-element-ed0b47b elementor-widget elementor-widget-heading\" data-id=\"ed0b47b\" data-element_type=\"widget\" data-e-type=\"widget\" data-widget_type=\"heading.default\">\n\t\t\t\t<div class=\"elementor-widget-container\">\n\t\t\t\t\t<h4 class=\"elementor-heading-title elementor-size-default\">Declaraci\u00f3n jurada simple menores de 18<\/h4>\t\t\t\t<\/div>\n\t\t\t\t<\/div>\n\t\t\t\t<\/div>\n\t\t<div class=\"elementor-element elementor-element-f819929 e-con-full e-flex e-con e-child\" data-id=\"f819929\" data-element_type=\"container\" data-e-type=\"container\" data-settings=\"{&quot;tmea_shape_divider_top&quot;:&quot;none&quot;,&quot;tmea_shape_divider_bottom&quot;:&quot;none&quot;}\">\n\t\t\t\t<div class=\"elementor-element elementor-element-a6ca083 elementor-widget elementor-widget-heading\" data-id=\"a6ca083\" data-element_type=\"widget\" data-e-type=\"widget\" data-widget_type=\"heading.default\">\n\t\t\t\t<div class=\"elementor-widget-container\">\n\t\t\t\t\t<h4 class=\"elementor-heading-title elementor-size-default\">FICHA DE POSTULACI\u00d3N\/RENOVACI\u00d3N<\/h4>\t\t\t\t<\/div>\n\t\t\t\t<\/div>\n\t\t\t\t<\/div>\n\t\t\t\t\t<\/div>\n\t\t\t\t<\/div>\n\t\t<div class=\"elementor-element elementor-element-9db6198 e-flex e-con-boxed e-con e-parent\" data-id=\"9db6198\" data-element_type=\"container\" data-e-type=\"container\" data-settings=\"{&quot;tmea_shape_divider_top&quot;:&quot;none&quot;,&quot;tmea_shape_divider_bottom&quot;:&quot;none&quot;}\">\n\t\t\t\t\t<div class=\"e-con-inner\">\n\t\t\t\t<div class=\"elementor-element elementor-element-e12cffe elementor-button-success elementor-align-center elementor-widget elementor-widget-button\" data-id=\"e12cffe\" data-element_type=\"widget\" data-e-type=\"widget\" data-widget_type=\"button.default\">\n\t\t\t\t<div class=\"elementor-widget-container\">\n\t\t\t\t\t\t\t\t\t<div class=\"elementor-button-wrapper\">\n\t\t\t\t\t<a class=\"elementor-button elementor-button-link elementor-size-sm\" href=\"https:\/\/mportezuelo.cl\/Inicio\/wp-content\/uploads\/2026\/03\/Ordenanza-BMES-2026-4.pdf\">\n\t\t\t\t\t\t<span class=\"elementor-button-content-wrapper\">\n\t\t\t\t\t\t\t\t\t<span class=\"elementor-button-text\">Leer Ordenanza Beca Municipal Educaci\u00f3n Superior<\/span>\n\t\t\t\t\t<\/span>\n\t\t\t\t\t<\/a>\n\t\t\t\t<\/div>\n\t\t\t\t\t\t\t\t<\/div>\n\t\t\t\t<\/div>\n\t\t\t\t\t<\/div>\n\t\t\t\t<\/div>\n\t\t<div class=\"elementor-element elementor-element-b906178 e-flex e-con-boxed e-con e-parent\" data-id=\"b906178\" data-element_type=\"container\" data-e-type=\"container\" data-settings=\"{&quot;tmea_shape_divider_top&quot;:&quot;none&quot;,&quot;tmea_shape_divider_bottom&quot;:&quot;none&quot;}\">\n\t\t\t\t\t<div class=\"e-con-inner\">\n\t\t\t\t<div class=\"elementor-element elementor-element-1f8957e elementor-widget-divider--view-line elementor-widget elementor-widget-divider\" data-id=\"1f8957e\" data-element_type=\"widget\" data-e-type=\"widget\" data-widget_type=\"divider.default\">\n\t\t\t\t<div class=\"elementor-widget-container\">\n\t\t\t\t\t\t\t<div class=\"elementor-divider\">\n\t\t\t<span class=\"elementor-divider-separator\">\n\t\t\t\t\t\t<\/span>\n\t\t<\/div>\n\t\t\t\t\t\t<\/div>\n\t\t\t\t<\/div>\n\t\t\t\t\t<\/div>\n\t\t\t\t<\/div>\n\t\t<div class=\"elementor-element elementor-element-dee48df e-flex e-con-boxed e-con e-parent\" data-id=\"dee48df\" data-element_type=\"container\" data-e-type=\"container\" data-settings=\"{&quot;tmea_shape_divider_top&quot;:&quot;none&quot;,&quot;tmea_shape_divider_bottom&quot;:&quot;none&quot;}\">\n\t\t\t\t\t<div class=\"e-con-inner\">\n\t\t\t\t<div class=\"elementor-element elementor-element-236a65a elementor-widget elementor-widget-heading\" data-id=\"236a65a\" data-element_type=\"widget\" data-e-type=\"widget\" data-widget_type=\"heading.default\">\n\t\t\t\t<div class=\"elementor-widget-container\">\n\t\t\t\t\t<h3 class=\"elementor-heading-title elementor-size-default\">FORMULARIO<\/h3>\t\t\t\t<\/div>\n\t\t\t\t<\/div>\n\t\t\t\t\t<\/div>\n\t\t\t\t<\/div>\n\t\t<div class=\"elementor-element elementor-element-3f35a40 e-flex e-con-boxed e-con e-parent\" data-id=\"3f35a40\" data-element_type=\"container\" data-e-type=\"container\" data-settings=\"{&quot;tmea_shape_divider_top&quot;:&quot;none&quot;,&quot;tmea_shape_divider_bottom&quot;:&quot;none&quot;}\">\n\t\t\t\t\t<div class=\"e-con-inner\">\n\t\t\t\t<div class=\"elementor-element elementor-element-dbd2ac0 elementor-widget elementor-widget-html\" data-id=\"dbd2ac0\" data-element_type=\"widget\" data-e-type=\"widget\" data-widget_type=\"html.default\">\n\t\t\t\t<div class=\"elementor-widget-container\">\n\t\t\t\t\t\n<div class=\"wpcf7 no-js\" id=\"wpcf7-f10584-o1\" lang=\"es-CL\" dir=\"ltr\" data-wpcf7-id=\"10584\">\n<div class=\"screen-reader-response\"><p role=\"status\" aria-live=\"polite\" aria-atomic=\"true\"><\/p> <ul><\/ul><\/div>\n<form action=\"\/Inicio\/wp-json\/wp\/v2\/pages\/10566#wpcf7-f10584-o1\" method=\"post\" class=\"wpcf7-form init\" aria-label=\"Formulario de contacto\" enctype=\"multipart\/form-data\" novalidate=\"novalidate\" data-status=\"init\">\n<fieldset class=\"hidden-fields-container\"><input type=\"hidden\" name=\"_wpcf7\" value=\"10584\" \/><input type=\"hidden\" name=\"_wpcf7_version\" value=\"6.1.5\" \/><input type=\"hidden\" name=\"_wpcf7_locale\" value=\"es_CL\" \/><input type=\"hidden\" name=\"_wpcf7_unit_tag\" value=\"wpcf7-f10584-o1\" \/><input type=\"hidden\" name=\"_wpcf7_container_post\" value=\"0\" \/><input type=\"hidden\" name=\"_wpcf7_posted_data_hash\" value=\"\" \/><input type=\"hidden\" name=\"_wpcf7_recaptcha_response\" value=\"\" \/>\n<\/fieldset>\n<p><label> Nombre del Alumno<br \/>\n<span class=\"wpcf7-form-control-wrap\" data-name=\"your-name\"><input size=\"40\" maxlength=\"400\" class=\"wpcf7-form-control wpcf7-text wpcf7-validates-as-required\" autocomplete=\"name\" aria-required=\"true\" aria-invalid=\"false\" placeholder=\"ingresa tu nombre\" value=\"\" type=\"text\" name=\"your-name\" \/><\/span> <\/label>\n<\/p>\n<p><label> Apellidos<br \/>\n<span class=\"wpcf7-form-control-wrap\" data-name=\"text-228\"><input size=\"40\" maxlength=\"400\" class=\"wpcf7-form-control wpcf7-text apellido\" aria-invalid=\"false\" placeholder=\"ingresa tus apellidos\" value=\"\" type=\"text\" name=\"text-228\" \/><\/span><\/label>\n<\/p>\n<p><label> Rut<br \/>\n<span class=\"wpcf7-form-control-wrap\" data-name=\"text-654\"><input size=\"40\" maxlength=\"400\" class=\"wpcf7-form-control wpcf7-text rut\" aria-invalid=\"false\" placeholder=\"Ingresa tu rut\" value=\"\" type=\"text\" name=\"text-654\" \/><\/span><\/label>\n<\/p>\n<p><label> Correo electr\u00f3nico<br \/>\n<span class=\"wpcf7-form-control-wrap\" data-name=\"your-email\"><input size=\"40\" maxlength=\"400\" class=\"wpcf7-form-control wpcf7-email wpcf7-validates-as-required wpcf7-text wpcf7-validates-as-email\" autocomplete=\"email\" aria-required=\"true\" aria-invalid=\"false\" placeholder=\"ingresa tu correo\" value=\"\" type=\"email\" name=\"your-email\" \/><\/span> <\/label>\n<\/p>\n<p><label> Domicilio<br \/>\n<span class=\"wpcf7-form-control-wrap\" data-name=\"text-238\"><input size=\"40\" maxlength=\"400\" class=\"wpcf7-form-control wpcf7-text domicilio\" aria-invalid=\"false\" placeholder=\"Ingresa tu direcci\u00f3n\" value=\"\" type=\"text\" name=\"text-238\" \/><\/span><\/label>\n<\/p>\n<p><label> Asunto<br \/>\n<span class=\"wpcf7-form-control-wrap\" data-name=\"your-subject\"><input size=\"40\" maxlength=\"400\" class=\"wpcf7-form-control wpcf7-text wpcf7-validates-as-required\" aria-required=\"true\" aria-invalid=\"false\" value=\"\" type=\"text\" name=\"your-subject\" \/><\/span> <\/label>\n<\/p>\n<p><span class=\"wpcf7-form-control-wrap\"><br \/>\n<label for=\"situacion\">Situaci\u00f3n<\/label><br \/>\n<span class=\"wpcf7-form-control-wrap\" data-name=\"radio-103\"><span class=\"wpcf7-form-control wpcf7-radio situacion\" id=\"situacion\"><span class=\"wpcf7-list-item first\"><input type=\"radio\" name=\"radio-103\" value=\"Postulante\" \/><span class=\"wpcf7-list-item-label\">Postulante<\/span><\/span><span class=\"wpcf7-list-item last\"><input type=\"radio\" name=\"radio-103\" value=\"Renovante\" \/><span class=\"wpcf7-list-item-label\">Renovante<\/span><\/span><\/span><\/span><br \/>\n<\/span>\n<\/p>\n<p><label> Adjunta Solicitud dirigida al alcalde (peso max. archivo 3mb)<br \/>\n<span class=\"wpcf7-form-control-wrap\" data-name=\"file-936\"><input size=\"40\" class=\"wpcf7-form-control wpcf7-file solicitud\" accept=\".pdf,.doc,.docx,.jpg,.jpeg,.png\" aria-invalid=\"false\" type=\"file\" name=\"file-936\" \/><\/span> <\/label>\n<\/p>\n<p><label> Adjunta Ficha de postulaci\u00f3n (peso max. archivo 4mb)<br \/>\n<span class=\"wpcf7-form-control-wrap\" data-name=\"file-173\"><input size=\"40\" class=\"wpcf7-form-control wpcf7-file wpcf7-validates-as-required ficha postulacion\" accept=\".pdf,.doc,.docx,.jpg,.jpeg,.png\" aria-required=\"true\" aria-invalid=\"false\" type=\"file\" name=\"file-173\" \/><\/span><\/label>\n<\/p>\n<p><label> Adjunta Fotocopia de c\u00e9dula (Postulante\/Renovante) (peso max. archivo 2mb)<br \/>\n<span class=\"wpcf7-form-control-wrap\" data-name=\"file-493\"><input size=\"40\" class=\"wpcf7-form-control wpcf7-file wpcf7-validates-as-required fotocopia cedula\" accept=\".pdf,.doc,.docx,.jpg,.jpeg,.png\" aria-required=\"true\" aria-invalid=\"false\" type=\"file\" name=\"file-493\" \/><\/span> <\/label>\n<\/p>\n<p><label> Adjunta Fotocopia de c\u00e9dula (Apoderado - si es menor de 18 a\u00f1os) (peso max. archivo 2mb)<br \/>\n<span class=\"wpcf7-form-control-wrap\" data-name=\"file-123\"><input size=\"40\" class=\"wpcf7-form-control wpcf7-file fotocopia apoderado\" accept=\".pdf,.doc,.docx,.jpg,.jpeg,.png\" aria-invalid=\"false\" type=\"file\" name=\"file-123\" \/><\/span> <\/label>\n<\/p>\n<p><label>Autorizaci\u00f3n simple de respaldo de postulaci\u00f3n (peso max. archivo 3mb)<br \/>\n<span class=\"wpcf7-form-control-wrap\" data-name=\"file-914\"><input size=\"40\" class=\"wpcf7-form-control wpcf7-file wpcf7-validates-as-required autorizacion\" accept=\".pdf,.doc,.docx,.jpg,.jpeg,.png\" aria-required=\"true\" aria-invalid=\"false\" type=\"file\" name=\"file-914\" \/><\/span> <\/label>\n<\/p>\n<p><label>Fotocopia de cuenta bancaria o Cuenta RUT (peso max. archivo 2mb)<br \/>\n<span class=\"wpcf7-form-control-wrap\" data-name=\"file-182\"><input size=\"40\" class=\"wpcf7-form-control wpcf7-file wpcf7-validates-as-required cuenta\" accept=\".pdf,.doc,.docx,.jpg,.jpeg,.png\" aria-required=\"true\" aria-invalid=\"false\" type=\"file\" name=\"file-182\" \/><\/span> <\/label>\n<\/p>\n<p><label>Certificado de nota original (\u00daltimo a\u00f1o\/semestre) (peso max. archivo 2mb)<br \/>\n<span class=\"wpcf7-form-control-wrap\" data-name=\"file-165\"><input size=\"40\" class=\"wpcf7-form-control wpcf7-file wpcf7-validates-as-required notas\" accept=\".pdf,.doc,.docx,.jpg,.jpeg,.png\" aria-required=\"true\" aria-invalid=\"false\" type=\"file\" name=\"file-165\" \/><\/span> <\/label>\n<\/p>\n<p><label>Certificado de alumno regular o matr\u00edcula (peso max. archivo 2mb)<br \/>\n<span class=\"wpcf7-form-control-wrap\" data-name=\"file-439\"><input size=\"40\" class=\"wpcf7-form-control wpcf7-file wpcf7-validates-as-required matricula\" accept=\".pdf,.doc,.docx,.jpg,.jpeg,.png\" aria-required=\"true\" aria-invalid=\"false\" type=\"file\" name=\"file-439\" \/><\/span> <\/label>\n<\/p>\n<p><label>Comprobante de inscripci\u00f3n de asignatura o carga acad\u00e9mica (peso max. archivo 2mb)<br \/>\n<span class=\"wpcf7-form-control-wrap\" data-name=\"file-748\"><input size=\"40\" class=\"wpcf7-form-control wpcf7-file wpcf7-validates-as-required inscripcion\" accept=\".pdf,.doc,.docx,.jpg,.jpeg,.png\" aria-required=\"true\" aria-invalid=\"false\" type=\"file\" name=\"file-748\" \/><\/span> <\/label>\n<\/p>\n<p><label>Certificado de residencia de Junta de Vecinos (peso max. archivo 3mb)<br \/>\n<span class=\"wpcf7-form-control-wrap\" data-name=\"file-135\"><input size=\"40\" class=\"wpcf7-form-control wpcf7-file wpcf7-validates-as-required residencia\" accept=\".pdf,.doc,.docx,.jpg,.jpeg,.png\" aria-required=\"true\" aria-invalid=\"false\" type=\"file\" name=\"file-135\" \/><\/span> <\/label><br \/>\n<label>Registro Social de Hogares actualizado (Hasta el 70%) <\/label>\n<\/p>\n<p><label> Tu mensaje (opcional)<br \/>\n<span class=\"wpcf7-form-control-wrap\" data-name=\"your-message\"><textarea cols=\"40\" rows=\"10\" maxlength=\"2000\" class=\"wpcf7-form-control wpcf7-textarea\" aria-invalid=\"false\" name=\"your-message\"><\/textarea><\/span> <\/label>\n<\/p>\n<p><input class=\"wpcf7-form-control wpcf7-submit has-spinner\" type=\"submit\" value=\"Enviar\" \/>\n<\/p><p style=\"display: none !important;\" class=\"akismet-fields-container\" data-prefix=\"_wpcf7_ak_\"><label>&#916;<textarea name=\"_wpcf7_ak_hp_textarea\" cols=\"45\" rows=\"8\" maxlength=\"100\"><\/textarea><\/label><input type=\"hidden\" id=\"ak_js_1\" name=\"_wpcf7_ak_js\" value=\"64\"\/><script>\ndocument.getElementById( \"ak_js_1\" ).setAttribute( \"value\", ( new Date() ).getTime() );\n<\/script>\n<\/p><div class=\"wpcf7-response-output\" aria-hidden=\"true\"><\/div>\n<\/form>\n<\/div>\n\t\t\t\t<\/div>\n\t\t\t\t<\/div>\n\t\t\t\t\t<\/div>\n\t\t\t\t<\/div>\n\t\t\t\t<\/div>\n\t\t","protected":false},"excerpt":{"rendered":"<p>\ud83c\udf93 Beca de Educaci\u00f3n Superior 2026 Municipalidad de Portezuelo | Departamento Social \u00a1Queremos apoyar tu futuro profesional! Ya est\u00e1 abierto el proceso para la postulaci\u00f3n y renovaci\u00f3n de la Beca Municipal. Elige la modalidad que m\u00e1s te acomode y aseg\u00farate de cumplir con los requisitos. \ud83d\udccb Requisitos Acad\u00e9micos y sociales Para acceder al beneficio, debes [&hellip;]<\/p>\n","protected":false},"author":1,"featured_media":0,"parent":0,"menu_order":0,"comment_status":"closed","ping_status":"closed","template":"elementor_header_footer","meta":{"_monsterinsights_skip_tracking":false,"_monsterinsights_sitenote_active":false,"_monsterinsights_sitenote_note":"","_monsterinsights_sitenote_category":0,"iawp_total_views":546,"footnotes":""},"class_list":["post-10566","page","type-page","status-publish","hentry"],"aioseo_notices":[],"_links":{"self":[{"href":"https:\/\/mportezuelo.cl\/Inicio\/wp-json\/wp\/v2\/pages\/10566","targetHints":{"allow":["GET"]}}],"collection":[{"href":"https:\/\/mportezuelo.cl\/Inicio\/wp-json\/wp\/v2\/pages"}],"about":[{"href":"https:\/\/mportezuelo.cl\/Inicio\/wp-json\/wp\/v2\/types\/page"}],"author":[{"embeddable":true,"href":"https:\/\/mportezuelo.cl\/Inicio\/wp-json\/wp\/v2\/users\/1"}],"replies":[{"embeddable":true,"href":"https:\/\/mportezuelo.cl\/Inicio\/wp-json\/wp\/v2\/comments?post=10566"}],"version-history":[{"count":55,"href":"https:\/\/mportezuelo.cl\/Inicio\/wp-json\/wp\/v2\/pages\/10566\/revisions"}],"predecessor-version":[{"id":10748,"href":"https:\/\/mportezuelo.cl\/Inicio\/wp-json\/wp\/v2\/pages\/10566\/revisions\/10748"}],"wp:attachment":[{"href":"https:\/\/mportezuelo.cl\/Inicio\/wp-json\/wp\/v2\/media?parent=10566"}],"curies":[{"name":"wp","href":"https:\/\/api.w.org\/{rel}","templated":true}]}}