{"id":10191,"date":"2025-10-29T17:13:15","date_gmt":"2025-10-29T20:13:15","guid":{"rendered":"https:\/\/mportezuelo.cl\/Inicio\/?page_id=10191"},"modified":"2025-11-12T16:42:59","modified_gmt":"2025-11-12T19:42:59","slug":"el-encuentro-nacional-de-payadores-de-portezuelo","status":"publish","type":"page","link":"https:\/\/mportezuelo.cl\/Inicio\/el-encuentro-nacional-de-payadores-de-portezuelo\/","title":{"rendered":"El Encuentro Nacional de Payadores de Portezuelo"},"content":{"rendered":"\t\t<div data-elementor-type=\"wp-page\" data-elementor-id=\"10191\" class=\"elementor elementor-10191\" data-elementor-post-type=\"page\">\n\t\t\t\t<div class=\"elementor-element elementor-element-0fef26d e-flex e-con-boxed e-con e-parent\" data-id=\"0fef26d\" data-element_type=\"container\" data-e-type=\"container\" data-settings=\"{&quot;tmea_shape_divider_top&quot;:&quot;none&quot;,&quot;tmea_shape_divider_bottom&quot;:&quot;none&quot;}\">\n\t\t\t\t\t<div class=\"e-con-inner\">\n\t\t\t\t<div class=\"elementor-element elementor-element-42f48d4 elementor-widget elementor-widget-image\" data-id=\"42f48d4\" data-element_type=\"widget\" data-e-type=\"widget\" data-widget_type=\"image.default\">\n\t\t\t\t<div class=\"elementor-widget-container\">\n\t\t\t\t\t\t\t\t\t\t\t\t\t\t\t<img fetchpriority=\"high\" decoding=\"async\" width=\"1024\" height=\"510\" src=\"https:\/\/mportezuelo.cl\/Inicio\/wp-content\/uploads\/2025\/10\/payador005-e1761768979686.jpg\" class=\"attachment-large size-large wp-image-10194\" alt=\"\" srcset=\"https:\/\/mportezuelo.cl\/Inicio\/wp-content\/uploads\/2025\/10\/payador005-e1761768979686.jpg 1024w, https:\/\/mportezuelo.cl\/Inicio\/wp-content\/uploads\/2025\/10\/payador005-e1761768979686-300x149.jpg 300w, https:\/\/mportezuelo.cl\/Inicio\/wp-content\/uploads\/2025\/10\/payador005-e1761768979686-768x383.jpg 768w\" sizes=\"(max-width: 1024px) 100vw, 1024px\" \/>\t\t\t\t\t\t\t\t\t\t\t\t\t\t\t<\/div>\n\t\t\t\t<\/div>\n\t\t\t\t\t<\/div>\n\t\t\t\t<\/div>\n\t\t<div class=\"elementor-element elementor-element-60af407 e-flex e-con-boxed e-con e-parent\" data-id=\"60af407\" data-element_type=\"container\" data-e-type=\"container\" data-settings=\"{&quot;tmea_shape_divider_top&quot;:&quot;none&quot;,&quot;tmea_shape_divider_bottom&quot;:&quot;none&quot;}\">\n\t\t\t\t\t<div class=\"e-con-inner\">\n\t\t\n\t\t<div class=\"elementor-element elementor-element-22b074d elementor-widget elementor-widget-text-editor\" data-id=\"22b074d\" data-element_type=\"widget\" data-e-type=\"widget\" data-widget_type=\"text-editor.default\">\n\t\t\t\t<div class=\"elementor-widget-container\">\n\t\t\t\t\t\t\t\t\t<p>El Encuentro Nacional de Payadores de Portezuelo es un destacado evento art\u00edstico y religioso que tuvo sus inicios en el mes de julio de 1991.\u00a0<\/p><p>El padre Ricardo Sammon fue el creador intelectual de esta actividad cultural, como tambi\u00e9n lo fue del &#8220;encuentro de ra\u00edces&#8221; en la comuna.<\/p><p>Celebrado bajo el lema &#8220;Canto de la tierra al cielo&#8221;, este encuentro se convirti\u00f3 en un pilar para las tradiciones locales.<\/p>\t\t\t\t\t\t\t\t<\/div>\n\t\t\t\t<\/div>\n\t\t\t\t\t<\/div>\n\t\t\t\t<\/div>\n\t\t<div class=\"elementor-element elementor-element-6687a8a e-flex e-con-boxed e-con e-parent\" data-id=\"6687a8a\" data-element_type=\"container\" data-e-type=\"container\" data-settings=\"{&quot;tmea_shape_divider_top&quot;:&quot;none&quot;,&quot;tmea_shape_divider_bottom&quot;:&quot;none&quot;}\">\n\t\t\t\t\t<div class=\"e-con-inner\">\n\t\t<div class=\"elementor-element elementor-element-84dba6d e-con-full e-flex e-con e-child\" data-id=\"84dba6d\" data-element_type=\"container\" data-e-type=\"container\" data-settings=\"{&quot;tmea_shape_divider_top&quot;:&quot;none&quot;,&quot;tmea_shape_divider_bottom&quot;:&quot;none&quot;}\">\n\t\t\t\t<div class=\"elementor-element elementor-element-77b0fa8 elementor-widget elementor-widget-image\" data-id=\"77b0fa8\" data-element_type=\"widget\" data-e-type=\"widget\" data-widget_type=\"image.default\">\n\t\t\t\t<div class=\"elementor-widget-container\">\n\t\t\t\t\t\t\t\t\t\t\t\t<figure class=\"wp-caption\">\n\t\t\t\t\t\t\t\t\t\t<img decoding=\"async\" width=\"796\" height=\"1024\" src=\"https:\/\/mportezuelo.cl\/Inicio\/wp-content\/uploads\/2025\/10\/payador002.jpg\" class=\"attachment-large size-large wp-image-10195\" alt=\"\" srcset=\"https:\/\/mportezuelo.cl\/Inicio\/wp-content\/uploads\/2025\/10\/payador002.jpg 796w, https:\/\/mportezuelo.cl\/Inicio\/wp-content\/uploads\/2025\/10\/payador002-233x300.jpg 233w, https:\/\/mportezuelo.cl\/Inicio\/wp-content\/uploads\/2025\/10\/payador002-768x988.jpg 768w\" sizes=\"(max-width: 796px) 100vw, 796px\" \/>\t\t\t\t\t\t\t\t\t\t\t<figcaption class=\"widget-image-caption wp-caption-text\">Afiche a\u00f1o 2015<\/figcaption>\n\t\t\t\t\t\t\t\t\t\t<\/figure>\n\t\t\t\t\t\t\t\t\t<\/div>\n\t\t\t\t<\/div>\n\t\t\t\t<\/div>\n\t\t<div class=\"elementor-element elementor-element-7d42913 e-con-full e-flex e-con e-child\" data-id=\"7d42913\" data-element_type=\"container\" data-e-type=\"container\" data-settings=\"{&quot;tmea_shape_divider_top&quot;:&quot;none&quot;,&quot;tmea_shape_divider_bottom&quot;:&quot;none&quot;}\">\n\t\t\t\t<div class=\"elementor-element elementor-element-12bf3e4 elementor-widget elementor-widget-text-editor\" data-id=\"12bf3e4\" data-element_type=\"widget\" data-e-type=\"widget\" data-widget_type=\"text-editor.default\">\n\t\t\t\t<div class=\"elementor-widget-container\">\n\t\t\t\t\t\t\t\t\t<h3><strong>El Inicio de la Celebraci\u00f3n<\/strong><\/h3><p>La hospitalidad de la comuna se hac\u00eda presente desde el primer momento. Al llegar a Portezuelo, los cantores populares eran recibidos con un desayuno que inclu\u00eda caldillo, mate y sopaipillas.<\/p><p>Tras el recibimiento, los cantores se dirig\u00edan a diversas comunidades de la parroquia, como Buenos Aires, Capellan\u00eda, Panguilemu, El Sauce y otras. En estos sectores, los artistas actuaban para los habitantes y aprovechaban de explicar su arte.<\/p><p>\u00a0<\/p><h3><strong>El Canto a lo Divino y la Vigilia<\/strong><\/h3><p>El &#8220;encuentro del arte milenario&#8221; comenzaba formalmente con el Canto a lo Divino. Esta actividad serv\u00eda como culminaci\u00f3n de la novena de la Virgen del Carmen en la parroquia de Portezuelo, cerrando con una &#8220;rueda de poetas&#8221;.<\/p><p>La figura central de la noche era la Virgen Campesina de Portezuelo. Los cantores alababan a la virgen con sus versos improvisados durante gran parte de la noche, en una vigilia que era seguida por numerosos fieles de la comuna. Para mitigar las bajas temperaturas, en los intermedios se ofrec\u00eda un &#8220;navegado&#8221; para el fr\u00edo invernal.<\/p>\t\t\t\t\t\t\t\t<\/div>\n\t\t\t\t<\/div>\n\t\t\t\t<\/div>\n\t\t\t\t\t<\/div>\n\t\t\t\t<\/div>\n\t\t<div class=\"elementor-element elementor-element-8110da2 e-flex e-con-boxed e-con e-parent\" data-id=\"8110da2\" data-element_type=\"container\" data-e-type=\"container\" data-settings=\"{&quot;tmea_shape_divider_top&quot;:&quot;none&quot;,&quot;tmea_shape_divider_bottom&quot;:&quot;none&quot;}\">\n\t\t\t\t\t<div class=\"e-con-inner\">\n\t\t<div class=\"elementor-element elementor-element-ccc70e7 e-con-full e-flex e-con e-child\" data-id=\"ccc70e7\" data-element_type=\"container\" data-e-type=\"container\" data-settings=\"{&quot;tmea_shape_divider_top&quot;:&quot;none&quot;,&quot;tmea_shape_divider_bottom&quot;:&quot;none&quot;}\">\n\t\t\t\t<div class=\"elementor-element elementor-element-4b2ce51 elementor-widget elementor-widget-image\" data-id=\"4b2ce51\" data-element_type=\"widget\" data-e-type=\"widget\" data-widget_type=\"image.default\">\n\t\t\t\t<div class=\"elementor-widget-container\">\n\t\t\t\t\t\t\t\t\t\t\t\t\t\t\t<img decoding=\"async\" width=\"1024\" height=\"585\" src=\"https:\/\/mportezuelo.cl\/Inicio\/wp-content\/uploads\/2025\/10\/payador001.jpg\" class=\"attachment-large size-large wp-image-10196\" alt=\"\" srcset=\"https:\/\/mportezuelo.cl\/Inicio\/wp-content\/uploads\/2025\/10\/payador001.jpg 1024w, https:\/\/mportezuelo.cl\/Inicio\/wp-content\/uploads\/2025\/10\/payador001-300x171.jpg 300w, https:\/\/mportezuelo.cl\/Inicio\/wp-content\/uploads\/2025\/10\/payador001-768x439.jpg 768w, https:\/\/mportezuelo.cl\/Inicio\/wp-content\/uploads\/2025\/10\/payador001-177x100.jpg 177w\" sizes=\"(max-width: 1024px) 100vw, 1024px\" \/>\t\t\t\t\t\t\t\t\t\t\t\t\t\t\t<\/div>\n\t\t\t\t<\/div>\n\t\t\t\t<\/div>\n\t\t<div class=\"elementor-element elementor-element-ca449f0 e-con-full e-flex e-con e-child\" data-id=\"ca449f0\" data-element_type=\"container\" data-e-type=\"container\" data-settings=\"{&quot;tmea_shape_divider_top&quot;:&quot;none&quot;,&quot;tmea_shape_divider_bottom&quot;:&quot;none&quot;}\">\n\t\t\t\t<div class=\"elementor-element elementor-element-74fbb5e elementor-widget elementor-widget-image\" data-id=\"74fbb5e\" data-element_type=\"widget\" data-e-type=\"widget\" data-widget_type=\"image.default\">\n\t\t\t\t<div class=\"elementor-widget-container\">\n\t\t\t\t\t\t\t\t\t\t\t\t\t\t\t<img loading=\"lazy\" decoding=\"async\" width=\"1024\" height=\"585\" src=\"https:\/\/mportezuelo.cl\/Inicio\/wp-content\/uploads\/2025\/10\/payador004.jpg\" class=\"attachment-large size-large wp-image-10197\" alt=\"\" srcset=\"https:\/\/mportezuelo.cl\/Inicio\/wp-content\/uploads\/2025\/10\/payador004.jpg 1024w, https:\/\/mportezuelo.cl\/Inicio\/wp-content\/uploads\/2025\/10\/payador004-300x171.jpg 300w, https:\/\/mportezuelo.cl\/Inicio\/wp-content\/uploads\/2025\/10\/payador004-768x439.jpg 768w, https:\/\/mportezuelo.cl\/Inicio\/wp-content\/uploads\/2025\/10\/payador004-177x100.jpg 177w\" sizes=\"(max-width: 1024px) 100vw, 1024px\" \/>\t\t\t\t\t\t\t\t\t\t\t\t\t\t\t<\/div>\n\t\t\t\t<\/div>\n\t\t\t\t<\/div>\n\t\t\t\t\t<\/div>\n\t\t\t\t<\/div>\n\t\t<div class=\"elementor-element elementor-element-dbb4141 e-flex e-con-boxed e-con e-parent\" data-id=\"dbb4141\" data-element_type=\"container\" data-e-type=\"container\" data-settings=\"{&quot;tmea_shape_divider_top&quot;:&quot;none&quot;,&quot;tmea_shape_divider_bottom&quot;:&quot;none&quot;}\">\n\t\t\t\t\t<div class=\"e-con-inner\">\n\t\t<div class=\"elementor-element elementor-element-21d7079 e-con-full e-flex e-con e-child\" data-id=\"21d7079\" data-element_type=\"container\" data-e-type=\"container\" data-settings=\"{&quot;tmea_shape_divider_top&quot;:&quot;none&quot;,&quot;tmea_shape_divider_bottom&quot;:&quot;none&quot;}\">\n\t\t\t\t<div class=\"elementor-element elementor-element-0e1d2b2 elementor-widget elementor-widget-image\" data-id=\"0e1d2b2\" data-element_type=\"widget\" data-e-type=\"widget\" data-widget_type=\"image.default\">\n\t\t\t\t<div class=\"elementor-widget-container\">\n\t\t\t\t\t\t\t\t\t\t\t\t\t\t\t<img loading=\"lazy\" decoding=\"async\" width=\"1024\" height=\"585\" src=\"https:\/\/mportezuelo.cl\/Inicio\/wp-content\/uploads\/2025\/10\/payador006.jpg\" class=\"attachment-large size-large wp-image-10198\" alt=\"\" srcset=\"https:\/\/mportezuelo.cl\/Inicio\/wp-content\/uploads\/2025\/10\/payador006.jpg 1024w, https:\/\/mportezuelo.cl\/Inicio\/wp-content\/uploads\/2025\/10\/payador006-300x171.jpg 300w, https:\/\/mportezuelo.cl\/Inicio\/wp-content\/uploads\/2025\/10\/payador006-768x439.jpg 768w, https:\/\/mportezuelo.cl\/Inicio\/wp-content\/uploads\/2025\/10\/payador006-177x100.jpg 177w\" sizes=\"(max-width: 1024px) 100vw, 1024px\" \/>\t\t\t\t\t\t\t\t\t\t\t\t\t\t\t<\/div>\n\t\t\t\t<\/div>\n\t\t\t\t<\/div>\n\t\t<div class=\"elementor-element elementor-element-a72392b e-con-full e-flex e-con e-child\" data-id=\"a72392b\" data-element_type=\"container\" data-e-type=\"container\" data-settings=\"{&quot;tmea_shape_divider_top&quot;:&quot;none&quot;,&quot;tmea_shape_divider_bottom&quot;:&quot;none&quot;}\">\n\t\t\t\t<div class=\"elementor-element elementor-element-0dd8bf2 elementor-widget elementor-widget-text-editor\" data-id=\"0dd8bf2\" data-element_type=\"widget\" data-e-type=\"widget\" data-widget_type=\"text-editor.default\">\n\t\t\t\t<div class=\"elementor-widget-container\">\n\t\t\t\t\t\t\t\t\t<h3><strong>El Desarrollo del Encuentro<\/strong><\/h3><p>El segundo d\u00eda del encuentro tambi\u00e9n correspond\u00eda al <strong>Canto a lo Humano<\/strong>. En esta jornada, los payadores demostraban su ingenio y picard\u00eda. Los temas tratados eran variados, abordando asuntos de la \u00e9poca como la tierra y el sol, la defensa del medioambiente, el valor de la naturaleza y los valores del campesino, entre otros.<\/p><p>La chispa e inspiraci\u00f3n popular marcaban cada paso de la actuaci\u00f3n de los payadores en esta tierra de tradiciones y vi\u00f1edos.<\/p>\t\t\t\t\t\t\t\t<\/div>\n\t\t\t\t<\/div>\n\t\t\t\t<\/div>\n\t\t\t\t\t<\/div>\n\t\t\t\t<\/div>\n\t\t<div class=\"elementor-element elementor-element-775c589 e-flex e-con-boxed e-con e-parent\" data-id=\"775c589\" data-element_type=\"container\" data-e-type=\"container\" data-settings=\"{&quot;tmea_shape_divider_top&quot;:&quot;none&quot;,&quot;tmea_shape_divider_bottom&quot;:&quot;none&quot;}\">\n\t\t\t\t\t<div class=\"e-con-inner\">\n\t\t<div class=\"elementor-element elementor-element-3a29281 e-con-full e-flex e-con e-child\" data-id=\"3a29281\" data-element_type=\"container\" data-e-type=\"container\" data-settings=\"{&quot;tmea_shape_divider_top&quot;:&quot;none&quot;,&quot;tmea_shape_divider_bottom&quot;:&quot;none&quot;}\">\n\t\t\t\t<div class=\"elementor-element elementor-element-564ab81 elementor-widget elementor-widget-image\" data-id=\"564ab81\" data-element_type=\"widget\" data-e-type=\"widget\" data-widget_type=\"image.default\">\n\t\t\t\t<div class=\"elementor-widget-container\">\n\t\t\t\t\t\t\t\t\t\t\t\t\t\t\t<img loading=\"lazy\" decoding=\"async\" width=\"1024\" height=\"585\" src=\"https:\/\/mportezuelo.cl\/Inicio\/wp-content\/uploads\/2025\/10\/payador003.jpg\" class=\"attachment-large size-large wp-image-10199\" alt=\"\" srcset=\"https:\/\/mportezuelo.cl\/Inicio\/wp-content\/uploads\/2025\/10\/payador003.jpg 1024w, https:\/\/mportezuelo.cl\/Inicio\/wp-content\/uploads\/2025\/10\/payador003-300x171.jpg 300w, https:\/\/mportezuelo.cl\/Inicio\/wp-content\/uploads\/2025\/10\/payador003-768x439.jpg 768w, https:\/\/mportezuelo.cl\/Inicio\/wp-content\/uploads\/2025\/10\/payador003-177x100.jpg 177w\" sizes=\"(max-width: 1024px) 100vw, 1024px\" \/>\t\t\t\t\t\t\t\t\t\t\t\t\t\t\t<\/div>\n\t\t\t\t<\/div>\n\t\t\t\t<\/div>\n\t\t<div class=\"elementor-element elementor-element-fa72a96 e-con-full e-flex e-con e-child\" data-id=\"fa72a96\" data-element_type=\"container\" data-e-type=\"container\" data-settings=\"{&quot;tmea_shape_divider_top&quot;:&quot;none&quot;,&quot;tmea_shape_divider_bottom&quot;:&quot;none&quot;}\">\n\t\t\t\t<div class=\"elementor-element elementor-element-3219bac elementor-widget elementor-widget-text-editor\" data-id=\"3219bac\" data-element_type=\"widget\" data-e-type=\"widget\" data-widget_type=\"text-editor.default\">\n\t\t\t\t<div class=\"elementor-widget-container\">\n\t\t\t\t\t\t\t\t\t<h3><strong>Contexto del Arte de la Paya<\/strong><\/h3><p>\u00a0<\/p><p>En Chile, las modalidades de la paya se centran en la improvisaci\u00f3n de versos en d\u00e9cimas. Esta expresi\u00f3n art\u00edstica, generalmente acompa\u00f1ada de una guitarra, se agrupa en dos grandes ramas: el Canto a lo Divino y el Canto a lo Humano. Dentro de estas ramas, las formas m\u00e1s comunes de expresi\u00f3n son el contrapunto y el pie forzado.<\/p>\t\t\t\t\t\t\t\t<\/div>\n\t\t\t\t<\/div>\n\t\t\t\t<\/div>\n\t\t\t\t\t<\/div>\n\t\t\t\t<\/div>\n\t\t<div class=\"elementor-element elementor-element-a928d67 e-flex e-con-boxed e-con e-parent\" data-id=\"a928d67\" data-element_type=\"container\" data-e-type=\"container\" data-settings=\"{&quot;tmea_shape_divider_top&quot;:&quot;none&quot;,&quot;tmea_shape_divider_bottom&quot;:&quot;none&quot;}\">\n\t\t\t\t\t<div class=\"e-con-inner\">\n\t\t<div class=\"elementor-element elementor-element-169bdde e-con-full e-flex e-con e-child\" data-id=\"169bdde\" data-element_type=\"container\" data-e-type=\"container\" data-settings=\"{&quot;tmea_shape_divider_top&quot;:&quot;none&quot;,&quot;tmea_shape_divider_bottom&quot;:&quot;none&quot;}\">\n\t\t\t\t<div class=\"elementor-element elementor-element-5878253 elementor-widget elementor-widget-image\" data-id=\"5878253\" data-element_type=\"widget\" data-e-type=\"widget\" data-widget_type=\"image.default\">\n\t\t\t\t<div class=\"elementor-widget-container\">\n\t\t\t\t\t\t\t\t\t\t\t\t\t\t\t<img loading=\"lazy\" decoding=\"async\" width=\"1024\" height=\"576\" src=\"https:\/\/mportezuelo.cl\/Inicio\/wp-content\/uploads\/2025\/10\/Payador6-1024x576.jpg\" class=\"attachment-large size-large wp-image-10200\" alt=\"\" srcset=\"https:\/\/mportezuelo.cl\/Inicio\/wp-content\/uploads\/2025\/10\/Payador6-1024x576.jpg 1024w, https:\/\/mportezuelo.cl\/Inicio\/wp-content\/uploads\/2025\/10\/Payador6-300x169.jpg 300w, https:\/\/mportezuelo.cl\/Inicio\/wp-content\/uploads\/2025\/10\/Payador6-768x432.jpg 768w, https:\/\/mportezuelo.cl\/Inicio\/wp-content\/uploads\/2025\/10\/Payador6-820x461.jpg 820w, https:\/\/mportezuelo.cl\/Inicio\/wp-content\/uploads\/2025\/10\/Payador6-1170x658.jpg 1170w, https:\/\/mportezuelo.cl\/Inicio\/wp-content\/uploads\/2025\/10\/Payador6-177x100.jpg 177w, https:\/\/mportezuelo.cl\/Inicio\/wp-content\/uploads\/2025\/10\/Payador6.jpg 1280w\" sizes=\"(max-width: 1024px) 100vw, 1024px\" \/>\t\t\t\t\t\t\t\t\t\t\t\t\t\t\t<\/div>\n\t\t\t\t<\/div>\n\t\t\t\t<\/div>\n\t\t<div class=\"elementor-element elementor-element-b83f820 e-con-full e-flex e-con e-child\" data-id=\"b83f820\" data-element_type=\"container\" data-e-type=\"container\" data-settings=\"{&quot;tmea_shape_divider_top&quot;:&quot;none&quot;,&quot;tmea_shape_divider_bottom&quot;:&quot;none&quot;}\">\n\t\t\t\t<div class=\"elementor-element elementor-element-bda89e5 elementor-widget elementor-widget-text-editor\" data-id=\"bda89e5\" data-element_type=\"widget\" data-e-type=\"widget\" data-widget_type=\"text-editor.default\">\n\t\t\t\t<div class=\"elementor-widget-container\">\n\t\t\t\t\t\t\t\t\t<h3><strong>Participantes Destacados<\/strong><\/h3><p>\u00a0<\/p><p>El encuentro nacional de Payadores de Portezuelo cont\u00f3 con la actuaci\u00f3n de renombrados artistas. Entre ellos se encontraban Santos Rubio, Leonel S\u00e1nchez, Francisco Astorga, Sergio Cerpa (el puma de Teno) y Arnoldo Madariaga. Tambi\u00e9n participaron Fernando Y\u00e1\u00f1ez, Mois\u00e9s Chaparro, Luis Ort\u00fazar, Antonio Contreras (el torito) y muchos otros que se sumaron a estas tradiciones en la comuna<\/p>\t\t\t\t\t\t\t\t<\/div>\n\t\t\t\t<\/div>\n\t\t\t\t<\/div>\n\t\t\t\t\t<\/div>\n\t\t\t\t<\/div>\n\t\t<div class=\"elementor-element elementor-element-f91c5da e-flex e-con-boxed e-con e-parent\" data-id=\"f91c5da\" data-element_type=\"container\" data-e-type=\"container\" data-settings=\"{&quot;tmea_shape_divider_top&quot;:&quot;none&quot;,&quot;tmea_shape_divider_bottom&quot;:&quot;none&quot;}\">\n\t\t\t\t\t<div class=\"e-con-inner\">\n\t\t\t\t<div class=\"elementor-element elementor-element-63dd662 elementor-widget elementor-widget-spacer\" data-id=\"63dd662\" data-element_type=\"widget\" data-e-type=\"widget\" data-widget_type=\"spacer.default\">\n\t\t\t\t<div class=\"elementor-widget-container\">\n\t\t\t\t\t\t\t<div class=\"elementor-spacer\">\n\t\t\t<div class=\"elementor-spacer-inner\"><\/div>\n\t\t<\/div>\n\t\t\t\t\t\t<\/div>\n\t\t\t\t<\/div>\n\t\t\t\t\t<\/div>\n\t\t\t\t<\/div>\n\t\t\t\t<\/div>\n\t\t","protected":false},"excerpt":{"rendered":"<p>El Encuentro Nacional de Payadores de Portezuelo es un destacado evento art\u00edstico y religioso que tuvo sus inicios en el mes de julio de 1991.\u00a0 El padre Ricardo Sammon fue el creador intelectual de esta actividad cultural, como tambi\u00e9n lo fue del &#8220;encuentro de ra\u00edces&#8221; en la comuna. Celebrado bajo el lema &#8220;Canto de la [&hellip;]<\/p>\n","protected":false},"author":1,"featured_media":10192,"parent":0,"menu_order":0,"comment_status":"closed","ping_status":"closed","template":"elementor_header_footer","meta":{"_monsterinsights_skip_tracking":false,"_monsterinsights_sitenote_active":false,"_monsterinsights_sitenote_note":"","_monsterinsights_sitenote_category":0,"iawp_total_views":44,"footnotes":""},"class_list":["post-10191","page","type-page","status-publish","has-post-thumbnail","hentry"],"aioseo_notices":[],"_links":{"self":[{"href":"https:\/\/mportezuelo.cl\/Inicio\/wp-json\/wp\/v2\/pages\/10191","targetHints":{"allow":["GET"]}}],"collection":[{"href":"https:\/\/mportezuelo.cl\/Inicio\/wp-json\/wp\/v2\/pages"}],"about":[{"href":"https:\/\/mportezuelo.cl\/Inicio\/wp-json\/wp\/v2\/types\/page"}],"author":[{"embeddable":true,"href":"https:\/\/mportezuelo.cl\/Inicio\/wp-json\/wp\/v2\/users\/1"}],"replies":[{"embeddable":true,"href":"https:\/\/mportezuelo.cl\/Inicio\/wp-json\/wp\/v2\/comments?post=10191"}],"version-history":[{"count":10,"href":"https:\/\/mportezuelo.cl\/Inicio\/wp-json\/wp\/v2\/pages\/10191\/revisions"}],"predecessor-version":[{"id":10226,"href":"https:\/\/mportezuelo.cl\/Inicio\/wp-json\/wp\/v2\/pages\/10191\/revisions\/10226"}],"wp:featuredmedia":[{"embeddable":true,"href":"https:\/\/mportezuelo.cl\/Inicio\/wp-json\/wp\/v2\/media\/10192"}],"wp:attachment":[{"href":"https:\/\/mportezuelo.cl\/Inicio\/wp-json\/wp\/v2\/media?parent=10191"}],"curies":[{"name":"wp","href":"https:\/\/api.w.org\/{rel}","templated":true}]}}